{"id":12880,"date":"2026-02-25T09:50:45","date_gmt":"2026-02-25T09:50:45","guid":{"rendered":"https:\/\/www.scutis.de\/?page_id=12880"},"modified":"2026-02-25T13:19:52","modified_gmt":"2026-02-25T13:19:52","slug":"verfahrensdokumentation","status":"publish","type":"page","link":"https:\/\/www.scutis.de\/index.php\/verfahrensdokumentation\/","title":{"rendered":"Verfahrensdokumentation"},"content":{"rendered":"\t\t<div data-elementor-type=\"wp-page\" data-elementor-id=\"12880\" class=\"elementor elementor-12880\" data-elementor-post-type=\"page\">\n\t\t\t\t<div class=\"elementor-element elementor-element-cc9c6e0 e-flex e-con-boxed e-con e-parent\" data-id=\"cc9c6e0\" data-element_type=\"container\" data-e-type=\"container\">\n\t\t\t\t\t<div class=\"e-con-inner\">\n\t\t<div class=\"elementor-element elementor-element-d40948a e-con-full e-flex e-con e-child\" data-id=\"d40948a\" data-element_type=\"container\" data-e-type=\"container\" data-settings=\"{&quot;background_background&quot;:&quot;classic&quot;}\">\n\t\t\t\t<div class=\"elementor-element elementor-element-708652e elementor-widget elementor-widget-image\" data-id=\"708652e\" data-element_type=\"widget\" data-e-type=\"widget\" data-widget_type=\"image.default\">\n\t\t\t\t<div class=\"elementor-widget-container\">\n\t\t\t\t\t\t\t\t\t\t\t\t\t\t\t<img decoding=\"async\" width=\"1\" height=\"1\" src=\"https:\/\/www.scutis.de\/wp-content\/uploads\/2026\/02\/SCUTIS-WEB-40-1.avif\" class=\"attachment-large size-large wp-image-10700\" alt=\"\" \/>\t\t\t\t\t\t\t\t\t\t\t\t\t\t\t<\/div>\n\t\t\t\t<\/div>\n\t\t\t\t<\/div>\n\t\t<div class=\"elementor-element elementor-element-c6c57c8 e-flex e-con-boxed e-con e-child\" data-id=\"c6c57c8\" data-element_type=\"container\" data-e-type=\"container\" data-settings=\"{&quot;background_background&quot;:&quot;classic&quot;}\">\n\t\t\t\t\t<div class=\"e-con-inner\">\n\t\t\t\t<div class=\"elementor-element elementor-element-eeb62da elementor-widget elementor-widget-text-editor\" data-id=\"eeb62da\" data-element_type=\"widget\" data-e-type=\"widget\" data-widget_type=\"text-editor.default\">\n\t\t\t\t<div class=\"elementor-widget-container\">\n\t\t\t\t\t\t\t\t\t<h1 class=\"text-align-center\" style=\"text-align: center;\"><span style=\"color: #ffffff;\"><strong>Verfahrensdokumentation<\/strong><\/span><\/h1><p class=\"text-align-center\" style=\"text-align: center;\"><span style=\"color: #ffffff;\"><!--block--><\/span><\/p><h2 class=\"text-align-center\" style=\"text-align: center;\"><span style=\"color: #ffffff;\"><!--block--><strong>Kurze Beschreibung<\/strong><\/span><\/h2>\t\t\t\t\t\t\t\t<\/div>\n\t\t\t\t<\/div>\n\t\t\t\t\t<\/div>\n\t\t\t\t<\/div>\n\t\t\t\t\t<\/div>\n\t\t\t\t<\/div>\n\t\t<div class=\"elementor-element elementor-element-fadd33b e-flex e-con-boxed e-con e-parent\" data-id=\"fadd33b\" data-element_type=\"container\" data-e-type=\"container\">\n\t\t\t\t\t<div class=\"e-con-inner\">\n\t\t\t\t<div class=\"elementor-element elementor-element-33ca0f9 elementor-widget elementor-widget-text-editor\" data-id=\"33ca0f9\" data-element_type=\"widget\" data-e-type=\"widget\" data-widget_type=\"text-editor.default\">\n\t\t\t\t<div class=\"elementor-widget-container\">\n\t\t\t\t\t\t\t\t\t<h2>Was ist eine Verfahrensdokmentation<\/h2><p>Eine Verfahrensdokumentation beschreibt detailliert die notwendigen Schritte f\u00fcr steuerrelevante Prozesse oder bestimmte Aufgaben. Sie bildet einen wesentlichen Bestandteil der Grunds\u00e4tze zur ordnungsm\u00e4\u00dfigen F\u00fchrung und Aufbewahrung von B\u00fcchern, Aufzeichnungen und elektronischen Unterlagen sowie zum Datenzugriff (GoBD).<\/p><p>Ihre Funktion besteht darin, als Nachweis zu dienen und die Erf\u00fcllung der Anforderungen des Handelsgesetzbuchs, der Abgabenordnung und der Grunds\u00e4tze der ordnungsm\u00e4\u00dfigen Buchf\u00fchrung sicherzustellen.<\/p><p>Die Verfahrensdokumentation verschafft einen umfassenden \u00dcberblick \u00fcber die digitalen gesch\u00e4ftsrelevanten Prozesse, Daten und Ablagesysteme eines Unternehmens. Im Vorfeld einer Betriebspr\u00fcfung fordert die Finanzverwaltung die Verfahrensdokumentation an, um den Pr\u00fcfern eine effiziente \u00dcberpr\u00fcfung der digitalen Steuerunterlagen zu erm\u00f6glichen. Praktisch dient die Verfahrensdokumentation dem Betriebspr\u00fcfer als Handbuch f\u00fcr das Unternehmen. Gleichzeitig kann auch das Unternehmen selbst von der Verfahrensdokumentation profitieren, indem sie beispielsweise Abl\u00e4ufe und Prozesse optimiert.<\/p><p>Ein integraler Bestandteil einer vollst\u00e4ndigen und korrekten Verfahrensdokumentation ist ein internes Kontrollsystem, das die Einhaltung der Verfahrensanweisungen f\u00fcr den Umgang mit Belegen und Daten \u00fcberwacht und in der Verfahrensdokumentation aufgef\u00fchrt werden muss. Wichtig ist zu betonen, dass eine Verfahrensdokumentation keine einmalige Angelegenheit ist, sondern kontinuierlich aktualisiert und fortgef\u00fchrt werden muss.<\/p><h2 class=\"text-align-center\"><strong>Sicherheit von Anfang an<\/strong><\/h2><p class=\"text-align-center\"><span class=\"qwen-markdown-text\">Gemeinsam mit Ihnen erstellen wir im Rahmen unserer Beratung eine strukturierte, online gest\u00fctzte Bestandsaufnahme. Mithilfe eines formularbasierten Prozesses erfassen wir s\u00e4mtliche relevante Informationen sowie die eingesetzten IT-Systeme, die f\u00fcr eine rechtskonforme Verfahrensdokumentation erforderlich sind.<\/span><\/p><p class=\"text-align-center\"><!--block--><\/p><h2 class=\"text-align-center\"><!--block--><span style=\"color: #000000;\"><strong><em>Sichern Sie sich die Beratung und Unterst\u00fctzung von SCUTIS von Anfang an!<\/em><\/strong>\u00a0<\/span><\/h2>\t\t\t\t\t\t\t\t<\/div>\n\t\t\t\t<\/div>\n\t\t\t\t\t<\/div>\n\t\t\t\t<\/div>\n\t\t\t\t<\/div>\n\t\t","protected":false},"excerpt":{"rendered":"<p>Verfahrensdokumentation Kurze Beschreibung Was ist eine Verfahrensdokmentation Eine Verfahrensdokumentation beschreibt detailliert die notwendigen Schritte f\u00fcr steuerrelevante Prozesse oder bestimmte Aufgaben. Sie bildet einen wesentlichen Bestandteil der Grunds\u00e4tze zur ordnungsm\u00e4\u00dfigen F\u00fchrung und Aufbewahrung von B\u00fcchern, Aufzeichnungen und elektronischen Unterlagen sowie zum Datenzugriff (GoBD). Ihre Funktion besteht darin, als Nachweis zu dienen und die Erf\u00fcllung der Anforderungen&#8230;<\/p>\n","protected":false},"author":1,"featured_media":0,"parent":0,"menu_order":0,"comment_status":"closed","ping_status":"closed","template":"","meta":{"footnotes":""},"class_list":["post-12880","page","type-page","status-publish","hentry"],"_links":{"self":[{"href":"https:\/\/www.scutis.de\/index.php\/wp-json\/wp\/v2\/pages\/12880","targetHints":{"allow":["GET"]}}],"collection":[{"href":"https:\/\/www.scutis.de\/index.php\/wp-json\/wp\/v2\/pages"}],"about":[{"href":"https:\/\/www.scutis.de\/index.php\/wp-json\/wp\/v2\/types\/page"}],"author":[{"embeddable":true,"href":"https:\/\/www.scutis.de\/index.php\/wp-json\/wp\/v2\/users\/1"}],"replies":[{"embeddable":true,"href":"https:\/\/www.scutis.de\/index.php\/wp-json\/wp\/v2\/comments?post=12880"}],"version-history":[{"count":106,"href":"https:\/\/www.scutis.de\/index.php\/wp-json\/wp\/v2\/pages\/12880\/revisions"}],"predecessor-version":[{"id":13154,"href":"https:\/\/www.scutis.de\/index.php\/wp-json\/wp\/v2\/pages\/12880\/revisions\/13154"}],"wp:attachment":[{"href":"https:\/\/www.scutis.de\/index.php\/wp-json\/wp\/v2\/media?parent=12880"}],"curies":[{"name":"wp","href":"https:\/\/api.w.org\/{rel}","templated":true}]}}