{"id":11722,"date":"2026-02-23T09:18:50","date_gmt":"2026-02-23T09:18:50","guid":{"rendered":"https:\/\/www.scutis.de\/?page_id=11722"},"modified":"2026-02-28T15:39:53","modified_gmt":"2026-02-28T15:39:53","slug":"vadok-whistleblow","status":"publish","type":"page","link":"https:\/\/www.scutis.de\/index.php\/vadok-whistleblow\/","title":{"rendered":"VaDok\u00ae Whistleblow"},"content":{"rendered":"\t\t<div data-elementor-type=\"wp-page\" data-elementor-id=\"11722\" class=\"elementor elementor-11722\" data-elementor-post-type=\"page\">\n\t\t\t\t<div class=\"elementor-element elementor-element-a66d21a e-flex e-con-boxed e-con e-parent\" data-id=\"a66d21a\" data-element_type=\"container\" data-e-type=\"container\">\n\t\t\t\t\t<div class=\"e-con-inner\">\n\t\t<div class=\"elementor-element elementor-element-6d345a15 e-con-full e-flex e-con e-child\" data-id=\"6d345a15\" data-element_type=\"container\" data-e-type=\"container\" data-settings=\"{&quot;background_background&quot;:&quot;classic&quot;}\">\n\t\t\t\t<\/div>\n\t\t<div class=\"elementor-element elementor-element-3dfb1de0 e-con-full e-flex e-con e-child\" data-id=\"3dfb1de0\" data-element_type=\"container\" data-e-type=\"container\">\n\t\t<div class=\"elementor-element elementor-element-206e1521 e-con-full e-flex e-con e-child\" data-id=\"206e1521\" data-element_type=\"container\" data-e-type=\"container\">\n\t\t\t\t<div class=\"elementor-element elementor-element-3693bbdd elementor-widget elementor-widget-text-editor\" data-id=\"3693bbdd\" data-element_type=\"widget\" data-e-type=\"widget\" data-widget_type=\"text-editor.default\">\n\t\t\t\t<div class=\"elementor-widget-container\">\n\t\t\t\t\t\t\t\t\t<h1><!--block-->VaDok\u00ae Whistleblow\u00a0<\/h1><p><!--block-->Unser umfassendes Dienstleistungspaket (L\u00f6sung und Service) entlastet Sie von s\u00e4mtlichen Pflichten im Bereich des Hinweisgeberschutzes: Wir etablieren Ihre Berichtsstelle, erstellen ihre Hinweisgeber Policy und notwendigen Dokumentationen, \u00fcberpr\u00fcfen alle eingehenden Hinweise und nehmen nur dann Kontakt zu Ihnen auf, wenn es rechtlich notwendig ist. Mit unserem Angebot reduzieren Sie den Bedarf an eigenem Personal und senken dadurch Ihre Kosten. Konzentrieren Sie sich voll und ganz auf Ihr Hauptgesch\u00e4ft, w\u00e4hrend unser versiertes Team aus Rechts- und IT-Fachleuten sicherstellt, dass Sie den Anforderungen des Hinweisgeberschutzgesetzes (HinSchG) gerecht werden.<\/p>\t\t\t\t\t\t\t\t<\/div>\n\t\t\t\t<\/div>\n\t\t\t\t<\/div>\n\t\t<div class=\"elementor-element elementor-element-1669554 e-con-full e-flex e-con e-child\" data-id=\"1669554\" data-element_type=\"container\" data-e-type=\"container\">\n\t\t\t\t<div class=\"elementor-element elementor-element-db2d310 elementor-widget elementor-widget-text-editor\" data-id=\"db2d310\" data-element_type=\"widget\" data-e-type=\"widget\" data-widget_type=\"text-editor.default\">\n\t\t\t\t<div class=\"elementor-widget-container\">\n\t\t\t\t\t\t\t\t\t<p>Als SCUTIS GmbH sind wir Compliance erfahren, verl\u00e4sslich sowie fokussiert auf gute Ergebnisse und wissen es zu sch\u00e4tzen, mit gro\u00dfartigen Kunden zusammenzuarbeiten.<\/p>\t\t\t\t\t\t\t\t<\/div>\n\t\t\t\t<\/div>\n\t\t\t\t<\/div>\n\t\t<div class=\"elementor-element elementor-element-a757ec3 e-con-full e-flex e-con e-child\" data-id=\"a757ec3\" data-element_type=\"container\" data-e-type=\"container\">\n\t\t\t\t<div class=\"vamtam-has-theme-widget-styles elementor-element elementor-element-9c3c0b0 elementor-align-left elementor-widget elementor-widget-button\" data-id=\"9c3c0b0\" data-element_type=\"widget\" data-e-type=\"widget\" data-widget_type=\"button.default\">\n\t\t\t\t<div class=\"elementor-widget-container\">\n\t\t\t\t\t\t\t\t\t<div class=\"elementor-button-wrapper\">\n\t\t\t\t\t<a class=\"elementor-button elementor-button-link elementor-size-sm\" href=\"https:\/\/www.scutis.de\/index.php\/hinweisgeberschutzgesetz-hinschg\/\" target=\"_blank\" rel=\"nofollow\">\n\t\t\t\t\t\t<span class=\"elementor-button-content-wrapper\">\n\t\t\t\t\t\t\t\t\t<span class=\"elementor-button-text\">Mehr Informationen<\/span>\n\t\t\t\t\t<\/span>\n\t\t\t\t\t<\/a>\n\t\t\t\t<\/div>\n\t\t\t\t\t\t\t\t<\/div>\n\t\t\t\t<\/div>\n\t\t\t\t<\/div>\n\t\t\t\t<\/div>\n\t\t\t\t\t<\/div>\n\t\t\t\t<\/div>\n\t\t<div class=\"elementor-element elementor-element-bbfd7f5 e-con-full e-flex e-con e-parent\" data-id=\"bbfd7f5\" data-element_type=\"container\" data-e-type=\"container\">\n\t\t<div class=\"elementor-element elementor-element-88c341f e-con-full e-flex e-con e-child\" data-id=\"88c341f\" data-element_type=\"container\" data-e-type=\"container\">\n\t\t\t\t<div class=\"elementor-element elementor-element-a7d7dee elementor-widget elementor-widget-heading\" data-id=\"a7d7dee\" data-element_type=\"widget\" data-e-type=\"widget\" data-widget_type=\"heading.default\">\n\t\t\t\t<div class=\"elementor-widget-container\">\n\t\t\t\t\t<h2 class=\"elementor-heading-title elementor-size-default\">L\u00f6sung zum Hinweisgeberschutz -&gt; Kosten<\/h2>\t\t\t\t<\/div>\n\t\t\t\t<\/div>\n\t\t\t\t<\/div>\n\t\t\t\t<div class=\"elementor-element elementor-element-5105d16 elementor--h-position-left elementor--v-position-middle elementor-arrows-position-inside elementor-pagination-position-inside elementor-widget elementor-widget-slides\" data-id=\"5105d16\" data-element_type=\"widget\" data-e-type=\"widget\" data-settings=\"{&quot;navigation&quot;:&quot;both&quot;,&quot;autoplay&quot;:&quot;yes&quot;,&quot;pause_on_hover&quot;:&quot;yes&quot;,&quot;pause_on_interaction&quot;:&quot;yes&quot;,&quot;autoplay_speed&quot;:5000,&quot;infinite&quot;:&quot;yes&quot;,&quot;transition&quot;:&quot;slide&quot;,&quot;transition_speed&quot;:500}\" data-widget_type=\"slides.default\">\n\t\t\t\t<div class=\"elementor-widget-container\">\n\t\t\t\t\t\t\t\t\t<div class=\"elementor-swiper\">\n\t\t\t\t\t<div class=\"elementor-slides-wrapper elementor-main-swiper swiper\" role=\"region\" aria-roledescription=\"carousel\" aria-label=\"Slider\" dir=\"ltr\" data-animation=\"fadeInDown\">\n\t\t\t\t<div class=\"swiper-wrapper elementor-slides\">\n\t\t\t\t\t\t\t\t\t\t<div class=\"elementor-repeater-item-5eb7c78 swiper-slide\" role=\"group\" aria-roledescription=\"slide\"><div class=\"swiper-slide-bg\" role=\"img\" aria-label=\"SCUTIS WEB (49)\"><\/div><a class=\"swiper-slide-inner\" href=\"https:\/\/vadok.de\/vadok-whistleblow\" target=\"_blank\" rel=\"nofollow\"><div class=\"swiper-slide-contents\"><div class=\"elementor-slide-heading\">Aufruf der Hinweiserfassung \u00fcber Ihre Unternehmens-Webseite!<\/div><div  class=\"elementor-button elementor-slide-button elementor-size-sm\">VaDok\u00ae Whistleblow<\/div><\/div><\/a><\/div><div class=\"elementor-repeater-item-d53f93b swiper-slide\" role=\"group\" aria-roledescription=\"slide\"><div class=\"swiper-slide-bg\" role=\"img\" aria-label=\"SCUTIS WEB (24)\"><\/div><a class=\"swiper-slide-inner\" href=\"https:\/\/vadok.de\/vadok-whistleblow\" target=\"_blank\" rel=\"nofollow\"><div class=\"swiper-slide-contents\"><div class=\"elementor-slide-heading\">Wenn der Hinweisgeber es w\u00fcnscht, dann auch 100%ig anonym und sicher.<\/div><div  class=\"elementor-button elementor-slide-button elementor-size-sm\">VaDok\u00ae Whistleblow<\/div><\/div><\/a><\/div><div class=\"elementor-repeater-item-fd3488e swiper-slide\" role=\"group\" aria-roledescription=\"slide\"><div class=\"swiper-slide-bg\" role=\"img\" aria-label=\"SCUTIS WEB (18)\"><\/div><a class=\"swiper-slide-inner\" href=\"https:\/\/vadok.de\/vadok-whistleblow\" target=\"_blank\" rel=\"nofollow\"><div class=\"swiper-slide-contents\"><div class=\"elementor-slide-heading\">Mit der Identifikationsnummer kann der Hinweisgeber seine Meldung immer aufrufen.<\/div><div  class=\"elementor-button elementor-slide-button elementor-size-sm\">VaDok\u00ae Whistleblow<\/div><\/div><\/a><\/div><div class=\"elementor-repeater-item-037da59 swiper-slide\" role=\"group\" aria-roledescription=\"slide\"><div class=\"swiper-slide-bg\" role=\"img\" aria-label=\"SCUTIS WEB (70)\"><\/div><a class=\"swiper-slide-inner\" href=\"https:\/\/vadok.de\/vadok-whistleblow\" target=\"_blank\" rel=\"nofollow\"><div class=\"swiper-slide-contents\"><div class=\"elementor-slide-heading\">Die \u00dcbermittlung des Hinweises wird nach Eingang sofort best\u00e4tigt.<\/div><div  class=\"elementor-button elementor-slide-button elementor-size-sm\">VaDok\u00ae Whistleblow<\/div><\/div><\/a><\/div>\t\t\t\t<\/div>\n\t\t\t\t\t\t\t\t\t\t\t\t\t\t\t<div class=\"elementor-swiper-button elementor-swiper-button-prev\" role=\"button\" tabindex=\"0\" aria-label=\"Vorheriger Slide\">\n\t\t\t\t\t\t\t<i aria-hidden=\"true\" class=\"eicon-chevron-left\"><\/i>\t\t\t\t\t\t<\/div>\n\t\t\t\t\t\t<div class=\"elementor-swiper-button elementor-swiper-button-next\" role=\"button\" tabindex=\"0\" aria-label=\"N\u00e4chster Slide\">\n\t\t\t\t\t\t\t<i aria-hidden=\"true\" class=\"eicon-chevron-right\"><\/i>\t\t\t\t\t\t<\/div>\n\t\t\t\t\t\t\t\t\t\t\t\t\t\t\t\t<div class=\"swiper-pagination\"><\/div>\n\t\t\t\t\t\t\t\t\t\t\t\t<\/div>\n\t\t\t\t<\/div>\n\t\t\t\t\t\t\t\t<\/div>\n\t\t\t\t<\/div>\n\t\t\t\t<\/div>\n\t\t<div class=\"elementor-element elementor-element-2755bcb e-con-full e-flex e-con e-parent\" data-id=\"2755bcb\" data-element_type=\"container\" data-e-type=\"container\">\n\t\t<div class=\"elementor-element elementor-element-ee2edd6 e-con-full e-flex e-con e-child\" data-id=\"ee2edd6\" data-element_type=\"container\" data-e-type=\"container\">\n\t\t\t\t<div class=\"elementor-element elementor-element-8101657 elementor-widget elementor-widget-heading\" data-id=\"8101657\" data-element_type=\"widget\" data-e-type=\"widget\" data-widget_type=\"heading.default\">\n\t\t\t\t<div class=\"elementor-widget-container\">\n\t\t\t\t\t<h2 class=\"elementor-heading-title elementor-size-default\">Die Bearbeitung nach Eingang einer Meldung durch die Meldestelle -&gt; Kosten<\/h2>\t\t\t\t<\/div>\n\t\t\t\t<\/div>\n\t\t\t\t<\/div>\n\t\t\t\t<div class=\"elementor-element elementor-element-1a46f6f elementor--h-position-left elementor--v-position-middle elementor-arrows-position-inside elementor-pagination-position-inside elementor-widget elementor-widget-slides\" data-id=\"1a46f6f\" data-element_type=\"widget\" data-e-type=\"widget\" data-settings=\"{&quot;navigation&quot;:&quot;both&quot;,&quot;autoplay&quot;:&quot;yes&quot;,&quot;pause_on_hover&quot;:&quot;yes&quot;,&quot;pause_on_interaction&quot;:&quot;yes&quot;,&quot;autoplay_speed&quot;:5000,&quot;infinite&quot;:&quot;yes&quot;,&quot;transition&quot;:&quot;slide&quot;,&quot;transition_speed&quot;:500}\" data-widget_type=\"slides.default\">\n\t\t\t\t<div class=\"elementor-widget-container\">\n\t\t\t\t\t\t\t\t\t<div class=\"elementor-swiper\">\n\t\t\t\t\t<div class=\"elementor-slides-wrapper elementor-main-swiper swiper\" role=\"region\" aria-roledescription=\"carousel\" aria-label=\"Slider\" dir=\"ltr\" data-animation=\"fadeInDown\">\n\t\t\t\t<div class=\"swiper-wrapper elementor-slides\">\n\t\t\t\t\t\t\t\t\t\t<div class=\"elementor-repeater-item-5eb7c78 swiper-slide\" role=\"group\" aria-roledescription=\"slide\"><div class=\"swiper-slide-bg\" role=\"img\" aria-label=\"SCUTIS WEB (1)\"><\/div><a class=\"swiper-slide-inner\" href=\"https:\/\/vadok.de\/vadok-whistleblow\" target=\"_blank\" rel=\"nofollow\"><div class=\"swiper-slide-contents\"><div class=\"elementor-slide-heading\">Hinweisbearbeitung und Kommunikation \u00fcber SCUTIS.<\/div><div  class=\"elementor-button elementor-slide-button elementor-size-sm\">VaDok\u00ae Whistleblow<\/div><\/div><\/a><\/div><div class=\"elementor-repeater-item-d53f93b swiper-slide\" role=\"group\" aria-roledescription=\"slide\"><div class=\"swiper-slide-bg\" role=\"img\" aria-label=\"SCUTIS WEB (38)\"><\/div><a class=\"swiper-slide-inner\" href=\"https:\/\/vadok.de\/vadok-whistleblow\" target=\"_blank\" rel=\"nofollow\"><div class=\"swiper-slide-contents\"><div class=\"elementor-slide-heading\">Pr\u00fcfung der Meldung<\/div><div  class=\"elementor-button elementor-slide-button elementor-size-sm\">VaDok\u00ae Whistleblow<\/div><\/div><\/a><\/div><div class=\"elementor-repeater-item-fd3488e swiper-slide\" role=\"group\" aria-roledescription=\"slide\"><div class=\"swiper-slide-bg\" role=\"img\" aria-label=\"SCUTIS WEB (27)\"><\/div><a class=\"swiper-slide-inner\" href=\"https:\/\/vadok.de\/vadok-whistleblow\" target=\"_blank\" rel=\"nofollow\"><div class=\"swiper-slide-contents\"><div class=\"elementor-slide-heading\">Zuordnung der Meldungskategorie<\/div><div  class=\"elementor-button elementor-slide-button elementor-size-sm\">VaDok\u00ae Whistleblow<\/div><\/div><\/a><\/div><div class=\"elementor-repeater-item-037da59 swiper-slide\" role=\"group\" aria-roledescription=\"slide\"><div class=\"swiper-slide-bg\" role=\"img\" aria-label=\"SCUTIS WEB (71)\"><\/div><a class=\"swiper-slide-inner\" href=\"https:\/\/vadok.de\/vadok-whistleblow\" target=\"_blank\" rel=\"nofollow\"><div class=\"swiper-slide-contents\"><div class=\"elementor-slide-heading\">Hinweis ablehnen, annehmen und pr\u00fcfen und ggfs. sofort mit den Nachforschung beginnen<\/div><div  class=\"elementor-button elementor-slide-button elementor-size-sm\">VaDok\u00ae Whistleblow<\/div><\/div><\/a><\/div>\t\t\t\t<\/div>\n\t\t\t\t\t\t\t\t\t\t\t\t\t\t\t<div class=\"elementor-swiper-button elementor-swiper-button-prev\" role=\"button\" tabindex=\"0\" aria-label=\"Vorheriger Slide\">\n\t\t\t\t\t\t\t<i aria-hidden=\"true\" class=\"eicon-chevron-left\"><\/i>\t\t\t\t\t\t<\/div>\n\t\t\t\t\t\t<div class=\"elementor-swiper-button elementor-swiper-button-next\" role=\"button\" tabindex=\"0\" aria-label=\"N\u00e4chster Slide\">\n\t\t\t\t\t\t\t<i aria-hidden=\"true\" class=\"eicon-chevron-right\"><\/i>\t\t\t\t\t\t<\/div>\n\t\t\t\t\t\t\t\t\t\t\t\t\t\t\t\t<div class=\"swiper-pagination\"><\/div>\n\t\t\t\t\t\t\t\t\t\t\t\t<\/div>\n\t\t\t\t<\/div>\n\t\t\t\t\t\t\t\t<\/div>\n\t\t\t\t<\/div>\n\t\t\t\t<\/div>\n\t\t<div class=\"elementor-element elementor-element-ea12d18 e-con-full e-flex e-con e-parent\" data-id=\"ea12d18\" data-element_type=\"container\" data-e-type=\"container\">\n\t\t<div class=\"elementor-element elementor-element-510c443 e-con-full e-flex e-con e-child\" data-id=\"510c443\" data-element_type=\"container\" data-e-type=\"container\">\n\t\t\t\t<div class=\"elementor-element elementor-element-bb17909 elementor-widget elementor-widget-heading\" data-id=\"bb17909\" data-element_type=\"widget\" data-e-type=\"widget\" data-widget_type=\"heading.default\">\n\t\t\t\t<div class=\"elementor-widget-container\">\n\t\t\t\t\t<h2 class=\"elementor-heading-title elementor-size-default\">Die Dokumentation des Hinweisgeberschutz erstellt und gepflegt in VaDok\u00ae<\/h2>\t\t\t\t<\/div>\n\t\t\t\t<\/div>\n\t\t\t\t<\/div>\n\t\t\t\t<div class=\"elementor-element elementor-element-0744c6c elementor--h-position-left elementor--v-position-middle elementor-arrows-position-inside elementor-pagination-position-inside elementor-widget elementor-widget-slides\" data-id=\"0744c6c\" data-element_type=\"widget\" data-e-type=\"widget\" data-settings=\"{&quot;navigation&quot;:&quot;both&quot;,&quot;autoplay&quot;:&quot;yes&quot;,&quot;pause_on_hover&quot;:&quot;yes&quot;,&quot;pause_on_interaction&quot;:&quot;yes&quot;,&quot;autoplay_speed&quot;:5000,&quot;infinite&quot;:&quot;yes&quot;,&quot;transition&quot;:&quot;slide&quot;,&quot;transition_speed&quot;:500}\" data-widget_type=\"slides.default\">\n\t\t\t\t<div class=\"elementor-widget-container\">\n\t\t\t\t\t\t\t\t\t<div class=\"elementor-swiper\">\n\t\t\t\t\t<div class=\"elementor-slides-wrapper elementor-main-swiper swiper\" role=\"region\" aria-roledescription=\"carousel\" aria-label=\"Slider\" dir=\"ltr\" data-animation=\"fadeInDown\">\n\t\t\t\t<div class=\"swiper-wrapper elementor-slides\">\n\t\t\t\t\t\t\t\t\t\t<div class=\"elementor-repeater-item-5eb7c78 swiper-slide\" role=\"group\" aria-roledescription=\"slide\"><div class=\"swiper-slide-bg\" role=\"img\" aria-label=\"SCUTIS WEB (9)\"><\/div><div class=\"swiper-slide-inner\" ><div class=\"swiper-slide-contents\"><div class=\"elementor-slide-heading\">Die Dokumentation und die Archivierung der Meldef\u00e4lle erfolgt in VaDok\u00ae.<\/div><div  class=\"elementor-button elementor-slide-button elementor-size-sm\">VaDok\u00ae Whistleblow<\/div><\/div><\/div><\/div><div class=\"elementor-repeater-item-d216bff swiper-slide\" role=\"group\" aria-roledescription=\"slide\"><div class=\"swiper-slide-bg\" role=\"img\" aria-label=\"SCUTIS WEB (9)\"><\/div><div class=\"swiper-slide-inner\" ><div class=\"swiper-slide-contents\"><div class=\"elementor-slide-heading\">Die Dokumentation und die Archivierung der Meldef\u00e4lle erfolgt in VaDok\u00ae.<\/div><div  class=\"elementor-button elementor-slide-button elementor-size-sm\">VaDok\u00ae Whistleblow<\/div><\/div><\/div><\/div>\t\t\t\t<\/div>\n\t\t\t\t\t\t\t\t\t\t\t\t\t\t\t<div class=\"elementor-swiper-button elementor-swiper-button-prev\" role=\"button\" tabindex=\"0\" aria-label=\"Vorheriger Slide\">\n\t\t\t\t\t\t\t<i aria-hidden=\"true\" class=\"eicon-chevron-left\"><\/i>\t\t\t\t\t\t<\/div>\n\t\t\t\t\t\t<div class=\"elementor-swiper-button elementor-swiper-button-next\" role=\"button\" tabindex=\"0\" aria-label=\"N\u00e4chster Slide\">\n\t\t\t\t\t\t\t<i aria-hidden=\"true\" class=\"eicon-chevron-right\"><\/i>\t\t\t\t\t\t<\/div>\n\t\t\t\t\t\t\t\t\t\t\t\t\t\t\t\t<div class=\"swiper-pagination\"><\/div>\n\t\t\t\t\t\t\t\t\t\t\t\t<\/div>\n\t\t\t\t<\/div>\n\t\t\t\t\t\t\t\t<\/div>\n\t\t\t\t<\/div>\n\t\t\t\t<\/div>\n\t\t<div class=\"elementor-element elementor-element-778c5f6f e-grid e-con-boxed e-con e-parent\" data-id=\"778c5f6f\" data-element_type=\"container\" data-e-type=\"container\" data-settings=\"{&quot;background_background&quot;:&quot;classic&quot;}\">\n\t\t\t\t\t<div class=\"e-con-inner\">\n\t\t\t\t<div class=\"elementor-element elementor-element-35be3d85 elementor-widget elementor-widget-text-editor\" data-id=\"35be3d85\" data-element_type=\"widget\" data-e-type=\"widget\" data-widget_type=\"text-editor.default\">\n\t\t\t\t<div class=\"elementor-widget-container\">\n\t\t\t\t\t\t\t\t\t<p><!--block--><span style=\"color: #000000;\">Lassen Sie uns miteinander sprechen<\/span><\/p><h5><span style=\"color: #000000;\"><!--block-->Wir m\u00f6chten Ihnen unseren Service in einem kurzen Videocall gerne einmal vorstellen. Vereinbaren Sie doch einfach mit wenigen Klicks einen f\u00fcr Sie passenden Termin. Wir freuen uns auf das Gespr\u00e4ch mit Ihnen.<\/span><\/h5>\t\t\t\t\t\t\t\t<\/div>\n\t\t\t\t<\/div>\n\t\t\t\t<div class=\"vamtam-has-theme-widget-styles elementor-element elementor-element-239efe8f elementor-align-center elementor-widget elementor-widget-button\" data-id=\"239efe8f\" data-element_type=\"widget\" data-e-type=\"widget\" data-widget_type=\"button.default\">\n\t\t\t\t<div class=\"elementor-widget-container\">\n\t\t\t\t\t\t\t\t\t<div class=\"elementor-button-wrapper\">\n\t\t\t\t\t<a class=\"elementor-button elementor-button-link elementor-size-sm\" href=\"https:\/\/www.scutis.de\/index.php\/kontakt\/\" target=\"_blank\" rel=\"nofollow\">\n\t\t\t\t\t\t<span class=\"elementor-button-content-wrapper\">\n\t\t\t\t\t\t\t\t\t<span class=\"elementor-button-text\">Erstgespr\u00e4ch vereinbaren<\/span>\n\t\t\t\t\t<\/span>\n\t\t\t\t\t<\/a>\n\t\t\t\t<\/div>\n\t\t\t\t\t\t\t\t<\/div>\n\t\t\t\t<\/div>\n\t\t\t\t\t<\/div>\n\t\t\t\t<\/div>\n\t\t<div class=\"elementor-element elementor-element-69386b5e e-grid e-con-full e-con e-child\" data-id=\"69386b5e\" data-element_type=\"container\" data-e-type=\"container\" data-settings=\"{&quot;background_background&quot;:&quot;gradient&quot;}\">\n\t\t\t\t<div class=\"elementor-element elementor-element-5c65b9a3 elementor-widget elementor-widget-text-editor\" data-id=\"5c65b9a3\" data-element_type=\"widget\" data-e-type=\"widget\" data-widget_type=\"text-editor.default\">\n\t\t\t\t<div class=\"elementor-widget-container\">\n\t\t\t\t\t\t\t\t\t<h2 class=\"text-align-center\" style=\"text-align: center;\"><!--block--><span style=\"color: #ffffff;\">Wir freuen uns auf gute Zusammenarbeit<\/span><\/h2><h6 class=\"text-align-center\"><span style=\"color: #ffffff;\"><!--block-->Melden Sie sich bei uns und wir finden gemeinsam heraus, wie wir Sie gezielt nach ihren Bed\u00fcrfnissen unterst\u00fctzen k\u00f6nnen.<\/span><\/h6>\t\t\t\t\t\t\t\t<\/div>\n\t\t\t\t<\/div>\n\t\t\t\t<div class=\"vamtam-has-theme-widget-styles elementor-element elementor-element-56496fb6 elementor-align-center elementor-widget elementor-widget-button\" data-id=\"56496fb6\" data-element_type=\"widget\" data-e-type=\"widget\" data-widget_type=\"button.default\">\n\t\t\t\t<div class=\"elementor-widget-container\">\n\t\t\t\t\t\t\t\t\t<div class=\"elementor-button-wrapper\">\n\t\t\t\t\t<a class=\"elementor-button elementor-button-link elementor-size-sm\" href=\"https:\/\/www.scutis.de\/index.php\/kontakt\/\" target=\"_blank\" rel=\"nofollow\">\n\t\t\t\t\t\t<span class=\"elementor-button-content-wrapper\">\n\t\t\t\t\t\t\t\t\t<span class=\"elementor-button-text\">Kontaktieren Sie uns<\/span>\n\t\t\t\t\t<\/span>\n\t\t\t\t\t<\/a>\n\t\t\t\t<\/div>\n\t\t\t\t\t\t\t\t<\/div>\n\t\t\t\t<\/div>\n\t\t\t\t<\/div>\n\t\t\t\t<\/div>\n\t\t","protected":false},"excerpt":{"rendered":"<p>VaDok\u00ae Whistleblow\u00a0 Unser umfassendes Dienstleistungspaket (L\u00f6sung und Service) entlastet Sie von s\u00e4mtlichen Pflichten im Bereich des Hinweisgeberschutzes: Wir etablieren Ihre Berichtsstelle, erstellen ihre Hinweisgeber Policy und notwendigen Dokumentationen, \u00fcberpr\u00fcfen alle eingehenden Hinweise und nehmen nur dann Kontakt zu Ihnen auf, wenn es rechtlich notwendig ist. Mit unserem Angebot reduzieren Sie den Bedarf an eigenem Personal&#8230;<\/p>\n","protected":false},"author":1,"featured_media":0,"parent":0,"menu_order":0,"comment_status":"closed","ping_status":"closed","template":"","meta":{"footnotes":""},"class_list":["post-11722","page","type-page","status-publish","hentry"],"_links":{"self":[{"href":"https:\/\/www.scutis.de\/index.php\/wp-json\/wp\/v2\/pages\/11722","targetHints":{"allow":["GET"]}}],"collection":[{"href":"https:\/\/www.scutis.de\/index.php\/wp-json\/wp\/v2\/pages"}],"about":[{"href":"https:\/\/www.scutis.de\/index.php\/wp-json\/wp\/v2\/types\/page"}],"author":[{"embeddable":true,"href":"https:\/\/www.scutis.de\/index.php\/wp-json\/wp\/v2\/users\/1"}],"replies":[{"embeddable":true,"href":"https:\/\/www.scutis.de\/index.php\/wp-json\/wp\/v2\/comments?post=11722"}],"version-history":[{"count":82,"href":"https:\/\/www.scutis.de\/index.php\/wp-json\/wp\/v2\/pages\/11722\/revisions"}],"predecessor-version":[{"id":14341,"href":"https:\/\/www.scutis.de\/index.php\/wp-json\/wp\/v2\/pages\/11722\/revisions\/14341"}],"wp:attachment":[{"href":"https:\/\/www.scutis.de\/index.php\/wp-json\/wp\/v2\/media?parent=11722"}],"curies":[{"name":"wp","href":"https:\/\/api.w.org\/{rel}","templated":true}]}}