{"id":11596,"date":"2026-02-22T18:24:13","date_gmt":"2026-02-22T18:24:13","guid":{"rendered":"https:\/\/www.scutis.de\/?page_id=11596"},"modified":"2026-02-28T16:29:58","modified_gmt":"2026-02-28T16:29:58","slug":"iso-iec-27001-zertifizierung","status":"publish","type":"page","link":"https:\/\/www.scutis.de\/index.php\/iso-iec-27001-zertifizierung\/","title":{"rendered":"ISO\/IEC 27001 Zertifizierung"},"content":{"rendered":"\t\t<div data-elementor-type=\"wp-page\" data-elementor-id=\"11596\" class=\"elementor elementor-11596\" data-elementor-post-type=\"page\">\n\t\t\t\t<div class=\"elementor-element elementor-element-5484905d e-flex e-con-boxed e-con e-parent\" data-id=\"5484905d\" data-element_type=\"container\" data-e-type=\"container\" data-settings=\"{&quot;background_background&quot;:&quot;classic&quot;}\">\n\t\t\t\t\t<div class=\"e-con-inner\">\n\t\t<div class=\"elementor-element elementor-element-3856d141 e-con-full e-flex e-con e-child\" data-id=\"3856d141\" data-element_type=\"container\" data-e-type=\"container\" data-settings=\"{&quot;background_background&quot;:&quot;classic&quot;}\">\n\t\t\t\t<\/div>\n\t\t<div class=\"elementor-element elementor-element-712bcce1 e-con-full e-flex e-con e-child\" data-id=\"712bcce1\" data-element_type=\"container\" data-e-type=\"container\">\n\t\t<div class=\"elementor-element elementor-element-498bc635 e-con-full e-flex e-con e-child\" data-id=\"498bc635\" data-element_type=\"container\" data-e-type=\"container\">\n\t\t\t\t<div class=\"elementor-element elementor-element-7e1221e elementor-widget elementor-widget-text-editor\" data-id=\"7e1221e\" data-element_type=\"widget\" data-e-type=\"widget\" data-widget_type=\"text-editor.default\">\n\t\t\t\t<div class=\"elementor-widget-container\">\n\t\t\t\t\t\t\t\t\t<h1><!--block--><strong>ISO 27001 Zertifizierung einfach erkl\u00e4rt<\/strong><\/h1><p><!--block-->Die ISO 27001 ist ein international anerkannter Standard, der Unternehmen dabei unterst\u00fctzt, die Sicherheit sensibler Informationen zu gew\u00e4hrleisten. Sie geh\u00f6rt zur Normenfamilie ISO\/IEC 27000, die sich auf den Schutz von Daten wie Finanzinformationen, Mitarbeiterdaten, geistigem Eigentum oder vertraulichen Kundendaten konzentriert.<\/p><p><!--block--><\/p>\t\t\t\t\t\t\t\t<\/div>\n\t\t\t\t<\/div>\n\t\t\t\t<div class=\"vamtam-has-theme-widget-styles elementor-element elementor-element-2287bfb elementor-align-left elementor-widget elementor-widget-button\" data-id=\"2287bfb\" data-element_type=\"widget\" data-e-type=\"widget\" data-widget_type=\"button.default\">\n\t\t\t\t<div class=\"elementor-widget-container\">\n\t\t\t\t\t\t\t\t\t<div class=\"elementor-button-wrapper\">\n\t\t\t\t\t<a class=\"elementor-button elementor-button-link elementor-size-sm\" href=\"https:\/\/www.scutis.de\/index.php\/kontakt\/\" target=\"_blank\" rel=\"nofollow\">\n\t\t\t\t\t\t<span class=\"elementor-button-content-wrapper\">\n\t\t\t\t\t\t\t\t\t<span class=\"elementor-button-text\">Mehr Information<\/span>\n\t\t\t\t\t<\/span>\n\t\t\t\t\t<\/a>\n\t\t\t\t<\/div>\n\t\t\t\t\t\t\t\t<\/div>\n\t\t\t\t<\/div>\n\t\t\t\t<\/div>\n\t\t\t\t<\/div>\n\t\t\t\t\t<\/div>\n\t\t\t\t<\/div>\n\t\t<div class=\"elementor-element elementor-element-f666cc5 e-flex e-con-boxed e-con e-parent\" data-id=\"f666cc5\" data-element_type=\"container\" data-e-type=\"container\">\n\t\t\t\t\t<div class=\"e-con-inner\">\n\t\t\t\t<div class=\"elementor-element elementor-element-2e6f360 elementor-widget elementor-widget-text-editor\" data-id=\"2e6f360\" data-element_type=\"widget\" data-e-type=\"widget\" data-widget_type=\"text-editor.default\">\n\t\t\t\t<div class=\"elementor-widget-container\">\n\t\t\t\t\t\t\t\t\t<h2 style=\"text-align: center;\"><!--block-->Mit der ISO 27001-Zertifizierung k\u00f6nnen Sie das Vertrauen <br \/>Ihrer Kunden, Partner und Mitarbeiter st\u00e4rken!<\/h2>\t\t\t\t\t\t\t\t<\/div>\n\t\t\t\t<\/div>\n\t\t\t\t\t<\/div>\n\t\t\t\t<\/div>\n\t\t<div class=\"elementor-element elementor-element-280d2c40 e-flex e-con-boxed e-con e-parent\" data-id=\"280d2c40\" data-element_type=\"container\" data-e-type=\"container\">\n\t\t\t\t\t<div class=\"e-con-inner\">\n\t\t<div class=\"elementor-element elementor-element-17e6ceaa e-con-full e-flex e-con e-child\" data-id=\"17e6ceaa\" data-element_type=\"container\" data-e-type=\"container\">\n\t\t\t\t<div class=\"elementor-element elementor-element-5d87697 elementor-widget elementor-widget-image\" data-id=\"5d87697\" data-element_type=\"widget\" data-e-type=\"widget\" data-widget_type=\"image.default\">\n\t\t\t\t<div class=\"elementor-widget-container\">\n\t\t\t\t\t\t\t\t\t\t\t\t\t\t\t<img decoding=\"async\" src=\"https:\/\/www.scutis.de\/wp-content\/uploads\/2026\/02\/SCUTIS-WEB-36-1.avif\" class=\"attachment-full size-full wp-image-10692\" alt=\"\" \/>\t\t\t\t\t\t\t\t\t\t\t\t\t\t\t<\/div>\n\t\t\t\t<\/div>\n\t\t\t\t<\/div>\n\t\t<div class=\"elementor-element elementor-element-45a9af4c e-con-full e-flex e-con e-child\" data-id=\"45a9af4c\" data-element_type=\"container\" data-e-type=\"container\">\n\t\t\t\t<div class=\"elementor-element elementor-element-16ff1d2d elementor-widget elementor-widget-image\" data-id=\"16ff1d2d\" data-element_type=\"widget\" data-e-type=\"widget\" data-widget_type=\"image.default\">\n\t\t\t\t<div class=\"elementor-widget-container\">\n\t\t\t\t\t\t\t\t\t\t\t\t\t\t\t<img decoding=\"async\" width=\"1\" height=\"1\" src=\"https:\/\/www.scutis.de\/wp-content\/uploads\/2026\/02\/SCUTIS-WEB-39-1.avif\" class=\"attachment-large size-large wp-image-10698\" alt=\"\" \/>\t\t\t\t\t\t\t\t\t\t\t\t\t\t\t<\/div>\n\t\t\t\t<\/div>\n\t\t\t\t<\/div>\n\t\t<div class=\"elementor-element elementor-element-4dcc4e80 e-con-full e-flex e-con e-child\" data-id=\"4dcc4e80\" data-element_type=\"container\" data-e-type=\"container\">\n\t\t\t\t<div class=\"elementor-element elementor-element-15464285 elementor-widget elementor-widget-image\" data-id=\"15464285\" data-element_type=\"widget\" data-e-type=\"widget\" data-widget_type=\"image.default\">\n\t\t\t\t<div class=\"elementor-widget-container\">\n\t\t\t\t\t\t\t\t\t\t\t\t\t\t\t<img fetchpriority=\"high\" decoding=\"async\" width=\"800\" height=\"266\" src=\"https:\/\/www.scutis.de\/wp-content\/uploads\/2026\/02\/SCUTIS-WEB-57.avif\" class=\"attachment-large size-large wp-image-11553\" alt=\"\" \/>\t\t\t\t\t\t\t\t\t\t\t\t\t\t\t<\/div>\n\t\t\t\t<\/div>\n\t\t\t\t<\/div>\n\t\t\t\t\t<\/div>\n\t\t\t\t<\/div>\n\t\t<div class=\"elementor-element elementor-element-4db38229 e-flex e-con-boxed e-con e-parent\" data-id=\"4db38229\" data-element_type=\"container\" data-e-type=\"container\">\n\t\t\t\t\t<div class=\"e-con-inner\">\n\t\t<div class=\"elementor-element elementor-element-2ac3ce05 e-con-full e-flex e-con e-child\" data-id=\"2ac3ce05\" data-element_type=\"container\" data-e-type=\"container\">\n\t\t\t\t<div class=\"elementor-element elementor-element-f09c8a6 elementor-widget elementor-widget-text-editor\" data-id=\"f09c8a6\" data-element_type=\"widget\" data-e-type=\"widget\" data-widget_type=\"text-editor.default\">\n\t\t\t\t<div class=\"elementor-widget-container\">\n\t\t\t\t\t\t\t\t\t<h2><!--block--><strong>Was bedeutet das konkret?<\/strong><\/h2><h3>Informationssicherheits-Managementsystem (ISMS)<\/h3><p>Das ist ein Rahmenwerk, das Verfahren und Regeln innerhalb einer Organisation festlegt und dokumentiert, also ein System, das in Unternehmen eingerichtet wird, um die Sicherheit von Informationen zu gew\u00e4hrleisten. Es hilft, Risiken zu erkennen, zu steuern und zu reduzieren, um Daten vor Verlust, Diebstahl oder Missbrauch zu sch\u00fctzen.\u00a0<\/p><p><!--block-->Die internationale Norm ISO 27001, gibt klare Vorgaben f\u00fcr die Einf\u00fchrung und st\u00e4ndige Verbesserung eines solchen Systems. Dazu geh\u00f6ren Aspekte wie Risikomanagement, Sicherheitsrichtlinien, Schulungen und regelm\u00e4\u00dfige \u00dcberpr\u00fcfungen. Das Ziel ist, die Vertraulichkeit, Integrit\u00e4t und Verf\u00fcgbarkeit von Informationen zu sichern.\u00a0<\/p><p><!--block--><\/p><h3><!--block-->Beispiele:<\/h3><ul><li><!--block--><strong>Personen:<\/strong> Es wird sichergestellt, dass nur autorisierte Mitarbeiter auf sensible Informationen zugreifen d\u00fcrfen.<\/li><li><!--block--><strong>IT-Systeme:<\/strong> Ma\u00dfnahmen wie Firewalls, regelm\u00e4\u00dfige Updates und Backups verhindern Cyberangriffe und Datenverluste.<\/li><li><!--block--><strong>Prozesse:<\/strong> Festgelegte Abl\u00e4ufe regeln, wie Mitarbeiter sicher mit Daten umgehen, z. B. Passwortrichtlinien oder die Verschl\u00fcsselung von E-Mails.<\/li><li><!--block--><strong>Standorte:<\/strong> Sicherheitsma\u00dfnahmen wie Zugangskontrollen in B\u00fcros oder Serverr\u00e4umen sch\u00fctzen vor unbefugtem Zutritt.<\/li><\/ul><p><!--block--><\/p>\t\t\t\t\t\t\t\t<\/div>\n\t\t\t\t<\/div>\n\t\t\t\t<\/div>\n\t\t<div class=\"elementor-element elementor-element-4a9d8a5f e-con-full e-flex e-con e-child\" data-id=\"4a9d8a5f\" data-element_type=\"container\" data-e-type=\"container\">\n\t\t\t\t<div class=\"elementor-element elementor-element-360dfad6 elementor-widget elementor-widget-text-editor\" data-id=\"360dfad6\" data-element_type=\"widget\" data-e-type=\"widget\" data-widget_type=\"text-editor.default\">\n\t\t\t\t<div class=\"elementor-widget-container\">\n\t\t\t\t\t\t\t\t\t<h2><!--block--><strong>Warum ist ISO 27001 wichtig?<\/strong><\/h2><h3><!--block-->Risiken erkennen<br \/><br \/><\/h3><p><!--block-->\u00a0Ein ISMS hilft Unternehmen, Risiken zu erkennen und zu minimieren, bevor sie zu Problemen werden.\u00a0<br \/>Zum Beispiel k\u00f6nnte ein gestohlenes Laptop ohne ISMS zum Verlust sensibler Kundendaten f\u00fchren.\u00a0<br \/>Mit ISO 27001 werden solche Risiken im Vorfeld analysiert und Schutzma\u00dfnahmen wie Verschl\u00fcsselung oder Zugriffsregeln eingef\u00fchrt. Dies tr\u00e4gt dazu bei, Sicherheitsl\u00fccken und Schwachstellen zu identifizieren, IT-Risiken und Sch\u00e4den zu minimieren, kostspielige Sicherheitsverletzungen sowie Datenmissbrauch zu vermeiden.\u00a0<br \/>Zudem st\u00e4rkt es das Vertrauen von Kunden und Partnern, verbessert das Unternehmensimage, reduziert Haftungsrisiken und unterst\u00fctzt die Einhaltung von Standards und Vorschriften wie der DSGVO.\u00a0<\/p><h3><!--block-->Gesetzliche Vorgaben und regulatorische Anforderungen &amp; Erwartungen von Stakeholdern \u00a0<\/h3><ul><li><!--block--><a href=\"https:\/\/www.bsi.bund.de\/DE\/Das-BSI\/Auftrag\/Gesetze-und-Verordnungen\/BSI-Gesetz\/bsi-gesetz_node.html\" target=\"_blank\" rel=\"noopener\">\u00a78a BSIG<\/a> \u2013 Kritische Infrastrukturen\u00a0<\/li><li><!--block-->\u00a711 1a \/ 1b <a href=\"https:\/\/www.datenschutz-cert.de\/leistungen\/it-sicherheitskatalog\" target=\"_blank\" rel=\"noopener\">IT-Sicherheitskatalog<\/a><\/li><li><!--block-->\u00a7 165 <a href=\"https:\/\/www.gesetze-im-internet.de\/tkg_2021\/__165.html\" target=\"_blank\" rel=\"noopener\">TKG<\/a><\/li><li><!--block-->Vorgaben der BaFin (<a href=\"https:\/\/www.bafin.de\/DE\/Aufsicht\/DORA\/DORA_node.html\" target=\"_blank\" rel=\"noopener\">DORA<\/a> usw.)<\/li><li><!--block--><a href=\"https:\/\/www.bsi.bund.de\/DE\/Das-BSI\/Auftrag\/Gesetze-und-Verordnungen\/NIS-Richtlinien\/nis-richtlinie_node.html\" target=\"_blank\" rel=\"noopener\">NIS2<\/a><\/li><li><!--block--><a href=\"https:\/\/dsgvo-gesetz.de\/art-32-dsgvo\/\" target=\"_blank\" rel=\"noopener\">Art. 32 DSGVO<\/a>\u00a0<\/li><\/ul><p><!--block-->\u00a0<\/p><h3><!--block-->Haftungsminimierung \/ Nachweispflicht<\/h3><ul><li><!--block--><a href=\"https:\/\/www.gesetze-im-internet.de\/gmbhg\/__43.html\" target=\"_blank\" rel=\"noopener\">\u00a7 43 GmbHG<\/a><\/li><li><!--block--><a href=\"https:\/\/www.gesetze-im-internet.de\/starug\/BJNR325610020.html\" target=\"_blank\" rel=\"noopener\"><em>S<\/em>taRuG<\/a>\u00a0<\/li><\/ul><p><!--block-->\u00a0<\/p><h3><!--block-->Verbindung zum Datenschutz<\/h3><p><!--block-->ISO 27001 bildet au\u00dferdem eine wichtige Grundlage f\u00fcr den Datenschutz. Viele der Ma\u00dfnahmen, die f\u00fcr den Schutz von Informationen gelten, decken sich mit den Anforderungen der Datenschutz-Grundverordnung (DSGVO). So sorgt ein ISMS nicht nur f\u00fcr Datensicherheit, sondern unterst\u00fctzt gleichzeitig die Einhaltung rechtlicher Vorgaben.\u00a0<\/p>\t\t\t\t\t\t\t\t<\/div>\n\t\t\t\t<\/div>\n\t\t\t\t<\/div>\n\t\t<div class=\"elementor-element elementor-element-45448ea5 e-con-full e-flex e-con e-child\" data-id=\"45448ea5\" data-element_type=\"container\" data-e-type=\"container\">\n\t\t\t\t<div class=\"elementor-element elementor-element-216a6c19 elementor-widget elementor-widget-text-editor\" data-id=\"216a6c19\" data-element_type=\"widget\" data-e-type=\"widget\" data-widget_type=\"text-editor.default\">\n\t\t\t\t<div class=\"elementor-widget-container\">\n\t\t\t\t\t\t\t\t\t<h2><strong>Die Schritte zur ISO 27001<\/strong><\/h2><h3>Zertifizierung einfach erkl\u00e4rt<br \/><br \/><\/h3><p><!--block-->Um Ihr Unternehmen auf die Zertifizierung nach ISO 27001 vorzubereiten, werden f\u00fcnf wesentliche Schritte durchlaufen.\u00a0<br \/>Diese Schritte helfen Ihnen, die Informationssicherheit systematisch zu verbessern und eine Zertifizierung erfolgreich zu erreichen.<\/p><p><!--block--><\/p><h3><!--block-->Schritt 1 \u2013 Workshop und Bestandsaufnahme<\/h3><p><!--block-->Zun\u00e4chst wird der aktuelle Stand der Informationssicherheit in Ihrem Unternehmen gepr\u00fcft (<a href=\"https:\/\/de.wikipedia.org\/wiki\/Gap-Analyse\" target=\"_blank\" rel=\"noopener\">GAP-Analyse<\/a>).\u00a0<br \/>Dies geschieht durch Gespr\u00e4che, eine Sichtung vorhandener Unterlagen und eine Besichtigung Ihrer IT- und Sicherheitsinfrastruktur.<\/p><p><!--block--><\/p><p><!--block--><strong>Ergebnisse:<\/strong><\/p><ul><li><!--block-->Eine Einsch\u00e4tzung, wie gut Ihr Unternehmen im Hinblick auf Informationssicherheit aufgestellt ist.<\/li><li><!--block-->Eine Liste mit Schwachstellen und Abweichungen von den Anforderungen der ISO 27001.<\/li><li><!--block-->Ein \u00dcberblick \u00fcber die Zeit und den Aufwand, die bis zur Zertifizierung n\u00f6tig sind.<\/li><\/ul><p><!--block--><\/p><h3><!--block-->Schritt 2 \u2013 Aufbau eines Informationssicherheitsmanagementsystems (<a href=\"https:\/\/de.wikipedia.org\/wiki\/Information_Security_Management_System\" target=\"_blank\" rel=\"noopener\">ISMS<\/a>)<\/h3><p><!--block-->Ein ISMS gem\u00e4\u00df ISO 27001 umfasst alle Ma\u00dfnahmen, die zur Sicherung von Informationen notwendig sind.\u00a0<br \/>Es besteht aus<\/p><ul><li><!--block-->den <strong>Prozessen &#8211;<\/strong> klare Abl\u00e4ufe, wie z. B. der Umgang mit Sicherheitsvorf\u00e4llen,<\/li><li><!--block-->den <strong>Verfahren und Regeln &#8211;<\/strong> Vorgaben, wie Mitarbeitende mit Daten sicher umgehen sollen,<\/li><li><!--block-->den <strong>technischen Ma\u00dfnahmen &#8211;<\/strong> Schutzeinrichtungen wie Firewalls oder Zugangskontrollen und\u00a0<\/li><li><!--block-->der <strong>Dokumentation &#8211;<\/strong> Aufzeichnungen, die die Einhaltung der Sicherheitsvorgaben belegen.<\/li><\/ul><p><!--block--><\/p><h3><!--block-->Schritt 3 \u2013 Pflege und Weiterentwicklung des ISMS<\/h3><p><!--block-->Ein ISMS funktioniert nur, wenn es im Alltag gelebt wird. Bis Ihr Unternehmen zertifiziert werden kann, dauert es in der Regel mindestens 9 Monate, da die Prozesse stabil laufen m\u00fcssen. Nach der Einf\u00fchrung wird das ISMS regelm\u00e4\u00dfig angepasst und verbessert, um neuen Herausforderungen gerecht zu werden.<\/p><p><!--block--><\/p><h3><!--block-->Schritt 4 \u2013 Durchf\u00fchrung interner Audits<\/h3><p><!--block-->Die ISO 27001 fordert regelm\u00e4\u00dfige interne Audits. Dabei pr\u00fcfen unabh\u00e4ngige Fachleute, ob alle Vorgaben eingehalten werden und wo noch Verbesserungen m\u00f6glich sind.<\/p><p><!--block--><\/p><h3><!--block-->Schritt 5 \u2013 Zertifizierung<\/h3><p><!--block-->Die eigentliche Zertifizierung erfolgt durch eine unabh\u00e4ngige Stelle, wie z. B.\u00a0 DEUZERT, T\u00dcV, DQS oder DEKRA. Nach erfolgreichem Abschluss gilt die Zertifizierung f\u00fcr drei Jahre, wobei j\u00e4hrliche \u00dcberpr\u00fcfungen (\u00dcberwachungsaudits) durchgef\u00fchrt werden, um sicherzustellen, dass alle Standards weiterhin eingehalten werden.<\/p><p><!--block--><\/p><p><!--block-->Mit diesen Schritten zeigen Sie, dass Ihr Unternehmen den Schutz sensibler Informationen ernst nimmt und professionell umsetzt.\u00a0<\/p><p><!--block--><\/p><p><!--block--><\/p>\t\t\t\t\t\t\t\t<\/div>\n\t\t\t\t<\/div>\n\t\t\t\t<\/div>\n\t\t\t\t\t<\/div>\n\t\t\t\t<\/div>\n\t\t<div class=\"elementor-element elementor-element-7c5dd35 e-grid e-con-boxed e-con e-parent\" data-id=\"7c5dd35\" data-element_type=\"container\" data-e-type=\"container\" data-settings=\"{&quot;background_background&quot;:&quot;classic&quot;}\">\n\t\t\t\t\t<div class=\"e-con-inner\">\n\t\t\t\t<div class=\"elementor-element elementor-element-7cfd574d elementor-widget elementor-widget-text-editor\" data-id=\"7cfd574d\" data-element_type=\"widget\" data-e-type=\"widget\" data-widget_type=\"text-editor.default\">\n\t\t\t\t<div class=\"elementor-widget-container\">\n\t\t\t\t\t\t\t\t\t<p><!--block--><span style=\"color: #000000;\">Lassen Sie uns miteinander sprechen<\/span><\/p><h5><span style=\"color: #000000;\"><!--block-->Wir m\u00f6chten Ihnen unseren Service in einem kurzen Videocall gerne einmal vorstellen. Vereinbaren Sie doch einfach mit wenigen Klicks einen f\u00fcr Sie passenden Termin. Wir freuen uns auf das Gespr\u00e4ch mit Ihnen.<\/span><\/h5>\t\t\t\t\t\t\t\t<\/div>\n\t\t\t\t<\/div>\n\t\t\t\t<div class=\"vamtam-has-theme-widget-styles elementor-element elementor-element-7e58efb3 elementor-align-center elementor-widget elementor-widget-button\" data-id=\"7e58efb3\" data-element_type=\"widget\" data-e-type=\"widget\" data-widget_type=\"button.default\">\n\t\t\t\t<div class=\"elementor-widget-container\">\n\t\t\t\t\t\t\t\t\t<div class=\"elementor-button-wrapper\">\n\t\t\t\t\t<a class=\"elementor-button elementor-button-link elementor-size-sm\" href=\"https:\/\/www.scutis.de\/index.php\/kontakt\/\" target=\"_blank\" rel=\"nofollow\">\n\t\t\t\t\t\t<span class=\"elementor-button-content-wrapper\">\n\t\t\t\t\t\t\t\t\t<span class=\"elementor-button-text\">Erstgespr\u00e4ch vereinbaren<\/span>\n\t\t\t\t\t<\/span>\n\t\t\t\t\t<\/a>\n\t\t\t\t<\/div>\n\t\t\t\t\t\t\t\t<\/div>\n\t\t\t\t<\/div>\n\t\t\t\t\t<\/div>\n\t\t\t\t<\/div>\n\t\t<div class=\"elementor-element elementor-element-898d561 e-grid e-con-full e-con e-child\" data-id=\"898d561\" data-element_type=\"container\" data-e-type=\"container\" data-settings=\"{&quot;background_background&quot;:&quot;gradient&quot;}\">\n\t\t\t\t<div class=\"elementor-element elementor-element-58c9981a elementor-widget elementor-widget-text-editor\" data-id=\"58c9981a\" data-element_type=\"widget\" data-e-type=\"widget\" data-widget_type=\"text-editor.default\">\n\t\t\t\t<div class=\"elementor-widget-container\">\n\t\t\t\t\t\t\t\t\t<h2 class=\"text-align-center\" style=\"text-align: center;\"><!--block--><span style=\"color: #ffffff;\">Wir freuen uns auf gute Zusammenarbeit<\/span><\/h2><h6 class=\"text-align-center\"><span style=\"color: #ffffff;\"><!--block-->Melden Sie sich bei uns und wir finden gemeinsam heraus, wie wir Sie gezielt nach ihren Bed\u00fcrfnissen unterst\u00fctzen k\u00f6nnen.<\/span><\/h6>\t\t\t\t\t\t\t\t<\/div>\n\t\t\t\t<\/div>\n\t\t\t\t<div class=\"vamtam-has-theme-widget-styles elementor-element elementor-element-4e193288 elementor-align-center elementor-widget elementor-widget-button\" data-id=\"4e193288\" data-element_type=\"widget\" data-e-type=\"widget\" data-widget_type=\"button.default\">\n\t\t\t\t<div class=\"elementor-widget-container\">\n\t\t\t\t\t\t\t\t\t<div class=\"elementor-button-wrapper\">\n\t\t\t\t\t<a class=\"elementor-button elementor-button-link elementor-size-sm\" href=\"https:\/\/www.scutis.de\/index.php\/kontakt\/\" target=\"_blank\" rel=\"nofollow\">\n\t\t\t\t\t\t<span class=\"elementor-button-content-wrapper\">\n\t\t\t\t\t\t\t\t\t<span class=\"elementor-button-text\">Kontaktieren Sie uns<\/span>\n\t\t\t\t\t<\/span>\n\t\t\t\t\t<\/a>\n\t\t\t\t<\/div>\n\t\t\t\t\t\t\t\t<\/div>\n\t\t\t\t<\/div>\n\t\t\t\t<\/div>\n\t\t\t\t<\/div>\n\t\t","protected":false},"excerpt":{"rendered":"<p>ISO 27001 Zertifizierung einfach erkl\u00e4rt Die ISO 27001 ist ein international anerkannter Standard, der Unternehmen dabei unterst\u00fctzt, die Sicherheit sensibler Informationen zu gew\u00e4hrleisten. Sie geh\u00f6rt zur Normenfamilie ISO\/IEC 27000, die sich auf den Schutz von Daten wie Finanzinformationen, Mitarbeiterdaten, geistigem Eigentum oder vertraulichen Kundendaten konzentriert. Mehr Information Mit der ISO 27001-Zertifizierung k\u00f6nnen Sie das Vertrauen&#8230;<\/p>\n","protected":false},"author":1,"featured_media":0,"parent":0,"menu_order":0,"comment_status":"closed","ping_status":"closed","template":"","meta":{"footnotes":""},"class_list":["post-11596","page","type-page","status-publish","hentry"],"_links":{"self":[{"href":"https:\/\/www.scutis.de\/index.php\/wp-json\/wp\/v2\/pages\/11596","targetHints":{"allow":["GET"]}}],"collection":[{"href":"https:\/\/www.scutis.de\/index.php\/wp-json\/wp\/v2\/pages"}],"about":[{"href":"https:\/\/www.scutis.de\/index.php\/wp-json\/wp\/v2\/types\/page"}],"author":[{"embeddable":true,"href":"https:\/\/www.scutis.de\/index.php\/wp-json\/wp\/v2\/users\/1"}],"replies":[{"embeddable":true,"href":"https:\/\/www.scutis.de\/index.php\/wp-json\/wp\/v2\/comments?post=11596"}],"version-history":[{"count":43,"href":"https:\/\/www.scutis.de\/index.php\/wp-json\/wp\/v2\/pages\/11596\/revisions"}],"predecessor-version":[{"id":14479,"href":"https:\/\/www.scutis.de\/index.php\/wp-json\/wp\/v2\/pages\/11596\/revisions\/14479"}],"wp:attachment":[{"href":"https:\/\/www.scutis.de\/index.php\/wp-json\/wp\/v2\/media?parent=11596"}],"curies":[{"name":"wp","href":"https:\/\/api.w.org\/{rel}","templated":true}]}}