{"id":11594,"date":"2026-02-22T18:24:04","date_gmt":"2026-02-22T18:24:04","guid":{"rendered":"https:\/\/www.scutis.de\/?page_id=11594"},"modified":"2026-02-28T16:14:56","modified_gmt":"2026-02-28T16:14:56","slug":"softwaretestat-idw-ps-880","status":"publish","type":"page","link":"https:\/\/www.scutis.de\/index.php\/softwaretestat-idw-ps-880\/","title":{"rendered":"Softwaretestat (IDW PS 880)"},"content":{"rendered":"\t\t<div data-elementor-type=\"wp-page\" data-elementor-id=\"11594\" class=\"elementor elementor-11594\" data-elementor-post-type=\"page\">\n\t\t\t\t<div class=\"elementor-element elementor-element-2fb40349 e-flex e-con-boxed e-con e-parent\" data-id=\"2fb40349\" data-element_type=\"container\" data-e-type=\"container\" data-settings=\"{&quot;background_background&quot;:&quot;classic&quot;}\">\n\t\t\t\t\t<div class=\"e-con-inner\">\n\t\t<div class=\"elementor-element elementor-element-449e09f7 e-con-full e-flex e-con e-child\" data-id=\"449e09f7\" data-element_type=\"container\" data-e-type=\"container\" data-settings=\"{&quot;background_background&quot;:&quot;classic&quot;}\">\n\t\t\t\t<\/div>\n\t\t<div class=\"elementor-element elementor-element-7aa494f8 e-con-full e-flex e-con e-child\" data-id=\"7aa494f8\" data-element_type=\"container\" data-e-type=\"container\">\n\t\t<div class=\"elementor-element elementor-element-9c6fb58 e-con-full e-flex e-con e-child\" data-id=\"9c6fb58\" data-element_type=\"container\" data-e-type=\"container\">\n\t\t\t\t<div class=\"elementor-element elementor-element-3983e6d2 elementor-widget elementor-widget-text-editor\" data-id=\"3983e6d2\" data-element_type=\"widget\" data-e-type=\"widget\" data-widget_type=\"text-editor.default\">\n\t\t\t\t<div class=\"elementor-widget-container\">\n\t\t\t\t\t\t\t\t\t<h1><!--block--><strong>Softwaretestat nach IDW PS 880?<\/strong><\/h1><p><!--block-->Softwaretestate nach IDW PS 880 sind ein anerkanntes und respektiertes Qualit\u00e4tsurteil geworden, wodurch potenziellen Anwendern verl\u00e4ssliche Informationen \u00fcber die Erf\u00fcllung relevanter Ordnungsm\u00e4\u00dfigkeitsanforderungen bereitgestellt werden.<br \/><br \/>Wir bieten Unterst\u00fctzung bei der Zertifizierung gem\u00e4\u00df dem Pr\u00fcfungsstandard des Instituts der Wirtschaftspr\u00fcfer (IDW PS 880 &#8222;Die Pr\u00fcfung von Softwareprodukten&#8220;). Diese Zertifizierung best\u00e4tigt Softwareherstellern, dass ihre Software oder einzelne Softwaremodule bei sachgem\u00e4\u00dfer Anwendung den Grunds\u00e4tzen ordnungsm\u00e4\u00dfiger Buchf\u00fchrung und Rechnungslegung sowie den Sicherheitsanforderungen entsprechen.<br \/><br \/><\/p><p><!--block-->Unsere Dienstleistung und L\u00f6sungen zur Umsetzung eines Testats nach IDW PS880 beziehen sich auf die Unterst\u00fctzung der Softwareunternehmen und Organisationen, bei der Pr\u00fcfung und Testierung neuer Softwareprodukte oder -updates. Grundlage bildet der einschl\u00e4gige IDW Pr\u00fcfungsstandard IDW-PS880. Um ihr Unternehmen f\u00fcr die Zertifizierung vorzubereiten und operativ beim Einsatz zu begleiten unterst\u00fctzen wir Sie. <strong>Die generelle Frage ist \u2013 in welchen Status bzgl. Zertifizierung befinden Sie sich momentan?<\/strong> Wir finden es f\u00fcr Sie heraus durch einen kurzen PS880-Quickcheck.\u00a0<\/p>\t\t\t\t\t\t\t\t<\/div>\n\t\t\t\t<\/div>\n\t\t\t\t<\/div>\n\t\t<div class=\"elementor-element elementor-element-9ca5c53 e-con-full e-flex e-con e-child\" data-id=\"9ca5c53\" data-element_type=\"container\" data-e-type=\"container\">\n\t\t\t\t<div class=\"vamtam-has-theme-widget-styles elementor-element elementor-element-7b5e6a9b elementor-align-left elementor-widget elementor-widget-button\" data-id=\"7b5e6a9b\" data-element_type=\"widget\" data-e-type=\"widget\" data-widget_type=\"button.default\">\n\t\t\t\t<div class=\"elementor-widget-container\">\n\t\t\t\t\t\t\t\t\t<div class=\"elementor-button-wrapper\">\n\t\t\t\t\t<a class=\"elementor-button elementor-button-link elementor-size-sm\" href=\"https:\/\/www.scutis.de\/index.php\/kontakt\/\" target=\"_blank\" rel=\"nofollow\">\n\t\t\t\t\t\t<span class=\"elementor-button-content-wrapper\">\n\t\t\t\t\t\t\t\t\t<span class=\"elementor-button-text\">PS880 Quick Check beantragen<\/span>\n\t\t\t\t\t<\/span>\n\t\t\t\t\t<\/a>\n\t\t\t\t<\/div>\n\t\t\t\t\t\t\t\t<\/div>\n\t\t\t\t<\/div>\n\t\t\t\t<\/div>\n\t\t\t\t<\/div>\n\t\t\t\t\t<\/div>\n\t\t\t\t<\/div>\n\t\t<div class=\"elementor-element elementor-element-57a4197c e-flex e-con-boxed e-con e-parent\" data-id=\"57a4197c\" data-element_type=\"container\" data-e-type=\"container\">\n\t\t\t\t\t<div class=\"e-con-inner\">\n\t\t<div class=\"elementor-element elementor-element-59a8ced2 e-con-full e-flex e-con e-child\" data-id=\"59a8ced2\" data-element_type=\"container\" data-e-type=\"container\">\n\t\t\t\t<div class=\"elementor-element elementor-element-3b6a6012 elementor-widget elementor-widget-image\" data-id=\"3b6a6012\" data-element_type=\"widget\" data-e-type=\"widget\" data-widget_type=\"image.default\">\n\t\t\t\t<div class=\"elementor-widget-container\">\n\t\t\t\t\t\t\t\t\t\t\t\t\t\t\t<img decoding=\"async\" src=\"https:\/\/www.scutis.de\/wp-content\/uploads\/2026\/02\/SCUTIS-WEB-36-1.avif\" class=\"attachment-full size-full wp-image-10692\" alt=\"\" \/>\t\t\t\t\t\t\t\t\t\t\t\t\t\t\t<\/div>\n\t\t\t\t<\/div>\n\t\t\t\t<\/div>\n\t\t<div class=\"elementor-element elementor-element-2100c0ca e-con-full e-flex e-con e-child\" data-id=\"2100c0ca\" data-element_type=\"container\" data-e-type=\"container\">\n\t\t\t\t<div class=\"elementor-element elementor-element-480e803e elementor-widget elementor-widget-image\" data-id=\"480e803e\" data-element_type=\"widget\" data-e-type=\"widget\" data-widget_type=\"image.default\">\n\t\t\t\t<div class=\"elementor-widget-container\">\n\t\t\t\t\t\t\t\t\t\t\t\t\t\t\t<img decoding=\"async\" width=\"1\" height=\"1\" src=\"https:\/\/www.scutis.de\/wp-content\/uploads\/2026\/02\/SCUTIS-WEB-39-1.avif\" class=\"attachment-large size-large wp-image-10698\" alt=\"\" \/>\t\t\t\t\t\t\t\t\t\t\t\t\t\t\t<\/div>\n\t\t\t\t<\/div>\n\t\t\t\t<\/div>\n\t\t<div class=\"elementor-element elementor-element-2238e7fa e-con-full e-flex e-con e-child\" data-id=\"2238e7fa\" data-element_type=\"container\" data-e-type=\"container\">\n\t\t\t\t<div class=\"elementor-element elementor-element-6d675ebe elementor-widget elementor-widget-image\" data-id=\"6d675ebe\" data-element_type=\"widget\" data-e-type=\"widget\" data-widget_type=\"image.default\">\n\t\t\t\t<div class=\"elementor-widget-container\">\n\t\t\t\t\t\t\t\t\t\t\t\t\t\t\t<img decoding=\"async\" width=\"1\" height=\"1\" src=\"https:\/\/www.scutis.de\/wp-content\/uploads\/2026\/02\/SCUTIS-WEB-11-2.avif\" class=\"attachment-large size-large wp-image-11550\" alt=\"\" \/>\t\t\t\t\t\t\t\t\t\t\t\t\t\t\t<\/div>\n\t\t\t\t<\/div>\n\t\t\t\t<\/div>\n\t\t\t\t\t<\/div>\n\t\t\t\t<\/div>\n\t\t<div class=\"elementor-element elementor-element-6d4ac359 e-flex e-con-boxed e-con e-parent\" data-id=\"6d4ac359\" data-element_type=\"container\" data-e-type=\"container\">\n\t\t\t\t\t<div class=\"e-con-inner\">\n\t\t<div class=\"elementor-element elementor-element-2ca1a45d e-con-full e-flex e-con e-child\" data-id=\"2ca1a45d\" data-element_type=\"container\" data-e-type=\"container\">\n\t\t\t\t<div class=\"elementor-element elementor-element-76750a93 elementor-widget elementor-widget-text-editor\" data-id=\"76750a93\" data-element_type=\"widget\" data-e-type=\"widget\" data-widget_type=\"text-editor.default\">\n\t\t\t\t<div class=\"elementor-widget-container\">\n\t\t\t\t\t\t\t\t\t<p><!--block--><\/p><h3><!--block-->Herausforderung<\/h3><p><!--block-->Die Digitalisierung stellt heutzutage zunehmend h\u00f6here Anforderungen an die Ordnungsm\u00e4\u00dfigkeit und Sicherheit von Softwareprodukten. Daneben sind weitere Pflichten hinsichtlich der Angemessenheit und Funktionsf\u00e4higkeit der Programmfunktionen sowie der gesetzlichen Aufbewahrungspflichten von Daten und Dokumenten aus handels- und steuerrechtlicher Sicht zu erf\u00fcllen.<\/p><p><!--block--><br \/>Softwarezertifizierungen gem\u00e4\u00df IDW PS 880 werden als Entscheidungskriterium bei der Auswahl einer rechnungslegungsrelevanten Software von potentiellen Anwendern sehr h\u00e4ufig aktiv eingefordert.\u00a0<br \/><br \/><\/p><p><!--block-->Die IDW-Pr\u00fcfungskriterien sind so konzipiert, dass sie erkennen lassen, ob die zu pr\u00fcfende Software den gesetzlichen\u00a0 Anforderungen generell entspricht und die steuerrelevanten Prozesse des Unternehmens ordnungsgem\u00e4\u00df unterst\u00fctzt.\u00a0<\/p><p><!--block--><br \/>F\u00fcr Softwarehersteller dient somit eine externe Pr\u00fcfung gem\u00e4\u00df IDW PS 880 nicht nur zur St\u00e4rkung der Marktposition, sondern gilt auch als wichtiger Bestandteil der internen Qualit\u00e4tssicherung und stellt somit eine externe Testierung der Qualit\u00e4t des Softwareproduktes dar.\u00a0<\/p>\t\t\t\t\t\t\t\t<\/div>\n\t\t\t\t<\/div>\n\t\t\t\t<\/div>\n\t\t<div class=\"elementor-element elementor-element-459347a9 e-con-full e-flex e-con e-child\" data-id=\"459347a9\" data-element_type=\"container\" data-e-type=\"container\">\n\t\t\t\t<div class=\"elementor-element elementor-element-ed3d4a4 elementor-widget elementor-widget-text-editor\" data-id=\"ed3d4a4\" data-element_type=\"widget\" data-e-type=\"widget\" data-widget_type=\"text-editor.default\">\n\t\t\t\t<div class=\"elementor-widget-container\">\n\t\t\t\t\t\t\t\t\t<h3><!--block-->Methodik<\/h3><p><!--block-->Revisionsmethodisch werden bei der Vorbereitung der Software Zertifizierung zwei Pr\u00fcfmethoden angewendet. Zuerst wird eine Prozess orientierte sogenannte \u201eSystempr\u00fcfung\u201c\u00a0 durchgef\u00fchrt. Das System der Softwareherstellung wird beurteilt, um mit diesem Urteil auf die Qualit\u00e4t des Ergebnisses \u201eSoftware\u201c zu schlie\u00dfen. Bei der produktorientierten Software-Zertifizierung handelt es sich um eine \u201eergebnisorientierte Pr\u00fcfung\u201c. Das System der Softwareherstellung wird als Black-Box behandelt. Was beurteilt wird, ist ausschlie\u00dflich das Ergebnis; in diesem Fall das Softwareprodukt.\u00a0<\/p><p>Es sind die Verarbeitungsfunktionen festzustellen, die mindestens notwendig sind, um die handels-und steuerrechtlichen Anforderungen an die Ordnungsm\u00e4\u00dfigkeit zu erf\u00fcllen.<\/p><p><!--block-->In der Regel sind im Einzelnen die folgenden Bereiche Gegenstand der IDW PS 880-Pr\u00fcfung:<\/p><ul><li><!--block-->Vollst\u00e4ndigkeit, Aktualit\u00e4t und Aussagef\u00e4higkeit der Verfahrensdokumentation.<\/li><li><!--block-->Softwareentwicklungsverfahren einschlie\u00dflich Softwarewartung, Test und Freigabe.<\/li><li><!--block-->Angemessenheit der f\u00fcr das Aufgabengebiet der Softwareprodukte notwendigen Programmfunktionen.<\/li><li><!--block-->Sachgerechte programmtechnische Umsetzung der als angemessen beurteilten Programmfunktionen (Funktionspr\u00fcfung).<\/li><\/ul>\t\t\t\t\t\t\t\t<\/div>\n\t\t\t\t<\/div>\n\t\t\t\t<\/div>\n\t\t<div class=\"elementor-element elementor-element-371a6742 e-con-full e-flex e-con e-child\" data-id=\"371a6742\" data-element_type=\"container\" data-e-type=\"container\">\n\t\t\t\t<div class=\"elementor-element elementor-element-5e8b5aee elementor-widget elementor-widget-text-editor\" data-id=\"5e8b5aee\" data-element_type=\"widget\" data-e-type=\"widget\" data-widget_type=\"text-editor.default\">\n\t\t\t\t<div class=\"elementor-widget-container\">\n\t\t\t\t\t\t\t\t\t<h3><!--block-->Vorgehensweise<\/h3><p><!--block-->Wir bereiten zu pr\u00fcfende Softwareprodukte auf die\u00a0 Pr\u00fcfung nach dem Pr\u00fcfungsstandard (PS 880) \u201ePr\u00fcfung von Softwareprodukten\u201c des Instituts der Wirtschaftspr\u00fcfer (IDW) vor, der speziell auf die Erf\u00fcllung der rechnungslegungsrelevanten Anforderungen ausgerichtet ist.\u00a0<\/p><p>Die Pr\u00fcfung folgt einem strukturierten Ablauf, um sicherzustellen, dass Softwareprodukte den Grunds\u00e4tzen ordnungsm\u00e4\u00dfiger Buchf\u00fchrung (GOB) und Rechnungslegung sowie den Sicherheitsanforderungen entsprechen. Bei der Vorbereitung zur Pr\u00fcfung durch eine Wirtschaftspr\u00fcferkanzlei orientierten wir uns an den folgenden Pr\u00fcfungskriterien:<\/p><ul><li><!--block-->IDW Stellungnahme zur Rechnungslegung \u201eGrunds\u00e4tze ordnungsm\u00e4\u00dfiger Buchf\u00fchrung bei Einsatz von Informationstechnologie\u201c (IDW RS FAIT 1, Stand 24. September 2002)<\/li><li><!--block-->Stellungnahme des Instituts der Wirtschaftspr\u00fcfer zur Rechnungslegung \u201eGrunds\u00e4tze ordnungsm\u00e4\u00dfiger Buchf\u00fchrung beim Einsatz elektronischer Archivierungsverfahren\u201c (IDW RS FAIT 3, Stand: 11. September 2015)<\/li><li><!--block-->\u201eGrunds\u00e4tze zur ordnungsm\u00e4\u00dfigen F\u00fchrung und Aufbewahrung von B\u00fcchern, Aufzeichnungen und Unterlagen in elektronischer Form sowie zum Datenzugriff\u201c (GoBD vom 28. November 2019)<\/li><li><!--block-->\u201eGrunds\u00e4tze ordnungsm\u00e4\u00dfiger Buchf\u00fchrungssysteme\u201c (GoB), gem\u00e4\u00df Handels- und Steuerrecht (\u00a7\u00a7 238 ff., 257 HGB und \u00a7\u00a7 146, 147 AO )<\/li><li><!--block-->IDW-Pr\u00fcfungsstandard \u201eAbschlusspr\u00fcfung bei Einsatz von Informationstechnologie\u201c (IDW PS 330)<\/li><li><!--block-->Vorschriften der Datenschutz-Grundverordnung und des Bundesdatenschutzgesetzes.<\/li><\/ul><p><!--block-->\u00a0<\/p><p><!--block-->Der Ablauf umfasst in der Regel die folgenden Schritte:<\/p><ul><li><!--block-->Vorbereitung und Planung<\/li><li><!--block-->Risikobewertung<\/li><li><!--block-->Durchf\u00fchrung der Pr\u00fcfung<\/li><li><!--block-->Dokumentation und Berichterstattung<\/li><li><!--block-->Management Review<\/li><li><!--block-->Zertifikat oder Best\u00e4tigung<\/li><li><!--block-->Ggfs. \u00dcberwachung und Wartung<\/li><\/ul><p><!--block--><\/p><p>\u00a0<\/p><p><!--block--><\/p><p><!--block--><\/p>\t\t\t\t\t\t\t\t<\/div>\n\t\t\t\t<\/div>\n\t\t\t\t<\/div>\n\t\t\t\t\t<\/div>\n\t\t\t\t<\/div>\n\t\t<div class=\"elementor-element elementor-element-a39d70d e-flex e-con-boxed e-con e-parent\" data-id=\"a39d70d\" data-element_type=\"container\" data-e-type=\"container\">\n\t\t\t\t\t<div class=\"e-con-inner\">\n\t\t<div class=\"elementor-element elementor-element-3a1a452 e-con-full e-flex e-con e-child\" data-id=\"3a1a452\" data-element_type=\"container\" data-e-type=\"container\">\n\t\t\t\t<div class=\"vamtam-has-theme-widget-styles elementor-element elementor-element-492852b1 elementor-widget elementor-widget-button\" data-id=\"492852b1\" data-element_type=\"widget\" data-e-type=\"widget\" data-widget_type=\"button.default\">\n\t\t\t\t<div class=\"elementor-widget-container\">\n\t\t\t\t\t\t\t\t\t<div class=\"elementor-button-wrapper\">\n\t\t\t\t\t<a class=\"elementor-button elementor-button-link elementor-size-sm\" href=\"https:\/\/www.scutis.de\/index.php\/kontakt\/\" target=\"_blank\" rel=\"nofollow\">\n\t\t\t\t\t\t<span class=\"elementor-button-content-wrapper\">\n\t\t\t\t\t\t\t\t\t<span class=\"elementor-button-text\">Mehr erfahren<\/span>\n\t\t\t\t\t<\/span>\n\t\t\t\t\t<\/a>\n\t\t\t\t<\/div>\n\t\t\t\t\t\t\t\t<\/div>\n\t\t\t\t<\/div>\n\t\t\t\t<\/div>\n\t\t<div class=\"elementor-element elementor-element-284e0ed e-con-full e-flex e-con e-child\" data-id=\"284e0ed\" data-element_type=\"container\" data-e-type=\"container\">\n\t\t\t\t<div class=\"vamtam-has-theme-widget-styles elementor-element elementor-element-8cea6b5 elementor-widget elementor-widget-button\" data-id=\"8cea6b5\" data-element_type=\"widget\" data-e-type=\"widget\" data-widget_type=\"button.default\">\n\t\t\t\t<div class=\"elementor-widget-container\">\n\t\t\t\t\t\t\t\t\t<div class=\"elementor-button-wrapper\">\n\t\t\t\t\t<a class=\"elementor-button elementor-button-link elementor-size-sm\" href=\"https:\/\/www.scutis.de\/index.php\/kontakt\/\" target=\"_blank\" rel=\"nofollow\">\n\t\t\t\t\t\t<span class=\"elementor-button-content-wrapper\">\n\t\t\t\t\t\t\t\t\t<span class=\"elementor-button-text\">Mehr erfahren<\/span>\n\t\t\t\t\t<\/span>\n\t\t\t\t\t<\/a>\n\t\t\t\t<\/div>\n\t\t\t\t\t\t\t\t<\/div>\n\t\t\t\t<\/div>\n\t\t\t\t<\/div>\n\t\t<div class=\"elementor-element elementor-element-190f98a e-con-full e-flex e-con e-child\" data-id=\"190f98a\" data-element_type=\"container\" data-e-type=\"container\">\n\t\t\t\t<div class=\"vamtam-has-theme-widget-styles elementor-element elementor-element-398a8ce elementor-widget elementor-widget-button\" data-id=\"398a8ce\" data-element_type=\"widget\" data-e-type=\"widget\" data-widget_type=\"button.default\">\n\t\t\t\t<div class=\"elementor-widget-container\">\n\t\t\t\t\t\t\t\t\t<div class=\"elementor-button-wrapper\">\n\t\t\t\t\t<a class=\"elementor-button elementor-button-link elementor-size-sm\" href=\"https:\/\/www.scutis.de\/index.php\/kontakt\/\" target=\"_blank\" rel=\"nofollow\">\n\t\t\t\t\t\t<span class=\"elementor-button-content-wrapper\">\n\t\t\t\t\t\t\t\t\t<span class=\"elementor-button-text\">Mehr erfahren<\/span>\n\t\t\t\t\t<\/span>\n\t\t\t\t\t<\/a>\n\t\t\t\t<\/div>\n\t\t\t\t\t\t\t\t<\/div>\n\t\t\t\t<\/div>\n\t\t\t\t<\/div>\n\t\t\t\t\t<\/div>\n\t\t\t\t<\/div>\n\t\t<div class=\"elementor-element elementor-element-7a3d7b43 e-grid e-con-boxed e-con e-parent\" data-id=\"7a3d7b43\" data-element_type=\"container\" data-e-type=\"container\" data-settings=\"{&quot;background_background&quot;:&quot;classic&quot;}\">\n\t\t\t\t\t<div class=\"e-con-inner\">\n\t\t\t\t<div class=\"elementor-element elementor-element-5c1800e2 elementor-widget elementor-widget-text-editor\" data-id=\"5c1800e2\" data-element_type=\"widget\" data-e-type=\"widget\" data-widget_type=\"text-editor.default\">\n\t\t\t\t<div class=\"elementor-widget-container\">\n\t\t\t\t\t\t\t\t\t<p><!--block--><span style=\"color: #000000;\">Lassen Sie uns miteinander sprechen<\/span><\/p><h5><span style=\"color: #000000;\"><!--block-->Wir m\u00f6chten Ihnen unseren Service in einem kurzen Videocall gerne einmal vorstellen. Vereinbaren Sie doch einfach mit wenigen Klicks einen f\u00fcr Sie passenden Termin. Wir freuen uns auf das Gespr\u00e4ch mit Ihnen.<\/span><\/h5>\t\t\t\t\t\t\t\t<\/div>\n\t\t\t\t<\/div>\n\t\t\t\t<div class=\"vamtam-has-theme-widget-styles elementor-element elementor-element-1191bd8c elementor-align-center elementor-widget elementor-widget-button\" data-id=\"1191bd8c\" data-element_type=\"widget\" data-e-type=\"widget\" data-widget_type=\"button.default\">\n\t\t\t\t<div class=\"elementor-widget-container\">\n\t\t\t\t\t\t\t\t\t<div class=\"elementor-button-wrapper\">\n\t\t\t\t\t<a class=\"elementor-button elementor-button-link elementor-size-sm\" href=\"https:\/\/www.scutis.de\/index.php\/kontakt\/\" target=\"_blank\" rel=\"nofollow\">\n\t\t\t\t\t\t<span class=\"elementor-button-content-wrapper\">\n\t\t\t\t\t\t\t\t\t<span class=\"elementor-button-text\">Erstgespr\u00e4ch vereinbaren<\/span>\n\t\t\t\t\t<\/span>\n\t\t\t\t\t<\/a>\n\t\t\t\t<\/div>\n\t\t\t\t\t\t\t\t<\/div>\n\t\t\t\t<\/div>\n\t\t\t\t\t<\/div>\n\t\t\t\t<\/div>\n\t\t<div class=\"elementor-element elementor-element-5e67a0c3 e-grid e-con-full e-con e-child\" data-id=\"5e67a0c3\" data-element_type=\"container\" data-e-type=\"container\" data-settings=\"{&quot;background_background&quot;:&quot;gradient&quot;}\">\n\t\t\t\t<div class=\"elementor-element elementor-element-419a213f elementor-widget elementor-widget-text-editor\" data-id=\"419a213f\" data-element_type=\"widget\" data-e-type=\"widget\" data-widget_type=\"text-editor.default\">\n\t\t\t\t<div class=\"elementor-widget-container\">\n\t\t\t\t\t\t\t\t\t<h2 class=\"text-align-center\" style=\"text-align: center;\"><!--block--><span style=\"color: #ffffff;\">Wir freuen uns auf gute Zusammenarbeit<\/span><\/h2><h6 class=\"text-align-center\"><span style=\"color: #ffffff;\"><!--block-->Melden Sie sich bei uns und wir finden gemeinsam heraus, wie wir Sie gezielt nach ihren Bed\u00fcrfnissen unterst\u00fctzen k\u00f6nnen.<\/span><\/h6>\t\t\t\t\t\t\t\t<\/div>\n\t\t\t\t<\/div>\n\t\t\t\t<div class=\"vamtam-has-theme-widget-styles elementor-element elementor-element-1d293629 elementor-align-center elementor-widget elementor-widget-button\" data-id=\"1d293629\" data-element_type=\"widget\" data-e-type=\"widget\" data-widget_type=\"button.default\">\n\t\t\t\t<div class=\"elementor-widget-container\">\n\t\t\t\t\t\t\t\t\t<div class=\"elementor-button-wrapper\">\n\t\t\t\t\t<a class=\"elementor-button elementor-button-link elementor-size-sm\" href=\"https:\/\/www.scutis.de\/index.php\/kontakt\/\" target=\"_blank\" rel=\"nofollow\">\n\t\t\t\t\t\t<span class=\"elementor-button-content-wrapper\">\n\t\t\t\t\t\t\t\t\t<span class=\"elementor-button-text\">Kontaktieren Sie uns<\/span>\n\t\t\t\t\t<\/span>\n\t\t\t\t\t<\/a>\n\t\t\t\t<\/div>\n\t\t\t\t\t\t\t\t<\/div>\n\t\t\t\t<\/div>\n\t\t\t\t<\/div>\n\t\t\t\t<\/div>\n\t\t","protected":false},"excerpt":{"rendered":"<p>Softwaretestat nach IDW PS 880? Softwaretestate nach IDW PS 880 sind ein anerkanntes und respektiertes Qualit\u00e4tsurteil geworden, wodurch potenziellen Anwendern verl\u00e4ssliche Informationen \u00fcber die Erf\u00fcllung relevanter Ordnungsm\u00e4\u00dfigkeitsanforderungen bereitgestellt werden. Wir bieten Unterst\u00fctzung bei der Zertifizierung gem\u00e4\u00df dem Pr\u00fcfungsstandard des Instituts der Wirtschaftspr\u00fcfer (IDW PS 880 &#8222;Die Pr\u00fcfung von Softwareprodukten&#8220;). Diese Zertifizierung best\u00e4tigt Softwareherstellern, dass ihre&#8230;<\/p>\n","protected":false},"author":1,"featured_media":0,"parent":0,"menu_order":0,"comment_status":"closed","ping_status":"closed","template":"","meta":{"footnotes":""},"class_list":["post-11594","page","type-page","status-publish","hentry"],"_links":{"self":[{"href":"https:\/\/www.scutis.de\/index.php\/wp-json\/wp\/v2\/pages\/11594","targetHints":{"allow":["GET"]}}],"collection":[{"href":"https:\/\/www.scutis.de\/index.php\/wp-json\/wp\/v2\/pages"}],"about":[{"href":"https:\/\/www.scutis.de\/index.php\/wp-json\/wp\/v2\/types\/page"}],"author":[{"embeddable":true,"href":"https:\/\/www.scutis.de\/index.php\/wp-json\/wp\/v2\/users\/1"}],"replies":[{"embeddable":true,"href":"https:\/\/www.scutis.de\/index.php\/wp-json\/wp\/v2\/comments?post=11594"}],"version-history":[{"count":28,"href":"https:\/\/www.scutis.de\/index.php\/wp-json\/wp\/v2\/pages\/11594\/revisions"}],"predecessor-version":[{"id":14440,"href":"https:\/\/www.scutis.de\/index.php\/wp-json\/wp\/v2\/pages\/11594\/revisions\/14440"}],"wp:attachment":[{"href":"https:\/\/www.scutis.de\/index.php\/wp-json\/wp\/v2\/media?parent=11594"}],"curies":[{"name":"wp","href":"https:\/\/api.w.org\/{rel}","templated":true}]}}