{"id":11590,"date":"2026-02-22T18:23:45","date_gmt":"2026-02-22T18:23:45","guid":{"rendered":"https:\/\/www.scutis.de\/?page_id=11590"},"modified":"2026-03-30T12:01:15","modified_gmt":"2026-03-30T12:01:15","slug":"hinweisgeberschutzgesetz-hinschg","status":"publish","type":"page","link":"https:\/\/www.scutis.de\/index.php\/hinweisgeberschutzgesetz-hinschg\/","title":{"rendered":"Hinweisgeberschutzgesetz (HinSchG)"},"content":{"rendered":"\t\t<div data-elementor-type=\"wp-page\" data-elementor-id=\"11590\" class=\"elementor elementor-11590\" data-elementor-post-type=\"page\">\n\t\t\t\t<div class=\"elementor-element elementor-element-7e403ad6 e-flex e-con-boxed e-con e-parent\" data-id=\"7e403ad6\" data-element_type=\"container\" data-e-type=\"container\" data-settings=\"{&quot;background_background&quot;:&quot;classic&quot;}\">\n\t\t\t\t\t<div class=\"e-con-inner\">\n\t\t<div class=\"elementor-element elementor-element-4feff1fe e-con-full e-flex e-con e-child\" data-id=\"4feff1fe\" data-element_type=\"container\" data-e-type=\"container\" data-settings=\"{&quot;background_background&quot;:&quot;classic&quot;}\">\n\t\t\t\t<\/div>\n\t\t<div class=\"elementor-element elementor-element-15ae062f e-con-full e-flex e-con e-child\" data-id=\"15ae062f\" data-element_type=\"container\" data-e-type=\"container\">\n\t\t<div class=\"elementor-element elementor-element-121ed3a6 e-con-full e-flex e-con e-child\" data-id=\"121ed3a6\" data-element_type=\"container\" data-e-type=\"container\">\n\t\t\t\t<div class=\"elementor-element elementor-element-2a5387ea elementor-widget elementor-widget-text-editor\" data-id=\"2a5387ea\" data-element_type=\"widget\" data-e-type=\"widget\" data-widget_type=\"text-editor.default\">\n\t\t\t\t<div class=\"elementor-widget-container\">\n\t\t\t\t\t\t\t\t\t<h1><!--block--><strong>Hinweisgeberschutz-gesetz (HinSchG) &#8211; <\/strong><strong>VaDok\u00ae &#8211; Whistleblow<\/strong><\/h1><h2><!--block-->Was bedeutet das neue Hinweisgeberschutzgesetz f\u00fcr Sie und wie bereiten Sie sich vor?<\/h2><p><!--block-->Das deutsche Hinweisgeberschutzgesetz trat am 2. Juli 2023 in Kraft und setzt die Richtlinie 2019\/1937 in nationales Recht um. Mit dem <a href=\"https:\/\/www.bmj.de\/SharedDocs\/Gesetzgebungsverfahren\/DE\/2022_Hinweisgeberschutz.html\" target=\"_blank\" rel=\"noopener\">HinSchG<\/a> wird eine gesetzliche Verpflichtung zur Einf\u00fchrung eines Hinweisgeberverfahrens (sogenannte \u201einterne Meldestelle\u201c) geregelt:\u00a0<\/p><ul><li><!--block-->F\u00fcr Besch\u00e4ftigungsgeber <strong>mit mehr als 249 Mitarbeitende sofort<\/strong> nach Inkrafttreten des Gesetzes, <strong>also ab dem 02. Juli 2023<\/strong>.<\/li><li><!--block-->F\u00fcr kleinere Besch\u00e4ftigungsgeber <strong>mit mehr als 49 Mitarbeitende<\/strong> seit dem <strong>17. Dezember 2023<\/strong>.<\/li><\/ul><p><!--block--><\/p><p><!--block-->Mit dieser Richtlinie wurden verbindliche Rahmenbedingungen geschaffen, die Whistleblowing einheitlich aus der rechtlichen Grauzone befreien. Einerseits, um Hinweisgebende zu sch\u00fctzen, andererseits aber auch um Unternehmen und Beh\u00f6rden verbindliche Rahmenbedingungen vorzugeben.<\/p><p>Den Organisationen erm\u00f6glicht das, Kenntnis von Missst\u00e4nden im eigenen Unternehmen bzw. in der Beh\u00f6rde zu erhalten, um fr\u00fchzeitig gegensteuern zu k\u00f6nnen um Risiken zu vermeiden. Gerade unter diesem Aspekt gilt es f\u00fcr Unternehmen und Beh\u00f6rden, die \u201eWhistleblower- Richtlinie\u201c nicht nur als l\u00e4stige Pflicht zu sehen, sondern auch als Chance, (Haftungs-)Risiken und Risiken in Bezug auf die \u00f6ffentliche Wahrnehmung in Zukunft besser managen bzw. von vornherein reduzieren zu k\u00f6nnen. Der Schutz von Hinweisgebern ist von entscheidender Bedeutung, um die Integrit\u00e4t, Ethik und Rechtm\u00e4\u00dfigkeit von Organisationen zu wahren und potenzielle Risiken aufzudecken.<\/p><p>Unsere Dienstleistung und L\u00f6sungen zur Umsetzung des Hinweisgeberschutzgesetzes beziehen sich auf Ma\u00dfnahmen und Unterst\u00fctzung f\u00fcr Unternehmen und Organisationen, um Hinweisgeber (auch Whistleblower genannt) zu sch\u00fctzen, die Missst\u00e4nde, rechtliche Verst\u00f6\u00dfe oder Fehlverhalten in ihren Unternehmen oder Organisationen zu erkennen. Um ihr Unternehmen f\u00fcr ein rechtskonformes Hinweisgebersystem vorzubereiten und operativ beim Einsatz zu begleiten unterst\u00fctzen wir Sie. <strong>Die generelle Frage ist \u2013 in welchen rechtlichen Rahmen bzgl. Hinweisgeberschutz und Status befinden Sie sich momentan?<\/strong> Wir finden es f\u00fcr Sie heraus durch einen kurzen Whistleblower-Quickcheck.\u00a0<\/p>\t\t\t\t\t\t\t\t<\/div>\n\t\t\t\t<\/div>\n\t\t\t\t<\/div>\n\t\t<div class=\"elementor-element elementor-element-62e5078c e-con-full e-flex e-con e-child\" data-id=\"62e5078c\" data-element_type=\"container\" data-e-type=\"container\">\n\t\t\t\t<div class=\"vamtam-has-theme-widget-styles elementor-element elementor-element-5793decd elementor-align-left elementor-widget elementor-widget-button\" data-id=\"5793decd\" data-element_type=\"widget\" data-e-type=\"widget\" data-widget_type=\"button.default\">\n\t\t\t\t<div class=\"elementor-widget-container\">\n\t\t\t\t\t\t\t\t\t<div class=\"elementor-button-wrapper\">\n\t\t\t\t\t<a class=\"elementor-button elementor-button-link elementor-size-sm\" href=\"https:\/\/www.scutis.de\/index.php\/kontakt\/\" target=\"_blank\" rel=\"nofollow\">\n\t\t\t\t\t\t<span class=\"elementor-button-content-wrapper\">\n\t\t\t\t\t\t\t\t\t<span class=\"elementor-button-text\">Whistleblower Quick Check beantragen<\/span>\n\t\t\t\t\t<\/span>\n\t\t\t\t\t<\/a>\n\t\t\t\t<\/div>\n\t\t\t\t\t\t\t\t<\/div>\n\t\t\t\t<\/div>\n\t\t\t\t<\/div>\n\t\t\t\t<\/div>\n\t\t\t\t\t<\/div>\n\t\t\t\t<\/div>\n\t\t<div class=\"elementor-element elementor-element-679e13e7 e-flex e-con-boxed e-con e-parent\" data-id=\"679e13e7\" data-element_type=\"container\" data-e-type=\"container\">\n\t\t\t\t\t<div class=\"e-con-inner\">\n\t\t<div class=\"elementor-element elementor-element-5503e25 e-con-full e-flex e-con e-child\" data-id=\"5503e25\" data-element_type=\"container\" data-e-type=\"container\">\n\t\t\t\t<div class=\"elementor-element elementor-element-2e6f7871 elementor-widget elementor-widget-image\" data-id=\"2e6f7871\" data-element_type=\"widget\" data-e-type=\"widget\" data-widget_type=\"image.default\">\n\t\t\t\t<div class=\"elementor-widget-container\">\n\t\t\t\t\t\t\t\t\t\t\t\t\t\t\t<img fetchpriority=\"high\" decoding=\"async\" width=\"1024\" height=\"1024\" src=\"https:\/\/www.scutis.de\/wp-content\/uploads\/2026\/02\/SCUTIS-WEB-65.avif\" class=\"attachment-full size-full wp-image-11657\" alt=\"\" \/>\t\t\t\t\t\t\t\t\t\t\t\t\t\t\t<\/div>\n\t\t\t\t<\/div>\n\t\t\t\t<\/div>\n\t\t<div class=\"elementor-element elementor-element-43d52c5b e-con-full e-flex e-con e-child\" data-id=\"43d52c5b\" data-element_type=\"container\" data-e-type=\"container\">\n\t\t\t\t<div class=\"elementor-element elementor-element-76588b02 elementor-widget elementor-widget-image\" data-id=\"76588b02\" data-element_type=\"widget\" data-e-type=\"widget\" data-widget_type=\"image.default\">\n\t\t\t\t<div class=\"elementor-widget-container\">\n\t\t\t\t\t\t\t\t\t\t\t\t\t\t\t<img decoding=\"async\" width=\"1440\" height=\"1440\" src=\"https:\/\/www.scutis.de\/wp-content\/uploads\/2026\/02\/SCUTIS-WEB-66.avif\" class=\"attachment-full size-full wp-image-11658\" alt=\"\" \/>\t\t\t\t\t\t\t\t\t\t\t\t\t\t\t<\/div>\n\t\t\t\t<\/div>\n\t\t\t\t<\/div>\n\t\t<div class=\"elementor-element elementor-element-3b7258d6 e-con-full e-flex e-con e-child\" data-id=\"3b7258d6\" data-element_type=\"container\" data-e-type=\"container\">\n\t\t\t\t<div class=\"elementor-element elementor-element-10e5bb37 elementor-widget elementor-widget-image\" data-id=\"10e5bb37\" data-element_type=\"widget\" data-e-type=\"widget\" data-widget_type=\"image.default\">\n\t\t\t\t<div class=\"elementor-widget-container\">\n\t\t\t\t\t\t\t\t\t\t\t\t\t\t\t<img decoding=\"async\" width=\"800\" height=\"800\" src=\"https:\/\/www.scutis.de\/wp-content\/uploads\/2026\/02\/SCUTIS-WEB-67.avif\" class=\"attachment-full size-full wp-image-11659\" alt=\"\" \/>\t\t\t\t\t\t\t\t\t\t\t\t\t\t\t<\/div>\n\t\t\t\t<\/div>\n\t\t\t\t<\/div>\n\t\t\t\t\t<\/div>\n\t\t\t\t<\/div>\n\t\t<div class=\"elementor-element elementor-element-7ecf2490 e-flex e-con-boxed e-con e-parent\" data-id=\"7ecf2490\" data-element_type=\"container\" data-e-type=\"container\">\n\t\t\t\t\t<div class=\"e-con-inner\">\n\t\t<div class=\"elementor-element elementor-element-a63ab4f e-con-full e-flex e-con e-child\" data-id=\"a63ab4f\" data-element_type=\"container\" data-e-type=\"container\">\n\t\t\t\t<div class=\"elementor-element elementor-element-2d23318 elementor-widget elementor-widget-text-editor\" data-id=\"2d23318\" data-element_type=\"widget\" data-e-type=\"widget\" data-widget_type=\"text-editor.default\">\n\t\t\t\t<div class=\"elementor-widget-container\">\n\t\t\t\t\t\t\t\t\t<h3><!--block-->Aufbau eines Hinweisgeberschutzkonzeptes mit Ihnen<\/h3><p><!--block-->Wir unterst\u00fctzten Sie beim Aufbau und der Optimierung Ihres Hinweisgeberschutzsystem. Gemeinsam mit Ihnen erarbeiten unsere Experten ein Konzept, das s\u00e4mtlichen gesetzlichen Anforderungen entspricht und auf Ihr Unternehmen abgestimmt ist.<\/p><ul><li><!--block--><strong>Analyse Ihrer Bed\u00fcrfnisse<\/strong><\/li><li><!--block--><strong>Einrichtung der Meldekan\u00e4le<\/strong><\/li><li><!--block--><strong>Schulung und Sensibilisierung<\/strong><\/li><li><!--block--><strong>Datenschutz und Sicherheit<\/strong><\/li><li><!--block--><strong>Laufende Unterst\u00fctzung und Wartung<\/strong><\/li><li><!--block--><strong>Kostensch\u00e4tzung<\/strong><\/li><\/ul><p><!--block-->Wir unterst\u00fctzen Sie nach dem PDCA-Zyklus (Plan, Do, Check, Act).<\/p>\t\t\t\t\t\t\t\t<\/div>\n\t\t\t\t<\/div>\n\t\t\t\t<\/div>\n\t\t<div class=\"elementor-element elementor-element-24e9c7c e-con-full e-flex e-con e-child\" data-id=\"24e9c7c\" data-element_type=\"container\" data-e-type=\"container\">\n\t\t\t\t<div class=\"elementor-element elementor-element-6d865289 elementor-widget elementor-widget-text-editor\" data-id=\"6d865289\" data-element_type=\"widget\" data-e-type=\"widget\" data-widget_type=\"text-editor.default\">\n\t\t\t\t<div class=\"elementor-widget-container\">\n\t\t\t\t\t\t\t\t\t<h3><!--block-->Unterst\u00fctzung durch eine flexible Hinweisgeberschutzl\u00f6sung<\/h3><p><!--block-->SCUTIS GmbH unterst\u00fctzt Sie bzw. Unternehmen und Organisationen bei einer unkomplizierten Umsetzung der EU-Whistleblower-Richtlinie bzw. des deutschen Hinweisgeberschutzgesetzes. <br \/>Die von uns eingesetzte Softwarel\u00f6sung <a href=\"http:\/\/www.vadok.de\" target=\"_blank\" rel=\"noopener\">VaDok\u00ae &#8211; Whistleblow<\/a> generiert den geforderten Hinweisgeberschutz durch einen sicheren und bei Bedarf auch anonymen Meldekanal. Sicher und datenschutzkonform begleiten wir Sie auch nach der Implementierung.<br \/><strong>Werfen Sie einen Blick auf das f\u00fcr SCUTIS <\/strong><a href=\"\/redirect-to-page\/16b159a2-52e2-4409-9c3a-b56f8330383a\"><strong>implementierte Hinweisgeberschutzsystem<\/strong><\/a><strong>.<\/strong><\/p>\t\t\t\t\t\t\t\t<\/div>\n\t\t\t\t<\/div>\n\t\t\t\t<\/div>\n\t\t<div class=\"elementor-element elementor-element-eb326d8 e-con-full e-flex e-con e-child\" data-id=\"eb326d8\" data-element_type=\"container\" data-e-type=\"container\">\n\t\t\t\t<div class=\"elementor-element elementor-element-2c8a2ac7 elementor-widget elementor-widget-text-editor\" data-id=\"2c8a2ac7\" data-element_type=\"widget\" data-e-type=\"widget\" data-widget_type=\"text-editor.default\">\n\t\t\t\t<div class=\"elementor-widget-container\">\n\t\t\t\t\t\t\t\t\t<h3><!--block-->Unterst\u00fctzung durch externe Ombudsmann-Services<\/h3><p><!--block-->Unser Team, bestehend aus Compliance Experten und Juristen \u00fcbernimmt f\u00fcr Ihre Organisation die Entgegennahme von Meldungen \u00fcber das digitales Hinweisgebersystem (<a href=\"http:\/\/www.vadok.de\" target=\"_blank\" rel=\"noopener\">VaDok\u00ae &#8211; Whistleblow<\/a>) und f\u00fchrt eine erste \u00dcberpr\u00fcfung der Meldungen durch. Im Rahmen der \u00dcberpr\u00fcfung plausibilisieren wir alle Hinweise, kategorisieren diese, halten R\u00fccksprache mit Ihnen und geben Handlungsempfehlungen.<br \/>Mit unseren Ombudsmann-Services erf\u00fcllen wir diese Anforderungen:<\/p><ul><li><!--block--><strong>Meldef\u00e4higkeit eines Versto\u00dfes unmittelbar nach Eingang der Meldung pr\u00fcfen und Durchf\u00fchrung des Meldeverfahrens:<\/strong><\/li><\/ul><ol><li><!--block-->Eingangsbest\u00e4tigung<\/li><li><!--block-->Kommunikation mit Hinweisgeber<\/li><li><!--block-->R\u00fcckmeldung und Abschluss<\/li><li><!--block-->Aufbewahrungs- und L\u00f6schfristen einhalten<\/li><\/ol><p><!--block--><\/p><p><!--block--><\/p>\t\t\t\t\t\t\t\t<\/div>\n\t\t\t\t<\/div>\n\t\t\t\t<\/div>\n\t\t\t\t\t<\/div>\n\t\t\t\t<\/div>\n\t\t<div class=\"elementor-element elementor-element-61e8d93a e-flex e-con-boxed e-con e-parent\" data-id=\"61e8d93a\" data-element_type=\"container\" data-e-type=\"container\">\n\t\t\t\t\t<div class=\"e-con-inner\">\n\t\t<div class=\"elementor-element elementor-element-4056d684 e-con-full e-flex e-con e-child\" data-id=\"4056d684\" data-element_type=\"container\" data-e-type=\"container\">\n\t\t\t\t<div class=\"vamtam-has-theme-widget-styles elementor-element elementor-element-125cb44f elementor-widget elementor-widget-button\" data-id=\"125cb44f\" data-element_type=\"widget\" data-e-type=\"widget\" data-widget_type=\"button.default\">\n\t\t\t\t<div class=\"elementor-widget-container\">\n\t\t\t\t\t\t\t\t\t<div class=\"elementor-button-wrapper\">\n\t\t\t\t\t<a class=\"elementor-button elementor-button-link elementor-size-sm\" href=\"https:\/\/www.scutis.de\/index.php\/kontakt\/\" target=\"_blank\" rel=\"nofollow\">\n\t\t\t\t\t\t<span class=\"elementor-button-content-wrapper\">\n\t\t\t\t\t\t\t\t\t<span class=\"elementor-button-text\">Mehr erfahren<\/span>\n\t\t\t\t\t<\/span>\n\t\t\t\t\t<\/a>\n\t\t\t\t<\/div>\n\t\t\t\t\t\t\t\t<\/div>\n\t\t\t\t<\/div>\n\t\t\t\t<\/div>\n\t\t<div class=\"elementor-element elementor-element-19c0bc5 e-con-full e-flex e-con e-child\" data-id=\"19c0bc5\" data-element_type=\"container\" data-e-type=\"container\">\n\t\t\t\t<div class=\"vamtam-has-theme-widget-styles elementor-element elementor-element-9f5aed3 elementor-widget elementor-widget-button\" data-id=\"9f5aed3\" data-element_type=\"widget\" data-e-type=\"widget\" data-widget_type=\"button.default\">\n\t\t\t\t<div class=\"elementor-widget-container\">\n\t\t\t\t\t\t\t\t\t<div class=\"elementor-button-wrapper\">\n\t\t\t\t\t<a class=\"elementor-button elementor-button-link elementor-size-sm\" href=\"https:\/\/www.scutis.de\/index.php\/kontakt\/\" target=\"_blank\" rel=\"nofollow\">\n\t\t\t\t\t\t<span class=\"elementor-button-content-wrapper\">\n\t\t\t\t\t\t\t\t\t<span class=\"elementor-button-text\">Mehr erfahren<\/span>\n\t\t\t\t\t<\/span>\n\t\t\t\t\t<\/a>\n\t\t\t\t<\/div>\n\t\t\t\t\t\t\t\t<\/div>\n\t\t\t\t<\/div>\n\t\t\t\t<\/div>\n\t\t<div class=\"elementor-element elementor-element-7a7c9a7 e-con-full e-flex e-con e-child\" data-id=\"7a7c9a7\" data-element_type=\"container\" data-e-type=\"container\">\n\t\t\t\t<div class=\"vamtam-has-theme-widget-styles elementor-element elementor-element-12f0416 elementor-widget elementor-widget-button\" data-id=\"12f0416\" data-element_type=\"widget\" data-e-type=\"widget\" data-widget_type=\"button.default\">\n\t\t\t\t<div class=\"elementor-widget-container\">\n\t\t\t\t\t\t\t\t\t<div class=\"elementor-button-wrapper\">\n\t\t\t\t\t<a class=\"elementor-button elementor-button-link elementor-size-sm\" href=\"https:\/\/www.scutis.de\/index.php\/kontakt\/\" target=\"_blank\" rel=\"nofollow\">\n\t\t\t\t\t\t<span class=\"elementor-button-content-wrapper\">\n\t\t\t\t\t\t\t\t\t<span class=\"elementor-button-text\">Mehr erfahren<\/span>\n\t\t\t\t\t<\/span>\n\t\t\t\t\t<\/a>\n\t\t\t\t<\/div>\n\t\t\t\t\t\t\t\t<\/div>\n\t\t\t\t<\/div>\n\t\t\t\t<\/div>\n\t\t\t\t\t<\/div>\n\t\t\t\t<\/div>\n\t\t<div class=\"elementor-element elementor-element-7fc768cc e-grid e-con-boxed e-con e-parent\" data-id=\"7fc768cc\" data-element_type=\"container\" data-e-type=\"container\" data-settings=\"{&quot;background_background&quot;:&quot;classic&quot;}\">\n\t\t\t\t\t<div class=\"e-con-inner\">\n\t\t\t\t<div class=\"elementor-element elementor-element-4ee68796 elementor-widget elementor-widget-text-editor\" data-id=\"4ee68796\" data-element_type=\"widget\" data-e-type=\"widget\" data-widget_type=\"text-editor.default\">\n\t\t\t\t<div class=\"elementor-widget-container\">\n\t\t\t\t\t\t\t\t\t<p><!--block--><span style=\"color: #000000;\">Lassen Sie uns miteinander sprechen<\/span><\/p><h5><span style=\"color: #000000;\"><!--block-->Wir m\u00f6chten Ihnen unseren Service in einem kurzen Videocall gerne einmal vorstellen. Vereinbaren Sie doch einfach mit wenigen Klicks einen f\u00fcr Sie passenden Termin. Wir freuen uns auf das Gespr\u00e4ch mit Ihnen.<\/span><\/h5>\t\t\t\t\t\t\t\t<\/div>\n\t\t\t\t<\/div>\n\t\t\t\t<div class=\"vamtam-has-theme-widget-styles elementor-element elementor-element-3f7a3ed4 elementor-align-center elementor-widget elementor-widget-button\" data-id=\"3f7a3ed4\" data-element_type=\"widget\" data-e-type=\"widget\" data-widget_type=\"button.default\">\n\t\t\t\t<div class=\"elementor-widget-container\">\n\t\t\t\t\t\t\t\t\t<div class=\"elementor-button-wrapper\">\n\t\t\t\t\t<a class=\"elementor-button elementor-button-link elementor-size-sm\" href=\"https:\/\/www.scutis.de\/index.php\/kontakt\/\" target=\"_blank\" rel=\"nofollow\">\n\t\t\t\t\t\t<span class=\"elementor-button-content-wrapper\">\n\t\t\t\t\t\t\t\t\t<span class=\"elementor-button-text\">Erstgespr\u00e4ch vereinbaren<\/span>\n\t\t\t\t\t<\/span>\n\t\t\t\t\t<\/a>\n\t\t\t\t<\/div>\n\t\t\t\t\t\t\t\t<\/div>\n\t\t\t\t<\/div>\n\t\t\t\t\t<\/div>\n\t\t\t\t<\/div>\n\t\t<div class=\"elementor-element elementor-element-61ffed3a e-grid e-con-full e-con e-child\" data-id=\"61ffed3a\" data-element_type=\"container\" data-e-type=\"container\" data-settings=\"{&quot;background_background&quot;:&quot;gradient&quot;}\">\n\t\t\t\t<div class=\"elementor-element elementor-element-26702da1 elementor-widget elementor-widget-text-editor\" data-id=\"26702da1\" data-element_type=\"widget\" data-e-type=\"widget\" data-widget_type=\"text-editor.default\">\n\t\t\t\t<div class=\"elementor-widget-container\">\n\t\t\t\t\t\t\t\t\t<h2 class=\"text-align-center\" style=\"text-align: center;\"><!--block--><span style=\"color: #ffffff;\">Wir freuen uns auf gute Zusammenarbeit<\/span><\/h2><h6 class=\"text-align-center\"><span style=\"color: #ffffff;\"><!--block-->Melden Sie sich bei uns und wir finden gemeinsam heraus, wie wir Sie gezielt nach ihren Bed\u00fcrfnissen unterst\u00fctzen k\u00f6nnen.<\/span><\/h6>\t\t\t\t\t\t\t\t<\/div>\n\t\t\t\t<\/div>\n\t\t\t\t<div class=\"vamtam-has-theme-widget-styles elementor-element elementor-element-4ecf03fc elementor-align-center elementor-widget elementor-widget-button\" data-id=\"4ecf03fc\" data-element_type=\"widget\" data-e-type=\"widget\" data-widget_type=\"button.default\">\n\t\t\t\t<div class=\"elementor-widget-container\">\n\t\t\t\t\t\t\t\t\t<div class=\"elementor-button-wrapper\">\n\t\t\t\t\t<a class=\"elementor-button elementor-button-link elementor-size-sm\" href=\"https:\/\/www.scutis.de\/index.php\/kontakt\/\" target=\"_blank\" rel=\"nofollow\">\n\t\t\t\t\t\t<span class=\"elementor-button-content-wrapper\">\n\t\t\t\t\t\t\t\t\t<span class=\"elementor-button-text\">Kontaktieren Sie uns<\/span>\n\t\t\t\t\t<\/span>\n\t\t\t\t\t<\/a>\n\t\t\t\t<\/div>\n\t\t\t\t\t\t\t\t<\/div>\n\t\t\t\t<\/div>\n\t\t\t\t<\/div>\n\t\t\t\t<\/div>\n\t\t","protected":false},"excerpt":{"rendered":"<p>Hinweisgeberschutz-gesetz (HinSchG) &#8211; VaDok\u00ae &#8211; Whistleblow Was bedeutet das neue Hinweisgeberschutzgesetz f\u00fcr Sie und wie bereiten Sie sich vor? Das deutsche Hinweisgeberschutzgesetz trat am 2. Juli 2023 in Kraft und setzt die Richtlinie 2019\/1937 in nationales Recht um. Mit dem HinSchG wird eine gesetzliche Verpflichtung zur Einf\u00fchrung eines Hinweisgeberverfahrens (sogenannte \u201einterne Meldestelle\u201c) geregelt:\u00a0 F\u00fcr Besch\u00e4ftigungsgeber&#8230;<\/p>\n","protected":false},"author":1,"featured_media":0,"parent":0,"menu_order":0,"comment_status":"closed","ping_status":"closed","template":"","meta":{"footnotes":""},"class_list":["post-11590","page","type-page","status-publish","hentry"],"_links":{"self":[{"href":"https:\/\/www.scutis.de\/index.php\/wp-json\/wp\/v2\/pages\/11590","targetHints":{"allow":["GET"]}}],"collection":[{"href":"https:\/\/www.scutis.de\/index.php\/wp-json\/wp\/v2\/pages"}],"about":[{"href":"https:\/\/www.scutis.de\/index.php\/wp-json\/wp\/v2\/types\/page"}],"author":[{"embeddable":true,"href":"https:\/\/www.scutis.de\/index.php\/wp-json\/wp\/v2\/users\/1"}],"replies":[{"embeddable":true,"href":"https:\/\/www.scutis.de\/index.php\/wp-json\/wp\/v2\/comments?post=11590"}],"version-history":[{"count":55,"href":"https:\/\/www.scutis.de\/index.php\/wp-json\/wp\/v2\/pages\/11590\/revisions"}],"predecessor-version":[{"id":14599,"href":"https:\/\/www.scutis.de\/index.php\/wp-json\/wp\/v2\/pages\/11590\/revisions\/14599"}],"wp:attachment":[{"href":"https:\/\/www.scutis.de\/index.php\/wp-json\/wp\/v2\/media?parent=11590"}],"curies":[{"name":"wp","href":"https:\/\/api.w.org\/{rel}","templated":true}]}}