{"id":11588,"date":"2026-02-22T18:23:37","date_gmt":"2026-02-22T18:23:37","guid":{"rendered":"https:\/\/www.scutis.de\/?page_id=11588"},"modified":"2026-02-28T15:18:37","modified_gmt":"2026-02-28T15:18:37","slug":"datenschutz-und-dsgvo","status":"publish","type":"page","link":"https:\/\/www.scutis.de\/index.php\/datenschutz-und-dsgvo\/","title":{"rendered":"Datenschutz und DSGVO"},"content":{"rendered":"\t\t<div data-elementor-type=\"wp-page\" data-elementor-id=\"11588\" class=\"elementor elementor-11588\" data-elementor-post-type=\"page\">\n\t\t\t\t<div class=\"elementor-element elementor-element-16faf010 e-flex e-con-boxed e-con e-parent\" data-id=\"16faf010\" data-element_type=\"container\" data-e-type=\"container\" data-settings=\"{&quot;background_background&quot;:&quot;classic&quot;}\">\n\t\t\t\t\t<div class=\"e-con-inner\">\n\t\t<div class=\"elementor-element elementor-element-64340f0a e-con-full e-flex e-con e-child\" data-id=\"64340f0a\" data-element_type=\"container\" data-e-type=\"container\" data-settings=\"{&quot;background_background&quot;:&quot;classic&quot;}\">\n\t\t\t\t<\/div>\n\t\t<div class=\"elementor-element elementor-element-6397a091 e-con-full e-flex e-con e-child\" data-id=\"6397a091\" data-element_type=\"container\" data-e-type=\"container\">\n\t\t<div class=\"elementor-element elementor-element-59dba259 e-con-full e-flex e-con e-child\" data-id=\"59dba259\" data-element_type=\"container\" data-e-type=\"container\">\n\t\t\t\t<div class=\"elementor-element elementor-element-39826e4d elementor-widget elementor-widget-text-editor\" data-id=\"39826e4d\" data-element_type=\"widget\" data-e-type=\"widget\" data-widget_type=\"text-editor.default\">\n\t\t\t\t<div class=\"elementor-widget-container\">\n\t\t\t\t\t\t\t\t\t<h1><!--block--><strong>Datenschutz und DSGVO<\/strong><\/h1><h2><!--block-->Was bedeutet Datenschutz heutzutage und wie sch\u00fctzen Sie sich?<\/h2><p><!--block-->Die Schwerpunkte innerhalb der Datenschutzberatung sind je nach Branche und betrieblichem Umfeld unterschiedlich. Au\u00dferdem spielt die derzeitige Situation innerhalb des Unternehmens eine bedeutsame Rolle. Es gibt Unternehmen, die noch keine Ma\u00dfnahmen in Sachen Datenschutz und Datensicherheit durchgef\u00fchrt haben. Andere sind schon etwas weiter mit ihren Ma\u00dfnahmen im Datenschutz, weil sie beispielsweise einen Datenschutzbeauftragten benannt haben oder Datenschutzstandards bereits eingef\u00fchrt und Schulungen abgehalten haben. <strong>Die generelle Frage ist \u2013 in welchem datenschutzrechtlichen Status befinden Sie sich momentan?<\/strong> Wir finden es f\u00fcr Sie heraus durch einen kurzen Datenschutz-Quickcheck.\u00a0<\/p>\t\t\t\t\t\t\t\t<\/div>\n\t\t\t\t<\/div>\n\t\t\t\t<\/div>\n\t\t<div class=\"elementor-element elementor-element-26959cfb e-con-full e-flex e-con e-child\" data-id=\"26959cfb\" data-element_type=\"container\" data-e-type=\"container\">\n\t\t\t\t<div class=\"vamtam-has-theme-widget-styles elementor-element elementor-element-27a3ac2d elementor-align-left elementor-widget elementor-widget-button\" data-id=\"27a3ac2d\" data-element_type=\"widget\" data-e-type=\"widget\" data-widget_type=\"button.default\">\n\t\t\t\t<div class=\"elementor-widget-container\">\n\t\t\t\t\t\t\t\t\t<div class=\"elementor-button-wrapper\">\n\t\t\t\t\t<a class=\"elementor-button elementor-button-link elementor-size-sm\" href=\"https:\/\/www.scutis.de\/index.php\/kontakt\/\" target=\"_blank\" rel=\"nofollow\">\n\t\t\t\t\t\t<span class=\"elementor-button-content-wrapper\">\n\t\t\t\t\t\t\t\t\t<span class=\"elementor-button-text\">Datenschutz Quick Check beantragen<\/span>\n\t\t\t\t\t<\/span>\n\t\t\t\t\t<\/a>\n\t\t\t\t<\/div>\n\t\t\t\t\t\t\t\t<\/div>\n\t\t\t\t<\/div>\n\t\t\t\t<\/div>\n\t\t\t\t<\/div>\n\t\t\t\t\t<\/div>\n\t\t\t\t<\/div>\n\t\t<div class=\"elementor-element elementor-element-411b1426 e-flex e-con-boxed e-con e-parent\" data-id=\"411b1426\" data-element_type=\"container\" data-e-type=\"container\">\n\t\t\t\t\t<div class=\"e-con-inner\">\n\t\t<div class=\"elementor-element elementor-element-db22808 e-con-full e-flex e-con e-child\" data-id=\"db22808\" data-element_type=\"container\" data-e-type=\"container\">\n\t\t\t\t<div class=\"elementor-element elementor-element-560ce319 elementor-widget elementor-widget-image\" data-id=\"560ce319\" data-element_type=\"widget\" data-e-type=\"widget\" data-widget_type=\"image.default\">\n\t\t\t\t<div class=\"elementor-widget-container\">\n\t\t\t\t\t\t\t\t\t\t\t\t\t\t\t<img decoding=\"async\" src=\"https:\/\/www.scutis.de\/wp-content\/uploads\/2026\/02\/SCUTIS-WEB-31-1.avif\" class=\"attachment-full size-full wp-image-10682\" alt=\"\" \/>\t\t\t\t\t\t\t\t\t\t\t\t\t\t\t<\/div>\n\t\t\t\t<\/div>\n\t\t\t\t<\/div>\n\t\t<div class=\"elementor-element elementor-element-363117a e-con-full e-flex e-con e-child\" data-id=\"363117a\" data-element_type=\"container\" data-e-type=\"container\">\n\t\t\t\t<div class=\"elementor-element elementor-element-6fc9ae57 elementor-widget elementor-widget-image\" data-id=\"6fc9ae57\" data-element_type=\"widget\" data-e-type=\"widget\" data-widget_type=\"image.default\">\n\t\t\t\t<div class=\"elementor-widget-container\">\n\t\t\t\t\t\t\t\t\t\t\t\t\t\t\t<img fetchpriority=\"high\" decoding=\"async\" width=\"800\" height=\"779\" src=\"https:\/\/www.scutis.de\/wp-content\/uploads\/2026\/02\/SCUTIS-WEB-46.avif\" class=\"attachment-large size-large wp-image-10710\" alt=\"\" \/>\t\t\t\t\t\t\t\t\t\t\t\t\t\t\t<\/div>\n\t\t\t\t<\/div>\n\t\t\t\t<\/div>\n\t\t<div class=\"elementor-element elementor-element-cf3476d e-con-full e-flex e-con e-child\" data-id=\"cf3476d\" data-element_type=\"container\" data-e-type=\"container\">\n\t\t\t\t<div class=\"elementor-element elementor-element-6f2894f4 elementor-widget elementor-widget-image\" data-id=\"6f2894f4\" data-element_type=\"widget\" data-e-type=\"widget\" data-widget_type=\"image.default\">\n\t\t\t\t<div class=\"elementor-widget-container\">\n\t\t\t\t\t\t\t\t\t\t\t\t\t\t\t<img decoding=\"async\" width=\"1\" height=\"1\" src=\"https:\/\/www.scutis.de\/wp-content\/uploads\/2026\/02\/SCUTIS-WEB-11-2.avif\" class=\"attachment-large size-large wp-image-11550\" alt=\"\" \/>\t\t\t\t\t\t\t\t\t\t\t\t\t\t\t<\/div>\n\t\t\t\t<\/div>\n\t\t\t\t<\/div>\n\t\t<div class=\"elementor-element elementor-element-414e607b e-con-full e-flex e-con e-child\" data-id=\"414e607b\" data-element_type=\"container\" data-e-type=\"container\">\n\t\t\t\t<div class=\"elementor-element elementor-element-1bf5e4b2 elementor-widget elementor-widget-image\" data-id=\"1bf5e4b2\" data-element_type=\"widget\" data-e-type=\"widget\" data-widget_type=\"image.default\">\n\t\t\t\t<div class=\"elementor-widget-container\">\n\t\t\t\t\t\t\t\t\t\t\t\t\t\t\t<img decoding=\"async\" width=\"1\" height=\"1\" src=\"https:\/\/www.scutis.de\/wp-content\/uploads\/2026\/02\/SCUTIS-WEB-17.avif\" class=\"attachment-large size-large wp-image-10653\" alt=\"\" \/>\t\t\t\t\t\t\t\t\t\t\t\t\t\t\t<\/div>\n\t\t\t\t<\/div>\n\t\t\t\t<\/div>\n\t\t\t\t\t<\/div>\n\t\t\t\t<\/div>\n\t\t<div class=\"elementor-element elementor-element-5d1bc8e5 e-flex e-con-boxed e-con e-parent\" data-id=\"5d1bc8e5\" data-element_type=\"container\" data-e-type=\"container\">\n\t\t\t\t\t<div class=\"e-con-inner\">\n\t\t<div class=\"elementor-element elementor-element-7427d051 e-con-full e-flex e-con e-child\" data-id=\"7427d051\" data-element_type=\"container\" data-e-type=\"container\">\n\t\t\t\t<div class=\"elementor-element elementor-element-75d0ff03 elementor-widget elementor-widget-text-editor\" data-id=\"75d0ff03\" data-element_type=\"widget\" data-e-type=\"widget\" data-widget_type=\"text-editor.default\">\n\t\t\t\t<div class=\"elementor-widget-container\">\n\t\t\t\t\t\t\t\t\t<h3><!--block-->Stellung eines externen Datenschutzbeauftragten (eDSB)<\/h3><p><!--block-->Unser Kerngesch\u00e4ft &#8211; einer unserer erfahrenen Datenschutzspezialisten wird f\u00fcr Ihr Unternehmen als eDSB benannt. Dieser begleitet Sie bei der Umsetzung aller notwendigen Anforderungen, die Ihr Unternehmen nach Inkrafttreten der DSGVO in Verbindung mit dem Bundesdatenschutzgesetz (BDSG) erf\u00fcllen muss.<\/p>\t\t\t\t\t\t\t\t<\/div>\n\t\t\t\t<\/div>\n\t\t\t\t<\/div>\n\t\t<div class=\"elementor-element elementor-element-4d0abeea e-con-full e-flex e-con e-child\" data-id=\"4d0abeea\" data-element_type=\"container\" data-e-type=\"container\">\n\t\t\t\t<div class=\"elementor-element elementor-element-1d4823df elementor-widget elementor-widget-text-editor\" data-id=\"1d4823df\" data-element_type=\"widget\" data-e-type=\"widget\" data-widget_type=\"text-editor.default\">\n\t\t\t\t<div class=\"elementor-widget-container\">\n\t\t\t\t\t\t\t\t\t<h3><!--block-->Aufbau und Begleitung eines internen \/ externen Datenschutzbeauftragten (iDSB \/ eDSB)<\/h3><p><!--block-->Wir m\u00f6chten uns gerne \u00fcberfl\u00fcssig machen. W\u00e4hrend einer unserer Datenschutzspezialisten als eDSB in Ihrem Unternehmen benannt ist, kann dieser einen Ihrer Mitarbeiter darauf vorbereiten eines Tages selbst die Rolle des iDSB zu \u00fcbernehmen. Gerne begleiten wir auch Ihren bereits benannten betrieblichen DSB und stehen ihm mit Rat und Tat zur Seite.<\/p>\t\t\t\t\t\t\t\t<\/div>\n\t\t\t\t<\/div>\n\t\t\t\t<\/div>\n\t\t<div class=\"elementor-element elementor-element-78cca977 e-con-full e-flex e-con e-child\" data-id=\"78cca977\" data-element_type=\"container\" data-e-type=\"container\">\n\t\t\t\t<div class=\"elementor-element elementor-element-66a1b4e6 elementor-widget elementor-widget-text-editor\" data-id=\"66a1b4e6\" data-element_type=\"widget\" data-e-type=\"widget\" data-widget_type=\"text-editor.default\">\n\t\t\t\t<div class=\"elementor-widget-container\">\n\t\t\t\t\t\t\t\t\t<h3><!--block-->Unsere Datenschutzaudits und Checkup Services f\u00fcr Unternehmen<\/h3><p><!--block-->Mit laufenden Audits &amp; Check-ups unterst\u00fctzen wir Sie um gezielt Schwachstellen und Risiken in Ihrem Unternehmen zu identifizieren. Schritt f\u00fcr Schritt werden diese definiert, bewertet und dokumentiert. Danach erstellen wir f\u00fcr Sie einen Auditbericht und eine methodische Vorgehensweise, um ihren Datenschutz auf dem aktuellen gesetzeskonformen Stand zu halten.\u00a0<\/p>\t\t\t\t\t\t\t\t<\/div>\n\t\t\t\t<\/div>\n\t\t\t\t<\/div>\n\t\t<div class=\"elementor-element elementor-element-145d7612 e-con-full e-flex e-con e-child\" data-id=\"145d7612\" data-element_type=\"container\" data-e-type=\"container\">\n\t\t\t\t<div class=\"elementor-element elementor-element-f33afdf elementor-widget elementor-widget-text-editor\" data-id=\"f33afdf\" data-element_type=\"widget\" data-e-type=\"widget\" data-widget_type=\"text-editor.default\">\n\t\t\t\t<div class=\"elementor-widget-container\">\n\t\t\t\t\t\t\t\t\t<h3><!--block-->Aufbau und Pflege einer gesetzlich konformen Datenschutz-dokumentation<\/h3><p><!--block-->Mit der von uns eingesetzten L\u00f6sung <a href=\"http:\/\/www.vadok.de\" target=\"_blank\" rel=\"noopener\">VaDok\u00ae<\/a> erstellen wir f\u00fcr Sie strukturierte Dokumentationen f\u00fcr ein Datenschutz Management System. Und das ohne viel Aufwand, denn mit dieser flexiblen L\u00f6sung k\u00f6nnen individuelle Templates bzw. Vorlagen erstellt werden oder die vorhandenen Standardtemplates zum Datenschutz genutzt werden. VaDok\u00ae hilft uns hier beim Aufbau Ihrer Dokumentationen zur schnellen und einfachen Umsetzung der Anforderungen im Datenschutz.<\/p>\t\t\t\t\t\t\t\t<\/div>\n\t\t\t\t<\/div>\n\t\t\t\t<\/div>\n\t\t\t\t\t<\/div>\n\t\t\t\t<\/div>\n\t\t<div class=\"elementor-element elementor-element-c205f99 e-flex e-con-boxed e-con e-parent\" data-id=\"c205f99\" data-element_type=\"container\" data-e-type=\"container\">\n\t\t\t\t\t<div class=\"e-con-inner\">\n\t\t<div class=\"elementor-element elementor-element-6c1e3e67 e-con-full e-flex e-con e-child\" data-id=\"6c1e3e67\" data-element_type=\"container\" data-e-type=\"container\">\n\t\t\t\t<div class=\"vamtam-has-theme-widget-styles elementor-element elementor-element-647b191 elementor-widget elementor-widget-button\" data-id=\"647b191\" data-element_type=\"widget\" data-e-type=\"widget\" data-widget_type=\"button.default\">\n\t\t\t\t<div class=\"elementor-widget-container\">\n\t\t\t\t\t\t\t\t\t<div class=\"elementor-button-wrapper\">\n\t\t\t\t\t<a class=\"elementor-button elementor-button-link elementor-size-sm\" href=\"https:\/\/www.scutis.de\/index.php\/kontakt\/\" target=\"_blank\" rel=\"nofollow\">\n\t\t\t\t\t\t<span class=\"elementor-button-content-wrapper\">\n\t\t\t\t\t\t\t\t\t<span class=\"elementor-button-text\">Mehr erfahren<\/span>\n\t\t\t\t\t<\/span>\n\t\t\t\t\t<\/a>\n\t\t\t\t<\/div>\n\t\t\t\t\t\t\t\t<\/div>\n\t\t\t\t<\/div>\n\t\t\t\t<\/div>\n\t\t<div class=\"elementor-element elementor-element-42d07ac e-con-full e-flex e-con e-child\" data-id=\"42d07ac\" data-element_type=\"container\" data-e-type=\"container\">\n\t\t\t\t<div class=\"vamtam-has-theme-widget-styles elementor-element elementor-element-1ff26f2 elementor-widget elementor-widget-button\" data-id=\"1ff26f2\" data-element_type=\"widget\" data-e-type=\"widget\" data-widget_type=\"button.default\">\n\t\t\t\t<div class=\"elementor-widget-container\">\n\t\t\t\t\t\t\t\t\t<div class=\"elementor-button-wrapper\">\n\t\t\t\t\t<a class=\"elementor-button elementor-button-link elementor-size-sm\" href=\"https:\/\/www.scutis.de\/index.php\/kontakt\/\" target=\"_blank\" rel=\"nofollow\">\n\t\t\t\t\t\t<span class=\"elementor-button-content-wrapper\">\n\t\t\t\t\t\t\t\t\t<span class=\"elementor-button-text\">Mehr erfahren<\/span>\n\t\t\t\t\t<\/span>\n\t\t\t\t\t<\/a>\n\t\t\t\t<\/div>\n\t\t\t\t\t\t\t\t<\/div>\n\t\t\t\t<\/div>\n\t\t\t\t<\/div>\n\t\t<div class=\"elementor-element elementor-element-48321b0 e-con-full e-flex e-con e-child\" data-id=\"48321b0\" data-element_type=\"container\" data-e-type=\"container\">\n\t\t\t\t<div class=\"vamtam-has-theme-widget-styles elementor-element elementor-element-e21a991 elementor-widget elementor-widget-button\" data-id=\"e21a991\" data-element_type=\"widget\" data-e-type=\"widget\" data-widget_type=\"button.default\">\n\t\t\t\t<div class=\"elementor-widget-container\">\n\t\t\t\t\t\t\t\t\t<div class=\"elementor-button-wrapper\">\n\t\t\t\t\t<a class=\"elementor-button elementor-button-link elementor-size-sm\" href=\"https:\/\/www.scutis.de\/index.php\/kontakt\/\" target=\"_blank\" rel=\"nofollow\">\n\t\t\t\t\t\t<span class=\"elementor-button-content-wrapper\">\n\t\t\t\t\t\t\t\t\t<span class=\"elementor-button-text\">Mehr erfahren<\/span>\n\t\t\t\t\t<\/span>\n\t\t\t\t\t<\/a>\n\t\t\t\t<\/div>\n\t\t\t\t\t\t\t\t<\/div>\n\t\t\t\t<\/div>\n\t\t\t\t<\/div>\n\t\t<div class=\"elementor-element elementor-element-052a891 e-con-full e-flex e-con e-child\" data-id=\"052a891\" data-element_type=\"container\" data-e-type=\"container\">\n\t\t\t\t<div class=\"vamtam-has-theme-widget-styles elementor-element elementor-element-b782255 elementor-widget elementor-widget-button\" data-id=\"b782255\" data-element_type=\"widget\" data-e-type=\"widget\" data-widget_type=\"button.default\">\n\t\t\t\t<div class=\"elementor-widget-container\">\n\t\t\t\t\t\t\t\t\t<div class=\"elementor-button-wrapper\">\n\t\t\t\t\t<a class=\"elementor-button elementor-button-link elementor-size-sm\" href=\"https:\/\/www.scutis.de\/index.php\/kontakt\/\" target=\"_blank\" rel=\"nofollow\">\n\t\t\t\t\t\t<span class=\"elementor-button-content-wrapper\">\n\t\t\t\t\t\t\t\t\t<span class=\"elementor-button-text\">Mehr erfahren<\/span>\n\t\t\t\t\t<\/span>\n\t\t\t\t\t<\/a>\n\t\t\t\t<\/div>\n\t\t\t\t\t\t\t\t<\/div>\n\t\t\t\t<\/div>\n\t\t\t\t<\/div>\n\t\t\t\t\t<\/div>\n\t\t\t\t<\/div>\n\t\t<div class=\"elementor-element elementor-element-57e09b7b e-grid e-con-boxed e-con e-parent\" data-id=\"57e09b7b\" data-element_type=\"container\" data-e-type=\"container\" data-settings=\"{&quot;background_background&quot;:&quot;classic&quot;}\">\n\t\t\t\t\t<div class=\"e-con-inner\">\n\t\t\t\t<div class=\"elementor-element elementor-element-4505d952 elementor-widget elementor-widget-text-editor\" data-id=\"4505d952\" data-element_type=\"widget\" data-e-type=\"widget\" data-widget_type=\"text-editor.default\">\n\t\t\t\t<div class=\"elementor-widget-container\">\n\t\t\t\t\t\t\t\t\t<p><!--block--><span style=\"color: #000000;\">Lassen Sie uns miteinander sprechen<\/span><\/p><h5><span style=\"color: #000000;\"><!--block-->Wir m\u00f6chten Ihnen unseren Service in einem kurzen Videocall gerne einmal vorstellen. Vereinbaren Sie doch einfach mit wenigen Klicks einen f\u00fcr Sie passenden Termin. Wir freuen uns auf das Gespr\u00e4ch mit Ihnen.<\/span><\/h5>\t\t\t\t\t\t\t\t<\/div>\n\t\t\t\t<\/div>\n\t\t\t\t<div class=\"vamtam-has-theme-widget-styles elementor-element elementor-element-147e2902 elementor-align-center elementor-widget elementor-widget-button\" data-id=\"147e2902\" data-element_type=\"widget\" data-e-type=\"widget\" data-widget_type=\"button.default\">\n\t\t\t\t<div class=\"elementor-widget-container\">\n\t\t\t\t\t\t\t\t\t<div class=\"elementor-button-wrapper\">\n\t\t\t\t\t<a class=\"elementor-button elementor-button-link elementor-size-sm\" href=\"https:\/\/www.scutis.de\/index.php\/kontakt\/\" target=\"_blank\" rel=\"nofollow\">\n\t\t\t\t\t\t<span class=\"elementor-button-content-wrapper\">\n\t\t\t\t\t\t\t\t\t<span class=\"elementor-button-text\">Erstgespr\u00e4ch vereinbaren<\/span>\n\t\t\t\t\t<\/span>\n\t\t\t\t\t<\/a>\n\t\t\t\t<\/div>\n\t\t\t\t\t\t\t\t<\/div>\n\t\t\t\t<\/div>\n\t\t\t\t\t<\/div>\n\t\t\t\t<\/div>\n\t\t<div class=\"elementor-element elementor-element-b3b14f2 e-grid e-con-full e-con e-child\" data-id=\"b3b14f2\" data-element_type=\"container\" data-e-type=\"container\" data-settings=\"{&quot;background_background&quot;:&quot;gradient&quot;}\">\n\t\t\t\t<div class=\"elementor-element elementor-element-547ce67 elementor-widget elementor-widget-text-editor\" data-id=\"547ce67\" data-element_type=\"widget\" data-e-type=\"widget\" data-widget_type=\"text-editor.default\">\n\t\t\t\t<div class=\"elementor-widget-container\">\n\t\t\t\t\t\t\t\t\t<h2 class=\"text-align-center\" style=\"text-align: center;\"><!--block--><span style=\"color: #ffffff;\">Wir freuen uns auf gute Zusammenarbeit<\/span><\/h2><h6 class=\"text-align-center\"><span style=\"color: #ffffff;\"><!--block-->Melden Sie sich bei uns und wir finden gemeinsam heraus, wie wir Sie gezielt nach ihren Bed\u00fcrfnissen unterst\u00fctzen k\u00f6nnen.<\/span><\/h6>\t\t\t\t\t\t\t\t<\/div>\n\t\t\t\t<\/div>\n\t\t\t\t<div class=\"vamtam-has-theme-widget-styles elementor-element elementor-element-2a0ce2ed elementor-align-center elementor-widget elementor-widget-button\" data-id=\"2a0ce2ed\" data-element_type=\"widget\" data-e-type=\"widget\" data-widget_type=\"button.default\">\n\t\t\t\t<div class=\"elementor-widget-container\">\n\t\t\t\t\t\t\t\t\t<div class=\"elementor-button-wrapper\">\n\t\t\t\t\t<a class=\"elementor-button elementor-button-link elementor-size-sm\" href=\"https:\/\/www.scutis.de\/index.php\/kontakt\/\" target=\"_blank\" rel=\"nofollow\">\n\t\t\t\t\t\t<span class=\"elementor-button-content-wrapper\">\n\t\t\t\t\t\t\t\t\t<span class=\"elementor-button-text\">Kontaktieren Sie uns<\/span>\n\t\t\t\t\t<\/span>\n\t\t\t\t\t<\/a>\n\t\t\t\t<\/div>\n\t\t\t\t\t\t\t\t<\/div>\n\t\t\t\t<\/div>\n\t\t\t\t<\/div>\n\t\t\t\t<\/div>\n\t\t","protected":false},"excerpt":{"rendered":"<p>Datenschutz und DSGVO Was bedeutet Datenschutz heutzutage und wie sch\u00fctzen Sie sich? Die Schwerpunkte innerhalb der Datenschutzberatung sind je nach Branche und betrieblichem Umfeld unterschiedlich. Au\u00dferdem spielt die derzeitige Situation innerhalb des Unternehmens eine bedeutsame Rolle. Es gibt Unternehmen, die noch keine Ma\u00dfnahmen in Sachen Datenschutz und Datensicherheit durchgef\u00fchrt haben. Andere sind schon etwas weiter&#8230;<\/p>\n","protected":false},"author":1,"featured_media":0,"parent":0,"menu_order":0,"comment_status":"closed","ping_status":"closed","template":"","meta":{"footnotes":""},"class_list":["post-11588","page","type-page","status-publish","hentry"],"_links":{"self":[{"href":"https:\/\/www.scutis.de\/index.php\/wp-json\/wp\/v2\/pages\/11588","targetHints":{"allow":["GET"]}}],"collection":[{"href":"https:\/\/www.scutis.de\/index.php\/wp-json\/wp\/v2\/pages"}],"about":[{"href":"https:\/\/www.scutis.de\/index.php\/wp-json\/wp\/v2\/types\/page"}],"author":[{"embeddable":true,"href":"https:\/\/www.scutis.de\/index.php\/wp-json\/wp\/v2\/users\/1"}],"replies":[{"embeddable":true,"href":"https:\/\/www.scutis.de\/index.php\/wp-json\/wp\/v2\/comments?post=11588"}],"version-history":[{"count":25,"href":"https:\/\/www.scutis.de\/index.php\/wp-json\/wp\/v2\/pages\/11588\/revisions"}],"predecessor-version":[{"id":14301,"href":"https:\/\/www.scutis.de\/index.php\/wp-json\/wp\/v2\/pages\/11588\/revisions\/14301"}],"wp:attachment":[{"href":"https:\/\/www.scutis.de\/index.php\/wp-json\/wp\/v2\/media?parent=11588"}],"curies":[{"name":"wp","href":"https:\/\/api.w.org\/{rel}","templated":true}]}}