{"id":11584,"date":"2026-02-22T18:23:14","date_gmt":"2026-02-22T18:23:14","guid":{"rendered":"https:\/\/www.scutis.de\/?page_id=11584"},"modified":"2026-02-28T15:07:38","modified_gmt":"2026-02-28T15:07:38","slug":"informationssicherheit-infosec","status":"publish","type":"page","link":"https:\/\/www.scutis.de\/index.php\/informationssicherheit-infosec\/","title":{"rendered":"Informationssicherheit (INFOSEC)"},"content":{"rendered":"\t\t<div data-elementor-type=\"wp-page\" data-elementor-id=\"11584\" class=\"elementor elementor-11584\" data-elementor-post-type=\"page\">\n\t\t\t\t<div class=\"elementor-element elementor-element-f1b8184 e-flex e-con-boxed e-con e-parent\" data-id=\"f1b8184\" data-element_type=\"container\" data-e-type=\"container\" data-settings=\"{&quot;background_background&quot;:&quot;classic&quot;}\">\n\t\t\t\t\t<div class=\"e-con-inner\">\n\t\t<div class=\"elementor-element elementor-element-43664dda e-con-full e-flex e-con e-child\" data-id=\"43664dda\" data-element_type=\"container\" data-e-type=\"container\" data-settings=\"{&quot;background_background&quot;:&quot;classic&quot;}\">\n\t\t\t\t<\/div>\n\t\t<div class=\"elementor-element elementor-element-6f124603 e-con-full e-flex e-con e-child\" data-id=\"6f124603\" data-element_type=\"container\" data-e-type=\"container\">\n\t\t<div class=\"elementor-element elementor-element-4c82b8be e-con-full e-flex e-con e-child\" data-id=\"4c82b8be\" data-element_type=\"container\" data-e-type=\"container\">\n\t\t\t\t<div class=\"elementor-element elementor-element-9f6319 elementor-widget elementor-widget-text-editor\" data-id=\"9f6319\" data-element_type=\"widget\" data-e-type=\"widget\" data-widget_type=\"text-editor.default\">\n\t\t\t\t<div class=\"elementor-widget-container\">\n\t\t\t\t\t\t\t\t\t<h1><!--block--><strong>Informationssicherheit (InfoSec)<\/strong><\/h1><h2><!--block-->Wie wichtig ist f\u00fcr den IT-Grundschutz die Informationssicherheit heutzutage und wie sch\u00fctzen Sie sich vor Risiken?<\/h2><p><!--block-->Die Informationssicherheit f\u00fcr Unternehmen ist keine einmalige Investition oder Aktivit\u00e4t, um Cyber-Bedrohungen zuk\u00fcnftig zu vermeiden. Vielmehr handelt es sich um einen kontinuierlichen Prozess der Informationssicherheit, in dem eine Reihe von sorgf\u00e4ltig geplanten technischen und organisatorischen Ma\u00dfnahmen umgesetzt werden m\u00fcssen um ein dem Standard entsprechendes Niveau an IT-Sicherheit zu erreichen. Je nach Unternehmen und Gr\u00f6\u00dfe gelten hier Standards, wie die VdS-Richtlinie (VdS 10000) f\u00fcr die Informationssicherheit, die die Mindestanforderungen an die Informationssicherheit eines Unternehmens definiert. Ihr Hauptziel ist es, ein Informationssicherheits-Managementsystem (ISMS) zu etablieren, das mit begrenzten Ressourcen effizient und kosteng\u00fcnstig umsetzbar ist. Die etablierten IS-Standards wie ISO\/IEC 27001 oder der BSI-Standard 100-2 und der Nachfolger 200-2 sind f\u00fcr gr\u00f6\u00dfere Unternehmen mit einer komplexen IT-Infrastruktur geeignet und deren Umsetzung ist auch aufwendiger, was die Ressourcen und die Implementierung f\u00fcr ein Unternehmen betrifft.<\/p><p>Nicht destotrotz stellt eine vollst\u00e4ndige und sachgerechte Dokumentation f\u00fcr den IT-Grundschutz und die Unternehmenssicherheit die Grundlage einer erfolgreichen Umsetzung der IT-Compliance und der IT-Governance oder eines Integrierten Management Informationssystems (IMIS) dar. Es dient dem Nachweis der getroffenen organisatorischen und technischen Ma\u00dfnahmen im Unternehmen, ist Grundelement eines unternehmensweiten prozessorientierten IT-Qualit\u00e4ts-Managements und ist unabdingbar bei deren \u00dcberwachung und Verbesserung.<\/p><p>Diese kann nicht nur durch Gesetze und Regelungen verpflichtend sein, sondern auch freiwillig initiiert und erstellt werden. Bei der Vielzahl der Unternehmensanforderungen und gesetzlichen Auflagen ist es empfehlenswert, einen unternehmensweiten, ganzheitlichen Dokumentationsansatz zu etablieren (IMIS). Anstatt jede Norm einzeln zu betrachten und zu realisieren, ist eine globale Betrachtung von enormem Vorteil. Eine Reihe abteilungs\u00fcbergreifender organisatorischer und technischer Ma\u00dfnahmen k\u00f6nnen diverse Anforderungen gleichzeitig und sehr effizient abdecken. Dies betrifft auch die notwendige Dokumentation der genannten Ma\u00dfnahmen.<\/p><p>Die Schwerpunkte innerhalb des IT-Grundschutzes und der Unternehmenssicherheit sind je nach Branche und betrieblichen Umfeld unterschiedlich. Au\u00dferdem spielt die derzeitige Situation innerhalb des Unternehmens eine bedeutsame Rolle.<\/p><p>Es gibt Unternehmen, die noch keine Ma\u00dfnahmen in Sachen Datensicherheit nach den Standards ISO 27001 und VDS 10000 durchgef\u00fchrt haben. Andere sind schon etwas weiter mit ihren Ma\u00dfnahmen f\u00fcr Unternehmenssicherheit, weil sie beispielsweise schon Zertifizierung f\u00fcr ihr Unternehmen durchgef\u00fchrt haben oder bereits IT Sicherheitsstandards eingef\u00fchrt und Schulungen abgehalten haben. <strong>Die generelle Frage ist \u2013 in welchen Informationssicherheit Status befinden Sie sich momentan?<\/strong> Wir finden es f\u00fcr Sie heraus durch einen kurzen IT-Grundschutz Quickcheck.\u00a0<\/p>\t\t\t\t\t\t\t\t<\/div>\n\t\t\t\t<\/div>\n\t\t\t\t<\/div>\n\t\t<div class=\"elementor-element elementor-element-1df45e13 e-con-full e-flex e-con e-child\" data-id=\"1df45e13\" data-element_type=\"container\" data-e-type=\"container\">\n\t\t\t\t<div class=\"vamtam-has-theme-widget-styles elementor-element elementor-element-557087c2 elementor-align-left elementor-widget elementor-widget-button\" data-id=\"557087c2\" data-element_type=\"widget\" data-e-type=\"widget\" data-widget_type=\"button.default\">\n\t\t\t\t<div class=\"elementor-widget-container\">\n\t\t\t\t\t\t\t\t\t<div class=\"elementor-button-wrapper\">\n\t\t\t\t\t<a class=\"elementor-button elementor-button-link elementor-size-sm\" href=\"https:\/\/www.scutis.de\/index.php\/kontakt\/\" target=\"_blank\" rel=\"nofollow\">\n\t\t\t\t\t\t<span class=\"elementor-button-content-wrapper\">\n\t\t\t\t\t\t\t\t\t<span class=\"elementor-button-text\">Compliance Quick Check beantragen<\/span>\n\t\t\t\t\t<\/span>\n\t\t\t\t\t<\/a>\n\t\t\t\t<\/div>\n\t\t\t\t\t\t\t\t<\/div>\n\t\t\t\t<\/div>\n\t\t\t\t<\/div>\n\t\t\t\t<\/div>\n\t\t\t\t\t<\/div>\n\t\t\t\t<\/div>\n\t\t<div class=\"elementor-element elementor-element-b30fe3a e-flex e-con-boxed e-con e-parent\" data-id=\"b30fe3a\" data-element_type=\"container\" data-e-type=\"container\">\n\t\t\t\t\t<div class=\"e-con-inner\">\n\t\t<div class=\"elementor-element elementor-element-1d6e4dd e-con-full e-flex e-con e-child\" data-id=\"1d6e4dd\" data-element_type=\"container\" data-e-type=\"container\">\n\t\t\t\t<div class=\"elementor-element elementor-element-825abc6 elementor-widget elementor-widget-image\" data-id=\"825abc6\" data-element_type=\"widget\" data-e-type=\"widget\" data-widget_type=\"image.default\">\n\t\t\t\t<div class=\"elementor-widget-container\">\n\t\t\t\t\t\t\t\t\t\t\t\t\t\t\t<img fetchpriority=\"high\" decoding=\"async\" width=\"640\" height=\"426\" src=\"https:\/\/www.scutis.de\/wp-content\/uploads\/2026\/02\/SCUTIS-WEB-60.avif\" class=\"attachment-full size-full wp-image-11628\" alt=\"\" \/>\t\t\t\t\t\t\t\t\t\t\t\t\t\t\t<\/div>\n\t\t\t\t<\/div>\n\t\t\t\t<\/div>\n\t\t<div class=\"elementor-element elementor-element-c6173cd e-con-full e-flex e-con e-child\" data-id=\"c6173cd\" data-element_type=\"container\" data-e-type=\"container\">\n\t\t\t\t<div class=\"elementor-element elementor-element-0a9b02c elementor-widget elementor-widget-image\" data-id=\"0a9b02c\" data-element_type=\"widget\" data-e-type=\"widget\" data-widget_type=\"image.default\">\n\t\t\t\t<div class=\"elementor-widget-container\">\n\t\t\t\t\t\t\t\t\t\t\t\t\t\t\t<img decoding=\"async\" width=\"1\" height=\"1\" src=\"https:\/\/www.scutis.de\/wp-content\/uploads\/2026\/02\/SCUTIS-WEB-63.avif\" class=\"attachment-large size-large wp-image-11631\" alt=\"\" \/>\t\t\t\t\t\t\t\t\t\t\t\t\t\t\t<\/div>\n\t\t\t\t<\/div>\n\t\t\t\t<\/div>\n\t\t<div class=\"elementor-element elementor-element-df910f7 e-con-full e-flex e-con e-child\" data-id=\"df910f7\" data-element_type=\"container\" data-e-type=\"container\">\n\t\t\t\t<div class=\"elementor-element elementor-element-4a30b24 elementor-widget elementor-widget-image\" data-id=\"4a30b24\" data-element_type=\"widget\" data-e-type=\"widget\" data-widget_type=\"image.default\">\n\t\t\t\t<div class=\"elementor-widget-container\">\n\t\t\t\t\t\t\t\t\t\t\t\t\t\t\t<img decoding=\"async\" width=\"1\" height=\"1\" src=\"https:\/\/www.scutis.de\/wp-content\/uploads\/2026\/02\/SCUTIS-WEB-62.avif\" class=\"attachment-large size-large wp-image-11630\" alt=\"\" \/>\t\t\t\t\t\t\t\t\t\t\t\t\t\t\t<\/div>\n\t\t\t\t<\/div>\n\t\t\t\t<\/div>\n\t\t<div class=\"elementor-element elementor-element-8c50c11 e-con-full e-flex e-con e-child\" data-id=\"8c50c11\" data-element_type=\"container\" data-e-type=\"container\">\n\t\t\t\t<div class=\"elementor-element elementor-element-b2ef9ac elementor-widget elementor-widget-image\" data-id=\"b2ef9ac\" data-element_type=\"widget\" data-e-type=\"widget\" data-widget_type=\"image.default\">\n\t\t\t\t<div class=\"elementor-widget-container\">\n\t\t\t\t\t\t\t\t\t\t\t\t\t\t\t<img loading=\"lazy\" decoding=\"async\" width=\"1\" height=\"1\" src=\"https:\/\/www.scutis.de\/wp-content\/uploads\/2026\/02\/SCUTIS-WEB-61.avif\" class=\"attachment-large size-large wp-image-11629\" alt=\"\" \/>\t\t\t\t\t\t\t\t\t\t\t\t\t\t\t<\/div>\n\t\t\t\t<\/div>\n\t\t\t\t<\/div>\n\t\t\t\t\t<\/div>\n\t\t\t\t<\/div>\n\t\t<div class=\"elementor-element elementor-element-a837035 e-flex e-con-boxed e-con e-parent\" data-id=\"a837035\" data-element_type=\"container\" data-e-type=\"container\">\n\t\t\t\t\t<div class=\"e-con-inner\">\n\t\t<div class=\"elementor-element elementor-element-e576302 e-con-full e-flex e-con e-child\" data-id=\"e576302\" data-element_type=\"container\" data-e-type=\"container\">\n\t\t\t\t<div class=\"elementor-element elementor-element-4a9fd24 elementor-widget elementor-widget-text-editor\" data-id=\"4a9fd24\" data-element_type=\"widget\" data-e-type=\"widget\" data-widget_type=\"text-editor.default\">\n\t\t\t\t<div class=\"elementor-widget-container\">\n\t\t\t\t\t\t\t\t\t<h3><!--block-->Stellung eines externen <br \/>IT-Sicherheitsexperten<br \/>und\u00a0<br \/>IT-Compliance<br \/>Beauftragten<\/h3><p><!--block-->Durch unsere Expertise in den Bereichen IT-Sicherheit und Datenschutz in verschiedenen Branchen und Organisationen optimieren wir Ihr Unternehmen nach den Bestimmungen und Erfordernissen des BSI-Gesetzes \u00a7 8a IT-SIG, damit Sie die formalen und regulativen Anforderungen der IT-Sicherheit und des Datenschutzes erf\u00fcllen.\u00a0<\/p><p><!--block-->Wir helfen Ihnen bei der konzeptionellen Vorbereitung zur Zertifizierung der IT-Standards.<\/p>\t\t\t\t\t\t\t\t<\/div>\n\t\t\t\t<\/div>\n\t\t\t\t<\/div>\n\t\t<div class=\"elementor-element elementor-element-6182082 e-con-full e-flex e-con e-child\" data-id=\"6182082\" data-element_type=\"container\" data-e-type=\"container\">\n\t\t\t\t<div class=\"elementor-element elementor-element-ee349f7 elementor-widget elementor-widget-text-editor\" data-id=\"ee349f7\" data-element_type=\"widget\" data-e-type=\"widget\" data-widget_type=\"text-editor.default\">\n\t\t\t\t<div class=\"elementor-widget-container\">\n\t\t\t\t\t\t\t\t\t<h3><!--block-->Aufbau und Begleitung bei einem IT-Sicherheitskonzept nach Standard VdS 10000 und ISO\/IEC-27001\u00a0<\/h3><p><!--block-->Wir helfen Ihnen beim Aufbau eines ISMS Systems und begleiten bei der Umsetzung von ISO 27001 oder VdS 10000 und der Durchf\u00fchrung eines internen Audits. Wir begleiten Sie fachlich<br \/>bei externen Zertifizierungs-Audits und unterst\u00fctzen bei der Umsetzung von Richtlinien, Schulungen und bei relevanten\u00a0 Sicherheitsvorf\u00e4llen. Wir agieren als Ihre externe Unterst\u00fctzung f\u00fcr ihre Informationssicherheit.<\/p>\t\t\t\t\t\t\t\t<\/div>\n\t\t\t\t<\/div>\n\t\t\t\t<\/div>\n\t\t<div class=\"elementor-element elementor-element-f329750 e-con-full e-flex e-con e-child\" data-id=\"f329750\" data-element_type=\"container\" data-e-type=\"container\">\n\t\t\t\t<div class=\"elementor-element elementor-element-06cf034 elementor-widget elementor-widget-text-editor\" data-id=\"06cf034\" data-element_type=\"widget\" data-e-type=\"widget\" data-widget_type=\"text-editor.default\">\n\t\t\t\t<div class=\"elementor-widget-container\">\n\t\t\t\t\t\t\t\t\t<h3><!--block-->Implementierung und Projektierung f\u00fcr ein IT-Sicherheitskonzept f\u00fcr Unternehmen und\u00a0 Organisationen<\/h3><p><!--block-->Eine der ersten Aufgaben bei der Implementierung eines\u00a0<br \/>ISMS ist die Festlegung des konkreten Anwendungs- bzw.\u00a0<br \/>Geltungsbereichs (engl.: Scope) als auch die Durchf\u00fchrung einer Szenarioanalyse die eine\u00a0 Anforderungs- und Umfeldanalyse und die daraus folgenden Risiken mit einschlie\u00dft. Daraufhin folgt eine Management Review um die Ergebnisse zu evaluieren und Entscheidungen zu m\u00f6glichen Verbesserungen zu treffen.<\/p>\t\t\t\t\t\t\t\t<\/div>\n\t\t\t\t<\/div>\n\t\t\t\t<\/div>\n\t\t<div class=\"elementor-element elementor-element-5d407e9 e-con-full e-flex e-con e-child\" data-id=\"5d407e9\" data-element_type=\"container\" data-e-type=\"container\">\n\t\t\t\t<div class=\"elementor-element elementor-element-39c6d14 elementor-widget elementor-widget-text-editor\" data-id=\"39c6d14\" data-element_type=\"widget\" data-e-type=\"widget\" data-widget_type=\"text-editor.default\">\n\t\t\t\t<div class=\"elementor-widget-container\">\n\t\t\t\t\t\t\t\t\t<h3><!--block-->Aufbau eines<br \/>gesetzlich konformes Information Security Dokumentations Management Systems \u00a0<\/h3><p><!--block-->Mit der von uns eingesetzten L\u00f6sung <a href=\"http:\/\/www.vadok.de\" target=\"_blank\" rel=\"noopener\">VaDok\u00ae<\/a> erstellen wir f\u00fcr Sie strukturierte Dokumentationen f\u00fcr ein Information Security Managementsystem. Und das ohne viel Aufwand, denn mit dieser flexiblen L\u00f6sung k\u00f6nnen individuelle Templates bzw. Vorlagen erstellt werden oder\u00a0 vorhandene Standardtemplates genutzt werden. VaDok\u00ae hilft uns hier beim Aufbau Ihrer\u00a0 Dokumentationen zur optimalen Umsetzung der IT-Compliance.\u00a0<\/p>\t\t\t\t\t\t\t\t<\/div>\n\t\t\t\t<\/div>\n\t\t\t\t<\/div>\n\t\t\t\t\t<\/div>\n\t\t\t\t<\/div>\n\t\t<div class=\"elementor-element elementor-element-d13c65a e-flex e-con-boxed e-con e-parent\" data-id=\"d13c65a\" data-element_type=\"container\" data-e-type=\"container\">\n\t\t\t\t\t<div class=\"e-con-inner\">\n\t\t<div class=\"elementor-element elementor-element-fd95f66 e-con-full e-flex e-con e-child\" data-id=\"fd95f66\" data-element_type=\"container\" data-e-type=\"container\">\n\t\t\t\t<div class=\"vamtam-has-theme-widget-styles elementor-element elementor-element-d79dfab elementor-widget elementor-widget-button\" data-id=\"d79dfab\" data-element_type=\"widget\" data-e-type=\"widget\" data-widget_type=\"button.default\">\n\t\t\t\t<div class=\"elementor-widget-container\">\n\t\t\t\t\t\t\t\t\t<div class=\"elementor-button-wrapper\">\n\t\t\t\t\t<a class=\"elementor-button elementor-button-link elementor-size-sm\" href=\"https:\/\/www.scutis.de\/index.php\/kontakt\/\" target=\"_blank\" rel=\"nofollow\">\n\t\t\t\t\t\t<span class=\"elementor-button-content-wrapper\">\n\t\t\t\t\t\t\t\t\t<span class=\"elementor-button-text\">Mehr erfahren<\/span>\n\t\t\t\t\t<\/span>\n\t\t\t\t\t<\/a>\n\t\t\t\t<\/div>\n\t\t\t\t\t\t\t\t<\/div>\n\t\t\t\t<\/div>\n\t\t\t\t<\/div>\n\t\t<div class=\"elementor-element elementor-element-2e4c7ff e-con-full e-flex e-con e-child\" data-id=\"2e4c7ff\" data-element_type=\"container\" data-e-type=\"container\">\n\t\t\t\t<div class=\"vamtam-has-theme-widget-styles elementor-element elementor-element-3b8cf6c elementor-widget elementor-widget-button\" data-id=\"3b8cf6c\" data-element_type=\"widget\" data-e-type=\"widget\" data-widget_type=\"button.default\">\n\t\t\t\t<div class=\"elementor-widget-container\">\n\t\t\t\t\t\t\t\t\t<div class=\"elementor-button-wrapper\">\n\t\t\t\t\t<a class=\"elementor-button elementor-button-link elementor-size-sm\" href=\"https:\/\/www.scutis.de\/index.php\/kontakt\/\" target=\"_blank\" rel=\"nofollow\">\n\t\t\t\t\t\t<span class=\"elementor-button-content-wrapper\">\n\t\t\t\t\t\t\t\t\t<span class=\"elementor-button-text\">Mehr erfahren<\/span>\n\t\t\t\t\t<\/span>\n\t\t\t\t\t<\/a>\n\t\t\t\t<\/div>\n\t\t\t\t\t\t\t\t<\/div>\n\t\t\t\t<\/div>\n\t\t\t\t<\/div>\n\t\t<div class=\"elementor-element elementor-element-38818e0 e-con-full e-flex e-con e-child\" data-id=\"38818e0\" data-element_type=\"container\" data-e-type=\"container\">\n\t\t\t\t<div class=\"vamtam-has-theme-widget-styles elementor-element elementor-element-10e152d elementor-widget elementor-widget-button\" data-id=\"10e152d\" data-element_type=\"widget\" data-e-type=\"widget\" data-widget_type=\"button.default\">\n\t\t\t\t<div class=\"elementor-widget-container\">\n\t\t\t\t\t\t\t\t\t<div class=\"elementor-button-wrapper\">\n\t\t\t\t\t<a class=\"elementor-button elementor-button-link elementor-size-sm\" href=\"https:\/\/www.scutis.de\/index.php\/kontakt\/\" target=\"_blank\" rel=\"nofollow\">\n\t\t\t\t\t\t<span class=\"elementor-button-content-wrapper\">\n\t\t\t\t\t\t\t\t\t<span class=\"elementor-button-text\">Mehr erfahren<\/span>\n\t\t\t\t\t<\/span>\n\t\t\t\t\t<\/a>\n\t\t\t\t<\/div>\n\t\t\t\t\t\t\t\t<\/div>\n\t\t\t\t<\/div>\n\t\t\t\t<\/div>\n\t\t<div class=\"elementor-element elementor-element-0d0fc1f e-con-full e-flex e-con e-child\" data-id=\"0d0fc1f\" data-element_type=\"container\" data-e-type=\"container\">\n\t\t\t\t<div class=\"vamtam-has-theme-widget-styles elementor-element elementor-element-35d9da6 elementor-widget elementor-widget-button\" data-id=\"35d9da6\" data-element_type=\"widget\" data-e-type=\"widget\" data-widget_type=\"button.default\">\n\t\t\t\t<div class=\"elementor-widget-container\">\n\t\t\t\t\t\t\t\t\t<div class=\"elementor-button-wrapper\">\n\t\t\t\t\t<a class=\"elementor-button elementor-button-link elementor-size-sm\" href=\"https:\/\/www.scutis.de\/index.php\/kontakt\/\" target=\"_blank\" rel=\"nofollow\">\n\t\t\t\t\t\t<span class=\"elementor-button-content-wrapper\">\n\t\t\t\t\t\t\t\t\t<span class=\"elementor-button-text\">Mehr erfahren<\/span>\n\t\t\t\t\t<\/span>\n\t\t\t\t\t<\/a>\n\t\t\t\t<\/div>\n\t\t\t\t\t\t\t\t<\/div>\n\t\t\t\t<\/div>\n\t\t\t\t<\/div>\n\t\t\t\t\t<\/div>\n\t\t\t\t<\/div>\n\t\t<div class=\"elementor-element elementor-element-8c9c5fe e-grid e-con-boxed e-con e-parent\" data-id=\"8c9c5fe\" data-element_type=\"container\" data-e-type=\"container\" data-settings=\"{&quot;background_background&quot;:&quot;classic&quot;}\">\n\t\t\t\t\t<div class=\"e-con-inner\">\n\t\t\t\t<div class=\"elementor-element elementor-element-26c9c98 elementor-widget elementor-widget-text-editor\" data-id=\"26c9c98\" data-element_type=\"widget\" data-e-type=\"widget\" data-widget_type=\"text-editor.default\">\n\t\t\t\t<div class=\"elementor-widget-container\">\n\t\t\t\t\t\t\t\t\t<p><!--block--><span style=\"color: #000000;\">Lassen Sie uns miteinander sprechen<\/span><\/p><h5><span style=\"color: #000000;\"><!--block-->Wir m\u00f6chten Ihnen unseren Service in einem kurzen Videocall gerne einmal vorstellen. Vereinbaren Sie doch einfach mit wenigen Klicks einen f\u00fcr Sie passenden Termin. Wir freuen uns auf das Gespr\u00e4ch mit Ihnen.<\/span><\/h5>\t\t\t\t\t\t\t\t<\/div>\n\t\t\t\t<\/div>\n\t\t\t\t<div class=\"vamtam-has-theme-widget-styles elementor-element elementor-element-b47be9b elementor-align-center elementor-widget elementor-widget-button\" data-id=\"b47be9b\" data-element_type=\"widget\" data-e-type=\"widget\" data-widget_type=\"button.default\">\n\t\t\t\t<div class=\"elementor-widget-container\">\n\t\t\t\t\t\t\t\t\t<div class=\"elementor-button-wrapper\">\n\t\t\t\t\t<a class=\"elementor-button elementor-button-link elementor-size-sm\" href=\"https:\/\/www.scutis.de\/index.php\/kontakt\/\" target=\"_blank\" rel=\"nofollow\">\n\t\t\t\t\t\t<span class=\"elementor-button-content-wrapper\">\n\t\t\t\t\t\t\t\t\t<span class=\"elementor-button-text\">Erstgespr\u00e4ch vereinbaren<\/span>\n\t\t\t\t\t<\/span>\n\t\t\t\t\t<\/a>\n\t\t\t\t<\/div>\n\t\t\t\t\t\t\t\t<\/div>\n\t\t\t\t<\/div>\n\t\t\t\t\t<\/div>\n\t\t\t\t<\/div>\n\t\t<div class=\"elementor-element elementor-element-3c5e523 e-grid e-con-full e-con e-child\" data-id=\"3c5e523\" data-element_type=\"container\" data-e-type=\"container\" data-settings=\"{&quot;background_background&quot;:&quot;gradient&quot;}\">\n\t\t\t\t<div class=\"elementor-element elementor-element-e166dca elementor-widget elementor-widget-text-editor\" data-id=\"e166dca\" data-element_type=\"widget\" data-e-type=\"widget\" data-widget_type=\"text-editor.default\">\n\t\t\t\t<div class=\"elementor-widget-container\">\n\t\t\t\t\t\t\t\t\t<h2 class=\"text-align-center\" style=\"text-align: center;\"><!--block--><span style=\"color: #ffffff;\">Wir freuen uns auf gute Zusammenarbeit<\/span><\/h2><h6 class=\"text-align-center\"><span style=\"color: #ffffff;\"><!--block-->Melden Sie sich bei uns und wir finden gemeinsam heraus, wie wir Sie gezielt nach ihren Bed\u00fcrfnissen unterst\u00fctzen k\u00f6nnen.<\/span><\/h6>\t\t\t\t\t\t\t\t<\/div>\n\t\t\t\t<\/div>\n\t\t\t\t<div class=\"vamtam-has-theme-widget-styles elementor-element elementor-element-97c32c1 elementor-align-center elementor-widget elementor-widget-button\" data-id=\"97c32c1\" data-element_type=\"widget\" data-e-type=\"widget\" data-widget_type=\"button.default\">\n\t\t\t\t<div class=\"elementor-widget-container\">\n\t\t\t\t\t\t\t\t\t<div class=\"elementor-button-wrapper\">\n\t\t\t\t\t<a class=\"elementor-button elementor-button-link elementor-size-sm\" href=\"https:\/\/www.scutis.de\/index.php\/kontakt\/\" target=\"_blank\" rel=\"nofollow\">\n\t\t\t\t\t\t<span class=\"elementor-button-content-wrapper\">\n\t\t\t\t\t\t\t\t\t<span class=\"elementor-button-text\">Kontaktieren Sie uns<\/span>\n\t\t\t\t\t<\/span>\n\t\t\t\t\t<\/a>\n\t\t\t\t<\/div>\n\t\t\t\t\t\t\t\t<\/div>\n\t\t\t\t<\/div>\n\t\t\t\t<\/div>\n\t\t\t\t<\/div>\n\t\t","protected":false},"excerpt":{"rendered":"<p>Informationssicherheit (InfoSec) Wie wichtig ist f\u00fcr den IT-Grundschutz die Informationssicherheit heutzutage und wie sch\u00fctzen Sie sich vor Risiken? Die Informationssicherheit f\u00fcr Unternehmen ist keine einmalige Investition oder Aktivit\u00e4t, um Cyber-Bedrohungen zuk\u00fcnftig zu vermeiden. Vielmehr handelt es sich um einen kontinuierlichen Prozess der Informationssicherheit, in dem eine Reihe von sorgf\u00e4ltig geplanten technischen und organisatorischen Ma\u00dfnahmen umgesetzt&#8230;<\/p>\n","protected":false},"author":1,"featured_media":0,"parent":0,"menu_order":0,"comment_status":"closed","ping_status":"closed","template":"","meta":{"footnotes":""},"class_list":["post-11584","page","type-page","status-publish","hentry"],"_links":{"self":[{"href":"https:\/\/www.scutis.de\/index.php\/wp-json\/wp\/v2\/pages\/11584","targetHints":{"allow":["GET"]}}],"collection":[{"href":"https:\/\/www.scutis.de\/index.php\/wp-json\/wp\/v2\/pages"}],"about":[{"href":"https:\/\/www.scutis.de\/index.php\/wp-json\/wp\/v2\/types\/page"}],"author":[{"embeddable":true,"href":"https:\/\/www.scutis.de\/index.php\/wp-json\/wp\/v2\/users\/1"}],"replies":[{"embeddable":true,"href":"https:\/\/www.scutis.de\/index.php\/wp-json\/wp\/v2\/comments?post=11584"}],"version-history":[{"count":46,"href":"https:\/\/www.scutis.de\/index.php\/wp-json\/wp\/v2\/pages\/11584\/revisions"}],"predecessor-version":[{"id":14276,"href":"https:\/\/www.scutis.de\/index.php\/wp-json\/wp\/v2\/pages\/11584\/revisions\/14276"}],"wp:attachment":[{"href":"https:\/\/www.scutis.de\/index.php\/wp-json\/wp\/v2\/media?parent=11584"}],"curies":[{"name":"wp","href":"https:\/\/api.w.org\/{rel}","templated":true}]}}