{"id":11582,"date":"2026-02-22T18:23:03","date_gmt":"2026-02-22T18:23:03","guid":{"rendered":"https:\/\/www.scutis.de\/?page_id=11582"},"modified":"2026-02-28T15:57:03","modified_gmt":"2026-02-28T15:57:03","slug":"internes-kontrollsystem-iks","status":"publish","type":"page","link":"https:\/\/www.scutis.de\/index.php\/internes-kontrollsystem-iks\/","title":{"rendered":"Internes Kontrollsystem (IKS)"},"content":{"rendered":"\t\t<div data-elementor-type=\"wp-page\" data-elementor-id=\"11582\" class=\"elementor elementor-11582\" data-elementor-post-type=\"page\">\n\t\t\t\t<div class=\"elementor-element elementor-element-58989aca e-flex e-con-boxed e-con e-parent\" data-id=\"58989aca\" data-element_type=\"container\" data-e-type=\"container\">\n\t\t\t\t\t<div class=\"e-con-inner\">\n\t\t<div class=\"elementor-element elementor-element-4c452bbf e-con-full e-flex e-con e-child\" data-id=\"4c452bbf\" data-element_type=\"container\" data-e-type=\"container\" data-settings=\"{&quot;background_background&quot;:&quot;classic&quot;}\">\n\t\t\t\t<\/div>\n\t\t<div class=\"elementor-element elementor-element-385f042f e-con-full e-flex e-con e-child\" data-id=\"385f042f\" data-element_type=\"container\" data-e-type=\"container\">\n\t\t<div class=\"elementor-element elementor-element-60311970 e-con-full e-flex e-con e-child\" data-id=\"60311970\" data-element_type=\"container\" data-e-type=\"container\">\n\t\t\t\t<div class=\"elementor-element elementor-element-734585db elementor-widget elementor-widget-text-editor\" data-id=\"734585db\" data-element_type=\"widget\" data-e-type=\"widget\" data-widget_type=\"text-editor.default\">\n\t\t\t\t<div class=\"elementor-widget-container\">\n\t\t\t\t\t\t\t\t\t<h1><!--block--><strong>Internes Kontrollsystem (IKS)<\/strong><\/h1><h2><!--block-->Was bedeutet IKS heutzutage und wie sch\u00fctzen Sie sich?<\/h2><p><!--block-->Unternehmerische \u00dcberwachungs- und Kontrollsysteme gewinnen weiter an Bedeutung. Neben der \u00dcberwachung und Steuerung unternehmerischer Risiken, r\u00fccken das interne Kontrollsystem (IKS) sowie Risikomanagement Systeme (RMS) in den Fokus der Corporate Governance Diskussion. In unerwarteten Situationen wie existenzgef\u00e4hrdenden Risiken oder Korruptionsrisiken stellen sich oft Fragen, warum die internen Kontrollsysteme und das Risikomanagementsystem nicht effektiv funktioniert haben. Es geht darum, ob diese Systeme angemessen und wirksam waren und ob sie ausreichende Kontrollen und Bewertungen basierend auf den Risiken und rechtlichen Verpflichtungen hatten. Diese Fragen besch\u00e4ftigen oft das Management und die Aufsichtsgremien.<\/p><h3><!--block-->Wir helfen Ihnen ihr Informationssystem f\u00fcr das IKS aufzubauen<\/h3><p><!--block-->Wir unterst\u00fctzen Sie sowohl beim Aufbau und bei der Neueinrichtung als auch bei der Weiterentwicklung sowie Funktions- bzw. Wirksamkeitspr\u00fcfung ihrer \u00dcberwachungssysteme durch zielf\u00fchrende, transparente und flexible Informations- und Dokumentation Management L\u00f6sungen.<\/p><p><!--block-->Die Schwerpunkte innerhalb der IKS Beratung sind je nach Branche und betrieblichen Umfeld unterschiedlich. Au\u00dferdem spielt die derzeitige Situation innerhalb des Unternehmens eine bedeutsame Rolle. Es gibt Unternehmen, die noch keine durchg\u00e4ngigen Ma\u00dfnahmen in Sachen internes Kontrollsystem durchgef\u00fchrt haben. Andere sind schon etwas weiter mit ihren Dokumentationspflichten f\u00fcr das IKS, weil sie beispielsweise einen Compliance Manager bestellt haben und IKS Standards bereits eingef\u00fchrt sowie Schulungen abgehalten haben. <strong>Die generelle Frage ist \u2013 in welchen IKS Dokumentation Status befinden Sie sich momentan?<\/strong> Wir finden es f\u00fcr Sie heraus durch einen kurzen IKS-Quickcheck.\u00a0<\/p>\t\t\t\t\t\t\t\t<\/div>\n\t\t\t\t<\/div>\n\t\t\t\t<\/div>\n\t\t<div class=\"elementor-element elementor-element-3f7eb792 e-con-full e-flex e-con e-child\" data-id=\"3f7eb792\" data-element_type=\"container\" data-e-type=\"container\">\n\t\t\t\t<div class=\"vamtam-has-theme-widget-styles elementor-element elementor-element-1c36cb63 elementor-align-left elementor-widget elementor-widget-button\" data-id=\"1c36cb63\" data-element_type=\"widget\" data-e-type=\"widget\" data-widget_type=\"button.default\">\n\t\t\t\t<div class=\"elementor-widget-container\">\n\t\t\t\t\t\t\t\t\t<div class=\"elementor-button-wrapper\">\n\t\t\t\t\t<a class=\"elementor-button elementor-button-link elementor-size-sm\" href=\"https:\/\/www.scutis.de\/index.php\/kontakt\/\" target=\"_blank\" rel=\"nofollow\">\n\t\t\t\t\t\t<span class=\"elementor-button-content-wrapper\">\n\t\t\t\t\t\t\t\t\t<span class=\"elementor-button-text\">Compliance Quick Check beantragen<\/span>\n\t\t\t\t\t<\/span>\n\t\t\t\t\t<\/a>\n\t\t\t\t<\/div>\n\t\t\t\t\t\t\t\t<\/div>\n\t\t\t\t<\/div>\n\t\t\t\t<\/div>\n\t\t\t\t<\/div>\n\t\t\t\t\t<\/div>\n\t\t\t\t<\/div>\n\t\t<div class=\"elementor-element elementor-element-65f9b914 e-flex e-con-boxed e-con e-parent\" data-id=\"65f9b914\" data-element_type=\"container\" data-e-type=\"container\">\n\t\t\t\t\t<div class=\"e-con-inner\">\n\t\t<div class=\"elementor-element elementor-element-751dcc9a e-con-full e-flex e-con e-child\" data-id=\"751dcc9a\" data-element_type=\"container\" data-e-type=\"container\">\n\t\t\t\t<div class=\"elementor-element elementor-element-3525c7aa elementor-widget elementor-widget-image\" data-id=\"3525c7aa\" data-element_type=\"widget\" data-e-type=\"widget\" data-widget_type=\"image.default\">\n\t\t\t\t<div class=\"elementor-widget-container\">\n\t\t\t\t\t\t\t\t\t\t\t\t\t\t\t<img decoding=\"async\" width=\"1\" height=\"1\" src=\"https:\/\/www.scutis.de\/wp-content\/uploads\/2026\/02\/SCUTIS-WEB-43-1.avif\" class=\"attachment-large size-large wp-image-10706\" alt=\"\" \/>\t\t\t\t\t\t\t\t\t\t\t\t\t\t\t<\/div>\n\t\t\t\t<\/div>\n\t\t\t\t<\/div>\n\t\t<div class=\"elementor-element elementor-element-44d22082 e-con-full e-flex e-con e-child\" data-id=\"44d22082\" data-element_type=\"container\" data-e-type=\"container\">\n\t\t\t\t<div class=\"elementor-element elementor-element-6fab5a75 elementor-widget elementor-widget-image\" data-id=\"6fab5a75\" data-element_type=\"widget\" data-e-type=\"widget\" data-widget_type=\"image.default\">\n\t\t\t\t<div class=\"elementor-widget-container\">\n\t\t\t\t\t\t\t\t\t\t\t\t\t\t\t<img decoding=\"async\" width=\"1\" height=\"1\" src=\"https:\/\/www.scutis.de\/wp-content\/uploads\/2026\/02\/SCUTIS-WEB-11-2.avif\" class=\"attachment-large size-large wp-image-11550\" alt=\"\" \/>\t\t\t\t\t\t\t\t\t\t\t\t\t\t\t<\/div>\n\t\t\t\t<\/div>\n\t\t\t\t<\/div>\n\t\t<div class=\"elementor-element elementor-element-45410f35 e-con-full e-flex e-con e-child\" data-id=\"45410f35\" data-element_type=\"container\" data-e-type=\"container\">\n\t\t\t\t<div class=\"elementor-element elementor-element-69ebbe3d elementor-widget elementor-widget-text-editor\" data-id=\"69ebbe3d\" data-element_type=\"widget\" data-e-type=\"widget\" data-widget_type=\"text-editor.default\">\n\t\t\t\t<div class=\"elementor-widget-container\">\n\t\t\t\t\t\t\t\t\t<h3><!--block-->Aufbau und Begleitung einer IKS-Dokumentation f\u00fcr das Unternehmen mit Grunds\u00e4tzen, Verfahren und Normen\u00a0<\/h3><p><!--block-->Unter einem IKS-System versteht man die vom Management im Unternehmen eingef\u00fchrten Grunds\u00e4tze, Verfahren und Ma\u00dfnahmen (Regelungen), die auf die organisatorische Umsetzung der Entscheidungen des Managements gerichtet sind, beispielsweise zur Sicherung der Wirksamkeit und Wirtschaftlichkeit der Gesch\u00e4ftst\u00e4tigkeit. Ein Internes Kontrollsystem setzt sich aus den Komponenten \u201eKontrollumfeld\u201c, \u201eRisiko Assessment\u201c, \u201eKontrollaktivit\u00e4ten\u201c, \u201eInformation und Kommunikation\u201c sowie \u201e\u00dcberwachungsaktivit\u00e4ten\u201c zusammen, welche im Wesentlichen in die Unternehmensprozesse zu integrieren sind (vgl. COSO 2013 &#8211; Internal Control \u2013 Integrated Framework und ISO 37301).<br \/><br \/>Um die Funktionsf\u00e4higkeit aller wesentlichen Gesch\u00e4ftsabl\u00e4ufe sicherzustellen, ist ein effektives Internes Kontrollsystems notwendig. Das \u00fcbergeordnete Ziel eines IKS liegt darin, als integraler Bestandteil des unternehmensweiten Risiko-Management alle wesentlichen operativen und finanziellen Unternehmensrisiken abzubilden und auf ein f\u00fcr das Unternehmen tragbares Niveau zu reduzieren. Das IKS hat somit eine pr\u00e4ventive und aufdeckende Funktion und unterst\u00fctzt den optimalen Ablauf der Unternehmensprozesse. Wichtig dabei ist eine Informationssystem und Dokumentation f\u00fcr die Richtigkeit und Sicherheit als Nachweis f\u00fcr die Einhaltung der gesetzlichen Vorschriften (HGB \u00a7257 und AO \u00a7146) und Ma\u00dfnahmen nachvollziehbar (AO \u00a7146 Abs. 4) zu erstellen. \u00a0<\/p>\t\t\t\t\t\t\t\t<\/div>\n\t\t\t\t<\/div>\n\t\t\t\t<\/div>\n\t\t<div class=\"elementor-element elementor-element-d005a96 e-con-full e-flex e-con e-child\" data-id=\"d005a96\" data-element_type=\"container\" data-e-type=\"container\">\n\t\t\t\t<div class=\"elementor-element elementor-element-4df00d73 elementor-widget elementor-widget-text-editor\" data-id=\"4df00d73\" data-element_type=\"widget\" data-e-type=\"widget\" data-widget_type=\"text-editor.default\">\n\t\t\t\t<div class=\"elementor-widget-container\">\n\t\t\t\t\t\t\t\t\t<h3><!--block-->Unternehmensweite Dokumentationsl\u00f6sung f\u00fcr ein IKS-System f\u00fcr eine sachgerechte Compliance Dokumentation<\/h3><p><!--block-->Eine cloudbasierte IKS-Dokumentationsl\u00f6sung auf Basis <a href=\"http:\/\/www.vadok.de\" target=\"_blank\" rel=\"noopener\">VaDok\u00a9 Informationsplattform <\/a>stellt die Grundlage f\u00fcr eine erfolgreiche Umsetzung der genannten Gesetzte und Regelungen dar und dient dem Nachweis der getroffenen organisatorischen und technischen Ma\u00dfnahmen im Unternehmen. Sie ist ein Grundelement eines unternehmensweiten Compliance Management Systems und unabdingbar bei der \u00dcberwachung der Angemessenheit und Wirksamkeit. Dar\u00fcber hinaus dient Sie als sehr effektives organisationsweites Kommunikationsmedium bei der Bekanntmachung und Verbreitung der getroffenen Ma\u00dfnahmen f\u00fcr alle Mitarbeiter.\u00a0<br \/><br \/>Bei der Vielzahl der gesetzlichen Auflagen ist es heutzutage empfehlenswert, einen unternehmensweiten, ganzheitlichen Compliance Ansatz zu etablieren.<br \/>Ausserdem ist die Dokumentation erforderlich f\u00fcr jede Art von Pr\u00fcfung, die durch externe und interne Auditoren und Pr\u00fcfer durchgef\u00fchrt werden k\u00f6nnen. Sie wird u.a. durch Beh\u00f6rden, Gesellschafter und Aktion\u00e4re, Kontrollgremien, Gesch\u00e4ftsleitung, Finanzinstitute und Auftraggeber gefordert.\u00a0<\/p>\t\t\t\t\t\t\t\t<\/div>\n\t\t\t\t<\/div>\n\t\t\t\t<\/div>\n\t\t\t\t\t<\/div>\n\t\t\t\t<\/div>\n\t\t<div class=\"elementor-element elementor-element-4072c2e9 e-grid e-con-boxed e-con e-parent\" data-id=\"4072c2e9\" data-element_type=\"container\" data-e-type=\"container\" data-settings=\"{&quot;background_background&quot;:&quot;classic&quot;}\">\n\t\t\t\t\t<div class=\"e-con-inner\">\n\t\t\t\t<div class=\"elementor-element elementor-element-4e44fcdd elementor-widget elementor-widget-text-editor\" data-id=\"4e44fcdd\" data-element_type=\"widget\" data-e-type=\"widget\" data-widget_type=\"text-editor.default\">\n\t\t\t\t<div class=\"elementor-widget-container\">\n\t\t\t\t\t\t\t\t\t<p><!--block--><span style=\"color: #000000;\">Lassen Sie uns miteinander sprechen<\/span><\/p><h5><span style=\"color: #000000;\"><!--block-->Wir m\u00f6chten Ihnen unseren Service in einem kurzen Videocall gerne einmal vorstellen. Vereinbaren Sie doch einfach mit wenigen Klicks einen f\u00fcr Sie passenden Termin. Wir freuen uns auf das Gespr\u00e4ch mit Ihnen.<\/span><\/h5>\t\t\t\t\t\t\t\t<\/div>\n\t\t\t\t<\/div>\n\t\t\t\t<div class=\"vamtam-has-theme-widget-styles elementor-element elementor-element-4ebabbf6 elementor-align-center elementor-widget elementor-widget-button\" data-id=\"4ebabbf6\" data-element_type=\"widget\" data-e-type=\"widget\" data-widget_type=\"button.default\">\n\t\t\t\t<div class=\"elementor-widget-container\">\n\t\t\t\t\t\t\t\t\t<div class=\"elementor-button-wrapper\">\n\t\t\t\t\t<a class=\"elementor-button elementor-button-link elementor-size-sm\" href=\"https:\/\/www.scutis.de\/index.php\/kontakt\/\" target=\"_blank\" rel=\"nofollow\">\n\t\t\t\t\t\t<span class=\"elementor-button-content-wrapper\">\n\t\t\t\t\t\t\t\t\t<span class=\"elementor-button-text\">Erstgespr\u00e4ch vereinbaren<\/span>\n\t\t\t\t\t<\/span>\n\t\t\t\t\t<\/a>\n\t\t\t\t<\/div>\n\t\t\t\t\t\t\t\t<\/div>\n\t\t\t\t<\/div>\n\t\t\t\t\t<\/div>\n\t\t\t\t<\/div>\n\t\t<div class=\"elementor-element elementor-element-e417c0 e-grid e-con-full e-con e-child\" data-id=\"e417c0\" data-element_type=\"container\" data-e-type=\"container\" data-settings=\"{&quot;background_background&quot;:&quot;gradient&quot;}\">\n\t\t\t\t<div class=\"elementor-element elementor-element-3a4f0963 elementor-widget elementor-widget-text-editor\" data-id=\"3a4f0963\" data-element_type=\"widget\" data-e-type=\"widget\" data-widget_type=\"text-editor.default\">\n\t\t\t\t<div class=\"elementor-widget-container\">\n\t\t\t\t\t\t\t\t\t<h2 class=\"text-align-center\" style=\"text-align: center;\"><!--block--><span style=\"color: #ffffff;\">Wir freuen uns auf gute Zusammenarbeit<\/span><\/h2><h6 class=\"text-align-center\"><span style=\"color: #ffffff;\"><!--block-->Melden Sie sich bei uns und wir finden gemeinsam heraus, wie wir Sie gezielt nach ihren Bed\u00fcrfnissen unterst\u00fctzen k\u00f6nnen.<\/span><\/h6>\t\t\t\t\t\t\t\t<\/div>\n\t\t\t\t<\/div>\n\t\t\t\t<div class=\"vamtam-has-theme-widget-styles elementor-element elementor-element-21cda83e elementor-align-center elementor-widget elementor-widget-button\" data-id=\"21cda83e\" data-element_type=\"widget\" data-e-type=\"widget\" data-widget_type=\"button.default\">\n\t\t\t\t<div class=\"elementor-widget-container\">\n\t\t\t\t\t\t\t\t\t<div class=\"elementor-button-wrapper\">\n\t\t\t\t\t<a class=\"elementor-button elementor-button-link elementor-size-sm\" href=\"https:\/\/www.scutis.de\/index.php\/kontakt\/\" target=\"_blank\" rel=\"nofollow\">\n\t\t\t\t\t\t<span class=\"elementor-button-content-wrapper\">\n\t\t\t\t\t\t\t\t\t<span class=\"elementor-button-text\">Kontaktieren Sie uns<\/span>\n\t\t\t\t\t<\/span>\n\t\t\t\t\t<\/a>\n\t\t\t\t<\/div>\n\t\t\t\t\t\t\t\t<\/div>\n\t\t\t\t<\/div>\n\t\t\t\t<\/div>\n\t\t\t\t<\/div>\n\t\t","protected":false},"excerpt":{"rendered":"<p>Internes Kontrollsystem (IKS) Was bedeutet IKS heutzutage und wie sch\u00fctzen Sie sich? Unternehmerische \u00dcberwachungs- und Kontrollsysteme gewinnen weiter an Bedeutung. Neben der \u00dcberwachung und Steuerung unternehmerischer Risiken, r\u00fccken das interne Kontrollsystem (IKS) sowie Risikomanagement Systeme (RMS) in den Fokus der Corporate Governance Diskussion. In unerwarteten Situationen wie existenzgef\u00e4hrdenden Risiken oder Korruptionsrisiken stellen sich oft Fragen,&#8230;<\/p>\n","protected":false},"author":1,"featured_media":0,"parent":0,"menu_order":0,"comment_status":"closed","ping_status":"closed","template":"","meta":{"footnotes":""},"class_list":["post-11582","page","type-page","status-publish","hentry"],"_links":{"self":[{"href":"https:\/\/www.scutis.de\/index.php\/wp-json\/wp\/v2\/pages\/11582","targetHints":{"allow":["GET"]}}],"collection":[{"href":"https:\/\/www.scutis.de\/index.php\/wp-json\/wp\/v2\/pages"}],"about":[{"href":"https:\/\/www.scutis.de\/index.php\/wp-json\/wp\/v2\/types\/page"}],"author":[{"embeddable":true,"href":"https:\/\/www.scutis.de\/index.php\/wp-json\/wp\/v2\/users\/1"}],"replies":[{"embeddable":true,"href":"https:\/\/www.scutis.de\/index.php\/wp-json\/wp\/v2\/comments?post=11582"}],"version-history":[{"count":28,"href":"https:\/\/www.scutis.de\/index.php\/wp-json\/wp\/v2\/pages\/11582\/revisions"}],"predecessor-version":[{"id":14382,"href":"https:\/\/www.scutis.de\/index.php\/wp-json\/wp\/v2\/pages\/11582\/revisions\/14382"}],"wp:attachment":[{"href":"https:\/\/www.scutis.de\/index.php\/wp-json\/wp\/v2\/media?parent=11582"}],"curies":[{"name":"wp","href":"https:\/\/api.w.org\/{rel}","templated":true}]}}