{"id":11560,"date":"2026-02-22T17:54:04","date_gmt":"2026-02-22T17:54:04","guid":{"rendered":"https:\/\/www.scutis.de\/?page_id=11560"},"modified":"2026-02-28T16:00:31","modified_gmt":"2026-02-28T16:00:31","slug":"elementor-seite-11560","status":"publish","type":"page","link":"https:\/\/www.scutis.de\/index.php\/elementor-seite-11560\/","title":{"rendered":"Corporate Compliance (GRC, ESG)"},"content":{"rendered":"\t\t<div data-elementor-type=\"wp-page\" data-elementor-id=\"11560\" class=\"elementor elementor-11560\" data-elementor-post-type=\"page\">\n\t\t\t\t<div class=\"elementor-element elementor-element-d9f9c92 e-flex e-con-boxed e-con e-parent\" data-id=\"d9f9c92\" data-element_type=\"container\" data-e-type=\"container\">\n\t\t\t\t\t<div class=\"e-con-inner\">\n\t\t<div class=\"elementor-element elementor-element-24f1d4c e-con-full e-flex e-con e-child\" data-id=\"24f1d4c\" data-element_type=\"container\" data-e-type=\"container\" data-settings=\"{&quot;background_background&quot;:&quot;classic&quot;}\">\n\t\t\t\t<\/div>\n\t\t<div class=\"elementor-element elementor-element-17263f9 e-con-full e-flex e-con e-child\" data-id=\"17263f9\" data-element_type=\"container\" data-e-type=\"container\">\n\t\t<div class=\"elementor-element elementor-element-89aa953 e-con-full e-flex e-con e-child\" data-id=\"89aa953\" data-element_type=\"container\" data-e-type=\"container\">\n\t\t\t\t<div class=\"elementor-element elementor-element-bdc057c elementor-widget elementor-widget-text-editor\" data-id=\"bdc057c\" data-element_type=\"widget\" data-e-type=\"widget\" data-widget_type=\"text-editor.default\">\n\t\t\t\t<div class=\"elementor-widget-container\">\n\t\t\t\t\t\t\t\t\t<h1><!--block--><strong>Corporate Compliance GRC \/ ESG f\u00fcr mittelst\u00e4ndische Unternehmen<\/strong><\/h1><h2><!--block-->Compliance Management rechtskonform einsetzen<\/h2><p><!--block-->Im Allgemeinen bedeutet Compliance in der Wirtschaft oder in einem Unternehmen die Einhaltung von staatlichen Gesetzen, Gesundheits- und Sicherheitsstandards oder Daten- und Sicherheitsanforderungen. Wird die Einhaltung der Vorschriften als wesentlich f\u00fcr die Existenz eines Gesch\u00e4fts oder Unternehmens angesehen, wird sie zu einer notwendigen Handlung.\u00a0<\/p><p>Damit wird auch auf die verschiedenen Verantwortlichkeiten eines Unternehmens hingewiesen. Unternehmen, die die Vorschriften einhalten und transparente Prozesse und Informationen anbieten, sind sich ihrer Verantwortung sowohl gegen\u00fcber ihren Mitarbeitern als auch gegen\u00fcber ihren Kunden bewusst. Denn die Nichteinhaltung kann schwerwiegende Konsequenzen nach sich ziehen.<\/p><h3><!--block-->Compliance transparent und flexibel dokumentieren<\/h3><p><!--block-->Compliance wird zum Standard, wenn Sie \u00fcber ein gut durchdachtes Regelwerk und Richtlinien verf\u00fcgen, die dazu beitragen, Sicherheit und Stabilit\u00e4t in Ihrem Unternehmen zu gew\u00e4hrleisten. Diese Standards sind nur dann von Bedeutung, wenn sie in der Organisation ordnungsgem\u00e4\u00df durchgesetzt und kontinuierlich befolgt werden. Um sie als Standard zu betrachten, reicht es nicht aus, dass Sie sich einfach an Gesetze und Richtlinien halten. Sie m\u00fcssen auch dokumentieren und prozessorientiert nachweisen, ob die Befolgung dieser Regeln den tats\u00e4chlichen Bed\u00fcrfnissen Ihres Unternehmens entspricht.<\/p><p>Wenn Sie die notwendigen Schritte zur Einhaltung von Richtlinien, relevanten Gesetzen und Vorschriften in einem Compliance Information Managementsystem dokumentieren und transparent halten, erleichtert es sehr, unter welchem Programm oder Rahmen Ihr Unternehmen arbeiten soll. Dadurch erf\u00fcllen Sie die gesetzlichen Anforderungen eindeutig und nachweislich und schaffen so die Transparenz und einen positiven Ruf f\u00fcr Ihr Unternehmen.<\/p><p>Die Schwerpunkte innerhalb der Compliance Beratung sind je nach Branche und betrieblichen Umfeld unterschiedlich. Au\u00dferdem spielt die derzeitige Situation innerhalb des Unternehmens eine bedeutsame Rolle.\u00a0<\/p><p><!--block-->Es gibt Unternehmen, die nur die notwendigsten Ma\u00dfnahmen in Sachen Corporate Compliance durchgef\u00fchrt haben. Andere sind schon etwas weiter mit ihren Ma\u00dfnahmen im Compliance Bereich, weil sie beispielsweise einen Compliance- und Risk-Manager bestellt haben oder Compliance Standards bereits eingef\u00fchrt und Schulungen abgehalten haben. <strong>Die generelle Frage ist \u2013 in welchen rechtlichen Compliance Status befinden Sie sich momentan?<\/strong> Wir finden es f\u00fcr Sie heraus durch einen kurzen Compliance Quickcheck.<\/p>\t\t\t\t\t\t\t\t<\/div>\n\t\t\t\t<\/div>\n\t\t\t\t<\/div>\n\t\t<div class=\"elementor-element elementor-element-da5800d e-con-full e-flex e-con e-child\" data-id=\"da5800d\" data-element_type=\"container\" data-e-type=\"container\">\n\t\t\t\t<div class=\"vamtam-has-theme-widget-styles elementor-element elementor-element-f54a005 elementor-align-left elementor-widget elementor-widget-global elementor-global-13173 elementor-widget-button\" data-id=\"f54a005\" data-element_type=\"widget\" data-e-type=\"widget\" data-widget_type=\"button.default\">\n\t\t\t\t<div class=\"elementor-widget-container\">\n\t\t\t\t\t\t\t\t\t<div class=\"elementor-button-wrapper\">\n\t\t\t\t\t<a class=\"elementor-button elementor-button-link elementor-size-sm\" href=\"https:\/\/www.scutis.de\/index.php\/kontakt\/\" target=\"_blank\" rel=\"nofollow\">\n\t\t\t\t\t\t<span class=\"elementor-button-content-wrapper\">\n\t\t\t\t\t\t\t\t\t<span class=\"elementor-button-text\">Compliance Quick Check beantragen<\/span>\n\t\t\t\t\t<\/span>\n\t\t\t\t\t<\/a>\n\t\t\t\t<\/div>\n\t\t\t\t\t\t\t\t<\/div>\n\t\t\t\t<\/div>\n\t\t\t\t<\/div>\n\t\t\t\t<\/div>\n\t\t\t\t\t<\/div>\n\t\t\t\t<\/div>\n\t\t<div class=\"elementor-element elementor-element-fae48e6 e-flex e-con-boxed e-con e-parent\" data-id=\"fae48e6\" data-element_type=\"container\" data-e-type=\"container\">\n\t\t\t\t\t<div class=\"e-con-inner\">\n\t\t<div class=\"elementor-element elementor-element-1e3a055 e-con-full e-flex e-con e-child\" data-id=\"1e3a055\" data-element_type=\"container\" data-e-type=\"container\">\n\t\t\t\t<div class=\"elementor-element elementor-element-cbf4150 elementor-widget elementor-widget-image\" data-id=\"cbf4150\" data-element_type=\"widget\" data-e-type=\"widget\" data-widget_type=\"image.default\">\n\t\t\t\t<div class=\"elementor-widget-container\">\n\t\t\t\t\t\t\t\t\t\t\t\t\t\t\t<img fetchpriority=\"high\" decoding=\"async\" width=\"800\" height=\"551\" src=\"https:\/\/www.scutis.de\/wp-content\/uploads\/2026\/02\/SCUTIS-WEB-59.avif\" class=\"attachment-large size-large wp-image-11563\" alt=\"\" \/>\t\t\t\t\t\t\t\t\t\t\t\t\t\t\t<\/div>\n\t\t\t\t<\/div>\n\t\t\t\t<\/div>\n\t\t<div class=\"elementor-element elementor-element-d8dfd89 e-con-full e-flex e-con e-child\" data-id=\"d8dfd89\" data-element_type=\"container\" data-e-type=\"container\">\n\t\t\t\t<div class=\"elementor-element elementor-element-d3e4bbe elementor-widget elementor-widget-image\" data-id=\"d3e4bbe\" data-element_type=\"widget\" data-e-type=\"widget\" data-widget_type=\"image.default\">\n\t\t\t\t<div class=\"elementor-widget-container\">\n\t\t\t\t\t\t\t\t\t\t\t\t\t\t\t<img decoding=\"async\" width=\"1\" height=\"1\" src=\"https:\/\/www.scutis.de\/wp-content\/uploads\/2026\/02\/SCUTIS-WEB-50.avif\" class=\"attachment-large size-large wp-image-10714\" alt=\"\" \/>\t\t\t\t\t\t\t\t\t\t\t\t\t\t\t<\/div>\n\t\t\t\t<\/div>\n\t\t\t\t<\/div>\n\t\t<div class=\"elementor-element elementor-element-fa1f928 e-con-full e-flex e-con e-child\" data-id=\"fa1f928\" data-element_type=\"container\" data-e-type=\"container\">\n\t\t\t\t<div class=\"elementor-element elementor-element-a472f24 elementor-widget elementor-widget-text-editor\" data-id=\"a472f24\" data-element_type=\"widget\" data-e-type=\"widget\" data-widget_type=\"text-editor.default\">\n\t\t\t\t<div class=\"elementor-widget-container\">\n\t\t\t\t\t\t\t\t\t<h3><!--block-->Compliance Management Consulting GRC \/ ESG<\/h3><p><!--block-->Viele Unternehmen sind gesetzlich oder aufgrund von Unternehmensrichtlinien verpflichtet, vertrauliche Unternehmensdaten \u00fcber l\u00e4ngere Zeitr\u00e4ume aufzubewahren. Dies f\u00fchrt zu einer immer gr\u00f6\u00dferen Menge an digitalen Informationen, die verwaltet werden m\u00fcssen, und neue Vorschriften und Verfahren \u00e4ndern st\u00e4ndig, wie und wie lange Informationen aufbewahrt und entsorgt werden m\u00fcssen, welche regelbasierte Prozesse und Abl\u00e4ufe und Informationen im Unternehmen protokolliert werden m\u00fcssen.\u00a0<\/p><p>Diese Informationen sind nicht zu untersch\u00e4tzen: nicht nur kann eine zu kurze Aufbewahrungsfrist rechtliche Konsequenzen haben, sondern auch bei einer zu sp\u00e4ten Einhaltung von Gesetzen, Regeln und Normen z.B. Datenschutzverletzung, Lieferantenkontrolle, Arbeitsschutzverletzung oder bei einer Betriebs- und Revisionspr\u00fcfung besteht die Gefahr einer gesetzlichen Regelverletzung.<\/p><p><!--block-->Mit Hilfe von regelbasierten Prozessen, Checklisten, Formulare und hinterlegten Verfahrensbeschreibungen, Zugriffsregeln, Integrit\u00e4tspr\u00fcfungen und weiteren notwendigen Funktionen unterst\u00fctzt Sie ein digitales Information Lifecycle Informationsmanagementsystem bei einer transparenten Informations-Bereitstellung und bei der Einhaltung von Compliance-Regeln im Unternehmen.\u00a0<\/p>\t\t\t\t\t\t\t\t<\/div>\n\t\t\t\t<\/div>\n\t\t\t\t<\/div>\n\t\t<div class=\"elementor-element elementor-element-3c1effa e-con-full e-flex e-con e-child\" data-id=\"3c1effa\" data-element_type=\"container\" data-e-type=\"container\">\n\t\t\t\t<div class=\"elementor-element elementor-element-12e39af elementor-widget elementor-widget-text-editor\" data-id=\"12e39af\" data-element_type=\"widget\" data-e-type=\"widget\" data-widget_type=\"text-editor.default\">\n\t\t\t\t<div class=\"elementor-widget-container\">\n\t\t\t\t\t\t\t\t\t<h3><!--block-->Compliance Management Information System<\/h3><p><!--block-->\u00a0Eine Compliance Management Software vereinfacht und st\u00e4rkt die unternehmensweiten Compliance-Programme, die Ihr Gesch\u00e4ft regeln, und hilft Ihnen, ein komplexes Geflecht von Vorschriften und regulatorischen \u00c4nderungen zu bew\u00e4ltigen.<\/p><p>Das gemeinsame Compliance Informationsrahmenwerk, das auf der cloudbasierten <a href=\"http:\/\/www.vadok.de\/\" target=\"_blank\" rel=\"noopener\">VaDok\u00a9 Informationsplattform<\/a> aufbaut, hilft Ihnen, eine Vielzahl von Compliance-Anforderungen standardisiert und auf integrierte Weise zu dokumentieren und verwalten. Die Cloud-basierte Compliance-Informations-management-Software verbessert die Transparenz der Kontrolleffektivit\u00e4t und gew\u00e4hrleistet eine zeitnahe Problem Behebung und Prozessdokumentation. Bringen Sie Richtlinien, Standards, Vorschriften und Kontrollen in Einklang, um Ineffizienzen und Redundanzen zu beseitigen.<\/p><p>Optimieren Sie Compliance-Prozesse mit Informationen, Standardhandb\u00fccher, Selbstbewertungen, Umfragen und Problem Behebungen. Erkennen Sie Risiken fr\u00fchzeitig und verbessern Sie die Zusammenarbeit und Kommunikation zwischen verantwortlichen Teams im Unternehmen mit Checklisten Dashboards und Diagrammen, die wichtige Echtzeiteinblicke in Compliance-Prozesse bieten.\u00a0<\/p>\t\t\t\t\t\t\t\t<\/div>\n\t\t\t\t<\/div>\n\t\t\t\t<\/div>\n\t\t\t\t\t<\/div>\n\t\t\t\t<\/div>\n\t\t<div class=\"elementor-element elementor-element-4a60a4c3 e-grid e-con-boxed e-con e-parent\" data-id=\"4a60a4c3\" data-element_type=\"container\" data-e-type=\"container\" data-settings=\"{&quot;background_background&quot;:&quot;classic&quot;}\">\n\t\t\t\t\t<div class=\"e-con-inner\">\n\t\t\t\t<div class=\"elementor-element elementor-element-4417b271 elementor-widget elementor-widget-text-editor\" data-id=\"4417b271\" data-element_type=\"widget\" data-e-type=\"widget\" data-widget_type=\"text-editor.default\">\n\t\t\t\t<div class=\"elementor-widget-container\">\n\t\t\t\t\t\t\t\t\t<p><!--block--><span style=\"color: #000000;\">Lassen Sie uns miteinander sprechen<\/span><\/p><h5><span style=\"color: #000000;\"><!--block-->Wir m\u00f6chten Ihnen unseren Service in einem kurzen Videocall gerne einmal vorstellen. Vereinbaren Sie doch einfach mit wenigen Klicks einen f\u00fcr Sie passenden Termin. Wir freuen uns auf das Gespr\u00e4ch mit Ihnen.<\/span><\/h5>\t\t\t\t\t\t\t\t<\/div>\n\t\t\t\t<\/div>\n\t\t\t\t<div class=\"vamtam-has-theme-widget-styles elementor-element elementor-element-121237d4 elementor-align-center elementor-widget elementor-widget-button\" data-id=\"121237d4\" data-element_type=\"widget\" data-e-type=\"widget\" data-widget_type=\"button.default\">\n\t\t\t\t<div class=\"elementor-widget-container\">\n\t\t\t\t\t\t\t\t\t<div class=\"elementor-button-wrapper\">\n\t\t\t\t\t<a class=\"elementor-button elementor-button-link elementor-size-sm\" href=\"https:\/\/www.scutis.de\/index.php\/kontakt\/\" target=\"_blank\" rel=\"nofollow\">\n\t\t\t\t\t\t<span class=\"elementor-button-content-wrapper\">\n\t\t\t\t\t\t\t\t\t<span class=\"elementor-button-text\">Erstgespr\u00e4ch vereinbaren<\/span>\n\t\t\t\t\t<\/span>\n\t\t\t\t\t<\/a>\n\t\t\t\t<\/div>\n\t\t\t\t\t\t\t\t<\/div>\n\t\t\t\t<\/div>\n\t\t\t\t\t<\/div>\n\t\t\t\t<\/div>\n\t\t<div class=\"elementor-element elementor-element-76f84bd4 e-grid e-con-full e-con e-child\" data-id=\"76f84bd4\" data-element_type=\"container\" data-e-type=\"container\" data-settings=\"{&quot;background_background&quot;:&quot;gradient&quot;}\">\n\t\t\t\t<div class=\"elementor-element elementor-element-2eb68894 elementor-widget elementor-widget-text-editor\" data-id=\"2eb68894\" data-element_type=\"widget\" data-e-type=\"widget\" data-widget_type=\"text-editor.default\">\n\t\t\t\t<div class=\"elementor-widget-container\">\n\t\t\t\t\t\t\t\t\t<h2 class=\"text-align-center\" style=\"text-align: center;\"><!--block--><span style=\"color: #ffffff;\">Wir freuen uns auf gute Zusammenarbeit<\/span><\/h2><h6 class=\"text-align-center\"><span style=\"color: #ffffff;\"><!--block-->Melden Sie sich bei uns und wir finden gemeinsam heraus, wie wir Sie gezielt nach ihren Bed\u00fcrfnissen unterst\u00fctzen k\u00f6nnen.<\/span><\/h6>\t\t\t\t\t\t\t\t<\/div>\n\t\t\t\t<\/div>\n\t\t\t\t<div class=\"vamtam-has-theme-widget-styles elementor-element elementor-element-283c3859 elementor-align-center elementor-widget elementor-widget-button\" data-id=\"283c3859\" data-element_type=\"widget\" data-e-type=\"widget\" data-widget_type=\"button.default\">\n\t\t\t\t<div class=\"elementor-widget-container\">\n\t\t\t\t\t\t\t\t\t<div class=\"elementor-button-wrapper\">\n\t\t\t\t\t<a class=\"elementor-button elementor-button-link elementor-size-sm\" href=\"https:\/\/www.scutis.de\/index.php\/kontakt\/\" target=\"_blank\" rel=\"nofollow\">\n\t\t\t\t\t\t<span class=\"elementor-button-content-wrapper\">\n\t\t\t\t\t\t\t\t\t<span class=\"elementor-button-text\">Kontaktieren Sie uns<\/span>\n\t\t\t\t\t<\/span>\n\t\t\t\t\t<\/a>\n\t\t\t\t<\/div>\n\t\t\t\t\t\t\t\t<\/div>\n\t\t\t\t<\/div>\n\t\t\t\t<\/div>\n\t\t\t\t<\/div>\n\t\t","protected":false},"excerpt":{"rendered":"<p>Corporate Compliance GRC \/ ESG f\u00fcr mittelst\u00e4ndische Unternehmen Compliance Management rechtskonform einsetzen Im Allgemeinen bedeutet Compliance in der Wirtschaft oder in einem Unternehmen die Einhaltung von staatlichen Gesetzen, Gesundheits- und Sicherheitsstandards oder Daten- und Sicherheitsanforderungen. Wird die Einhaltung der Vorschriften als wesentlich f\u00fcr die Existenz eines Gesch\u00e4fts oder Unternehmens angesehen, wird sie zu einer notwendigen&#8230;<\/p>\n","protected":false},"author":1,"featured_media":0,"parent":0,"menu_order":0,"comment_status":"closed","ping_status":"closed","template":"","meta":{"footnotes":""},"class_list":["post-11560","page","type-page","status-publish","hentry"],"_links":{"self":[{"href":"https:\/\/www.scutis.de\/index.php\/wp-json\/wp\/v2\/pages\/11560","targetHints":{"allow":["GET"]}}],"collection":[{"href":"https:\/\/www.scutis.de\/index.php\/wp-json\/wp\/v2\/pages"}],"about":[{"href":"https:\/\/www.scutis.de\/index.php\/wp-json\/wp\/v2\/types\/page"}],"author":[{"embeddable":true,"href":"https:\/\/www.scutis.de\/index.php\/wp-json\/wp\/v2\/users\/1"}],"replies":[{"embeddable":true,"href":"https:\/\/www.scutis.de\/index.php\/wp-json\/wp\/v2\/comments?post=11560"}],"version-history":[{"count":39,"href":"https:\/\/www.scutis.de\/index.php\/wp-json\/wp\/v2\/pages\/11560\/revisions"}],"predecessor-version":[{"id":14389,"href":"https:\/\/www.scutis.de\/index.php\/wp-json\/wp\/v2\/pages\/11560\/revisions\/14389"}],"wp:attachment":[{"href":"https:\/\/www.scutis.de\/index.php\/wp-json\/wp\/v2\/media?parent=11560"}],"curies":[{"name":"wp","href":"https:\/\/api.w.org\/{rel}","templated":true}]}}