{"id":11448,"date":"2026-02-20T18:20:18","date_gmt":"2026-02-20T18:20:18","guid":{"rendered":"https:\/\/www.scutis.de\/?page_id=11448"},"modified":"2026-02-28T15:48:57","modified_gmt":"2026-02-28T15:48:57","slug":"hilfestellung-iks","status":"publish","type":"page","link":"https:\/\/www.scutis.de\/index.php\/hilfestellung-iks\/","title":{"rendered":"Hilfestellung IKS"},"content":{"rendered":"\t\t<div data-elementor-type=\"wp-page\" data-elementor-id=\"11448\" class=\"elementor elementor-11448\" data-elementor-post-type=\"page\">\n\t\t\t\t<div class=\"elementor-element elementor-element-47f2c7fc e-flex e-con-boxed e-con e-parent\" data-id=\"47f2c7fc\" data-element_type=\"container\" data-e-type=\"container\">\n\t\t\t\t\t<div class=\"e-con-inner\">\n\t\t<div class=\"elementor-element elementor-element-7d56cbc0 e-flex e-con-boxed e-con e-child\" data-id=\"7d56cbc0\" data-element_type=\"container\" data-e-type=\"container\" data-settings=\"{&quot;background_background&quot;:&quot;classic&quot;}\">\n\t\t\t\t\t<div class=\"e-con-inner\">\n\t\t\t\t<div class=\"elementor-element elementor-element-3795fdc6 elementor-widget__width-inherit elementor-widget elementor-widget-heading\" data-id=\"3795fdc6\" data-element_type=\"widget\" data-e-type=\"widget\" data-widget_type=\"heading.default\">\n\t\t\t\t<div class=\"elementor-widget-container\">\n\t\t\t\t\t<h2 class=\"elementor-heading-title elementor-size-default\">Internes Kontrollsystem (IKS)<\/h2>\t\t\t\t<\/div>\n\t\t\t\t<\/div>\n\t\t\t\t\t<\/div>\n\t\t\t\t<\/div>\n\t\t<div class=\"elementor-element elementor-element-64e572c5 e-flex e-con-boxed e-con e-child\" data-id=\"64e572c5\" data-element_type=\"container\" data-e-type=\"container\" data-settings=\"{&quot;background_background&quot;:&quot;classic&quot;}\">\n\t\t\t\t\t<div class=\"e-con-inner\">\n\t\t\t\t<div class=\"elementor-element elementor-element-5b1ddbfe elementor-widget__width-inherit elementor-widget elementor-widget-text-editor\" data-id=\"5b1ddbfe\" data-element_type=\"widget\" data-e-type=\"widget\" data-widget_type=\"text-editor.default\">\n\t\t\t\t<div class=\"elementor-widget-container\">\n\t\t\t\t\t\t\t\t\t<h3 class=\"text-align-center\" style=\"text-align: center;\"><span style=\"color: #000000;\">Unterst\u00fctzung beim Aufbau des internen Kontrollsystems<\/span><\/h3><p><span style=\"color: #000000;\">Unsere Dienstleistung beinhaltet den Aufbau des IKS in einem Unternehmen. Dies umfasst eine detaillierte Analyse der bestehenden Verfahren, Kontrollmechanismen und Prozesse, die Identifikation von Risikobereichen, sowie die Entwicklung und Implementierung von Kontrollstrategien zur Minimierung dieser Risiken.<\/span><\/p><p><span style=\"color: #000000;\">Die Dokumentation wird ma\u00dfgeschneidert erstellt, um die Einhaltung relevanter gesetzlicher und normativer Vorschriften und Standards sicherzustellen. Eingeschlossen sind auch Schulungen f\u00fcr Mitarbeiter zur effektiven Nutzung und Aufrechterhaltung des IKS.<\/span><\/p><p><span style=\"color: #000000;\">Ziel ist es, durch eine transparente und nachvollziehbare Dokumentation und Handlungs-hilfen die operationelle Effizienz im Unternehmen zu steigern und das Risikomanagement durch aussagef\u00e4hige Kontrollverfahren zu vermindern.<\/span><\/p><p><span style=\"color: #000000;\">Das Dokumentationswerkzeug VaDok\u00ae bietet hierzu eine kosteng\u00fcnstige L\u00f6sung mit den notwendigen Funktionalit\u00e4ten und zugleich auch die Vorlagen und Ausf\u00fcllhilfen, bei deren Bearbeitung wir Sie gerne unterst\u00fctzen.<\/span><\/p>\t\t\t\t\t\t\t\t<\/div>\n\t\t\t\t<\/div>\n\t\t\t\t\t<\/div>\n\t\t\t\t<\/div>\n\t\t<div class=\"elementor-element elementor-element-135e728f e-flex e-con-boxed e-con e-child\" data-id=\"135e728f\" data-element_type=\"container\" data-e-type=\"container\">\n\t\t\t\t\t<div class=\"e-con-inner\">\n\t\t\t\t<div class=\"vamtam-has-theme-widget-styles elementor-element elementor-element-1fe1eb74 elementor-button-info elementor-align-center elementor-widget elementor-widget-button\" data-id=\"1fe1eb74\" data-element_type=\"widget\" data-e-type=\"widget\" data-widget_type=\"button.default\">\n\t\t\t\t<div class=\"elementor-widget-container\">\n\t\t\t\t\t\t\t\t\t<div class=\"elementor-button-wrapper\">\n\t\t\t\t\t<a class=\"elementor-button elementor-button-link elementor-size-sm\" href=\"https:\/\/www.scutis.de\/index.php\/internes-kontrollsystem-iks\/\" target=\"_blank\" rel=\"nofollow\">\n\t\t\t\t\t\t<span class=\"elementor-button-content-wrapper\">\n\t\t\t\t\t\t\t\t\t<span class=\"elementor-button-text\">Mehr erfahren<\/span>\n\t\t\t\t\t<\/span>\n\t\t\t\t\t<\/a>\n\t\t\t\t<\/div>\n\t\t\t\t\t\t\t\t<\/div>\n\t\t\t\t<\/div>\n\t\t\t\t\t<\/div>\n\t\t\t\t<\/div>\n\t\t\t\t\t<\/div>\n\t\t\t\t<\/div>\n\t\t\t\t<\/div>\n\t\t","protected":false},"excerpt":{"rendered":"<p>Internes Kontrollsystem (IKS) Unterst\u00fctzung beim Aufbau des internen Kontrollsystems Unsere Dienstleistung beinhaltet den Aufbau des IKS in einem Unternehmen. Dies umfasst eine detaillierte Analyse der bestehenden Verfahren, Kontrollmechanismen und Prozesse, die Identifikation von Risikobereichen, sowie die Entwicklung und Implementierung von Kontrollstrategien zur Minimierung dieser Risiken. Die Dokumentation wird ma\u00dfgeschneidert erstellt, um die Einhaltung relevanter gesetzlicher&#8230;<\/p>\n","protected":false},"author":1,"featured_media":0,"parent":0,"menu_order":0,"comment_status":"closed","ping_status":"closed","template":"","meta":{"footnotes":""},"class_list":["post-11448","page","type-page","status-publish","hentry"],"_links":{"self":[{"href":"https:\/\/www.scutis.de\/index.php\/wp-json\/wp\/v2\/pages\/11448","targetHints":{"allow":["GET"]}}],"collection":[{"href":"https:\/\/www.scutis.de\/index.php\/wp-json\/wp\/v2\/pages"}],"about":[{"href":"https:\/\/www.scutis.de\/index.php\/wp-json\/wp\/v2\/types\/page"}],"author":[{"embeddable":true,"href":"https:\/\/www.scutis.de\/index.php\/wp-json\/wp\/v2\/users\/1"}],"replies":[{"embeddable":true,"href":"https:\/\/www.scutis.de\/index.php\/wp-json\/wp\/v2\/comments?post=11448"}],"version-history":[{"count":34,"href":"https:\/\/www.scutis.de\/index.php\/wp-json\/wp\/v2\/pages\/11448\/revisions"}],"predecessor-version":[{"id":14362,"href":"https:\/\/www.scutis.de\/index.php\/wp-json\/wp\/v2\/pages\/11448\/revisions\/14362"}],"wp:attachment":[{"href":"https:\/\/www.scutis.de\/index.php\/wp-json\/wp\/v2\/media?parent=11448"}],"curies":[{"name":"wp","href":"https:\/\/api.w.org\/{rel}","templated":true}]}}