{"id":11446,"date":"2026-02-20T18:20:06","date_gmt":"2026-02-20T18:20:06","guid":{"rendered":"https:\/\/www.scutis.de\/?page_id=11446"},"modified":"2026-02-28T15:47:55","modified_gmt":"2026-02-28T15:47:55","slug":"hilfestellung-gobd","status":"publish","type":"page","link":"https:\/\/www.scutis.de\/index.php\/hilfestellung-gobd\/","title":{"rendered":"Hilfestellung GoBD"},"content":{"rendered":"\t\t<div data-elementor-type=\"wp-page\" data-elementor-id=\"11446\" class=\"elementor elementor-11446\" data-elementor-post-type=\"page\">\n\t\t\t\t<div class=\"elementor-element elementor-element-53af41dd e-flex e-con-boxed e-con e-parent\" data-id=\"53af41dd\" data-element_type=\"container\" data-e-type=\"container\">\n\t\t\t\t\t<div class=\"e-con-inner\">\n\t\t<div class=\"elementor-element elementor-element-23e5bba6 e-flex e-con-boxed e-con e-child\" data-id=\"23e5bba6\" data-element_type=\"container\" data-e-type=\"container\" data-settings=\"{&quot;background_background&quot;:&quot;classic&quot;}\">\n\t\t\t\t\t<div class=\"e-con-inner\">\n\t\t\t\t<div class=\"elementor-element elementor-element-2c8787ea elementor-widget__width-inherit elementor-widget elementor-widget-heading\" data-id=\"2c8787ea\" data-element_type=\"widget\" data-e-type=\"widget\" data-widget_type=\"heading.default\">\n\t\t\t\t<div class=\"elementor-widget-container\">\n\t\t\t\t\t<h2 class=\"elementor-heading-title elementor-size-default\">Verfahrensdokumentation (GoBD)<\/h2>\t\t\t\t<\/div>\n\t\t\t\t<\/div>\n\t\t\t\t\t<\/div>\n\t\t\t\t<\/div>\n\t\t<div class=\"elementor-element elementor-element-60e08ccc e-flex e-con-boxed e-con e-child\" data-id=\"60e08ccc\" data-element_type=\"container\" data-e-type=\"container\" data-settings=\"{&quot;background_background&quot;:&quot;classic&quot;}\">\n\t\t\t\t\t<div class=\"e-con-inner\">\n\t\t\t\t<div class=\"elementor-element elementor-element-255bc7db elementor-widget__width-inherit elementor-widget elementor-widget-text-editor\" data-id=\"255bc7db\" data-element_type=\"widget\" data-e-type=\"widget\" data-widget_type=\"text-editor.default\">\n\t\t\t\t<div class=\"elementor-widget-container\">\n\t\t\t\t\t\t\t\t\t<h3 style=\"text-align: center;\"><span style=\"color: #000000;\">Unterst\u00fctzung beim Aufbau der Verfahrensdokumentation gem. GoBD<\/span><\/h3><p class=\"text-align-center\" style=\"text-align: center;\"><span style=\"color: #000000;\"><!--block-->Denken Sie daran, dass Steuerpr\u00fcfungen f\u00fcr vergangene Veranlagungsjahre durchgef\u00fchrt werden!<\/span><\/p>\t\t\t\t\t\t\t\t<\/div>\n\t\t\t\t<\/div>\n\t\t\t\t\t<\/div>\n\t\t\t\t<\/div>\n\t\t<div class=\"elementor-element elementor-element-1466eef8 e-flex e-con-boxed e-con e-child\" data-id=\"1466eef8\" data-element_type=\"container\" data-e-type=\"container\">\n\t\t\t\t\t<div class=\"e-con-inner\">\n\t\t\t\t<div class=\"vamtam-has-theme-widget-styles elementor-element elementor-element-7638cc55 elementor-button-info elementor-align-center elementor-widget elementor-widget-button\" data-id=\"7638cc55\" data-element_type=\"widget\" data-e-type=\"widget\" data-widget_type=\"button.default\">\n\t\t\t\t<div class=\"elementor-widget-container\">\n\t\t\t\t\t\t\t\t\t<div class=\"elementor-button-wrapper\">\n\t\t\t\t\t<a class=\"elementor-button elementor-button-link elementor-size-sm\" href=\"https:\/\/www.scutis.de\/index.php\/verfahrensdokumentation-gobd\/\" target=\"_blank\" rel=\"nofollow\">\n\t\t\t\t\t\t<span class=\"elementor-button-content-wrapper\">\n\t\t\t\t\t\t\t\t\t<span class=\"elementor-button-text\">Mehr erfahren<\/span>\n\t\t\t\t\t<\/span>\n\t\t\t\t\t<\/a>\n\t\t\t\t<\/div>\n\t\t\t\t\t\t\t\t<\/div>\n\t\t\t\t<\/div>\n\t\t\t\t\t<\/div>\n\t\t\t\t<\/div>\n\t\t\t\t\t<\/div>\n\t\t\t\t<\/div>\n\t\t<div class=\"elementor-element elementor-element-3bd21ca e-grid e-con-boxed e-con e-parent\" data-id=\"3bd21ca\" data-element_type=\"container\" data-e-type=\"container\">\n\t\t\t\t\t<div class=\"e-con-inner\">\n\t\t\t\t<div class=\"elementor-element elementor-element-3873d42 elementor-widget elementor-widget-text-editor\" data-id=\"3873d42\" data-element_type=\"widget\" data-e-type=\"widget\" data-widget_type=\"text-editor.default\">\n\t\t\t\t<div class=\"elementor-widget-container\">\n\t\t\t\t\t\t\t\t\t<h3><!--block--><strong>Steuerkanzleien<\/strong>\u00a0<\/h3><p><!--block-->Wenn Sie eine Steuerkanzlei leiten und nur begrenzte Zeit f\u00fcr die Beratung Ihrer Mandanten zum Thema Verfahrensdokumentation haben, dann stehen wir als Ihr Partner Ihren Mandanten zur Seite! Wenn alle Informationen erfasst sind, kann die Dokumentation durch Sie bzw. den zust\u00e4ndigen steuerlichen Berater der Kanzlei gepr\u00fcft werden.\u00a0<\/p>\t\t\t\t\t\t\t\t<\/div>\n\t\t\t\t<\/div>\n\t\t\t\t<div class=\"elementor-element elementor-element-3ef87a7 elementor-widget elementor-widget-text-editor\" data-id=\"3ef87a7\" data-element_type=\"widget\" data-e-type=\"widget\" data-widget_type=\"text-editor.default\">\n\t\t\t\t<div class=\"elementor-widget-container\">\n\t\t\t\t\t\t\t\t\t<h3><!--block--><strong>Unternehmen<\/strong><\/h3><p><!--block-->Wenn Sie als Unternehmer Hilfe bei der Erstellung einer GoBD-konformen Verfahrensdokumentation ben\u00f6tigen, dann unterst\u00fctzt SCUTIS hier gerne! Wenn alle Informationen erfasst sind, kann die gemeinsam mit Ihnen erstellte Verfahrensdokumentation durch Ihren steuerlichen Berater gepr\u00fcft werden.<\/p>\t\t\t\t\t\t\t\t<\/div>\n\t\t\t\t<\/div>\n\t\t\t\t\t<\/div>\n\t\t\t\t<\/div>\n\t\t<div class=\"elementor-element elementor-element-e8f28bc e-flex e-con-boxed e-con e-parent\" data-id=\"e8f28bc\" data-element_type=\"container\" data-e-type=\"container\">\n\t\t\t\t\t<div class=\"e-con-inner\">\n\t\t\t\t<div class=\"elementor-element elementor-element-0b54303 elementor-widget elementor-widget-heading\" data-id=\"0b54303\" data-element_type=\"widget\" data-e-type=\"widget\" data-widget_type=\"heading.default\">\n\t\t\t\t<div class=\"elementor-widget-container\">\n\t\t\t\t\t<h2 class=\"elementor-heading-title elementor-size-default\"><br>Was ist zu tun?<br><\/h2>\t\t\t\t<\/div>\n\t\t\t\t<\/div>\n\t\t\t\t\t<\/div>\n\t\t\t\t<\/div>\n\t\t<div class=\"elementor-element elementor-element-272ad41 e-flex e-con-boxed e-con e-parent\" data-id=\"272ad41\" data-element_type=\"container\" data-e-type=\"container\">\n\t\t\t\t\t<div class=\"e-con-inner\">\n\t\t\t\t<div class=\"elementor-element elementor-element-ffe981b elementor-widget elementor-widget-text-editor\" data-id=\"ffe981b\" data-element_type=\"widget\" data-e-type=\"widget\" data-widget_type=\"text-editor.default\">\n\t\t\t\t<div class=\"elementor-widget-container\">\n\t\t\t\t\t\t\t\t\t<p class=\"text-align-center\"><!--block-->Die Verfahrensdokumentation im Rahmen der Grunds\u00e4tze ordnungsgem\u00e4\u00dfer Buchf\u00fchrung (GoBD) umfasst die folgenden Bereiche:<\/p><ol><li><!--block--><strong>R\u00e4umlicher Anwendungsbereich:<\/strong><ul><li><!--block-->Dokumentation der Standorte, an denen el. Software-Systeme genutzt werden.<\/li><li><!--block-->Ber\u00fccksichtigung von dezentralen Systemen oder Cloud-L\u00f6sungen.<\/li><li><!--block-->Sicherheitsma\u00dfnahmen f\u00fcr den r\u00e4umlichen Zugang zu den IT-Systemen.<\/li><\/ul><\/li><li><!--block--><strong>Sachlicher Anwendungsbereich:<\/strong><ul><li><!--block-->Beschreibung der Zwecke und Ziele der el. Software-Systeme.<\/li><li><!--block-->Festlegung der erfassten Gesch\u00e4ftsvorf\u00e4lle und Buchungen.<\/li><li><!--block-->Dokumentation von Prozessen, Abteilungen und Verantwortlichkeiten.<\/li><\/ul><\/li><li><!--block--><strong>Technischer Anwendungsbereich:<\/strong><ul><li><!--block-->Aufzeichnung der eingesetzten IT-Systeme, Software und Hardware.<\/li><li><!--block-->Sicherheitsma\u00dfnahmen wie Zugriffskontrollen, Verschl\u00fcsselung und Datensicherung.<\/li><li><!--block-->Behandlung technischer Aspekte der Datensicherheit und Datenintegrit\u00e4t.<\/li><\/ul><\/li><\/ol><p><!--block--><br \/>Die Verfahrensdokumentation gew\u00e4hrleistet, dass Software-Systeme, die steuerrelevante Informationen verarbeiten, den GoBD entsprechen. Sie unterst\u00fctzt Unternehmen dabei, die Nachvollziehbarkeit, Vollst\u00e4ndigkeit und Richtigkeit ihrer Buchf\u00fchrung sicherzustellen und dies den Finanzbeh\u00f6rden gegen\u00fcber zu belegen.<\/p>\t\t\t\t\t\t\t\t<\/div>\n\t\t\t\t<\/div>\n\t\t\t\t\t<\/div>\n\t\t\t\t<\/div>\n\t\t<div class=\"elementor-element elementor-element-f3a19d8 e-flex e-con-boxed e-con e-parent\" data-id=\"f3a19d8\" data-element_type=\"container\" data-e-type=\"container\">\n\t\t\t\t\t<div class=\"e-con-inner\">\n\t\t\t\t<div class=\"elementor-element elementor-element-036e47a elementor-widget elementor-widget-heading\" data-id=\"036e47a\" data-element_type=\"widget\" data-e-type=\"widget\" data-widget_type=\"heading.default\">\n\t\t\t\t<div class=\"elementor-widget-container\">\n\t\t\t\t\t<h2 class=\"elementor-heading-title elementor-size-default\"><br>Was tun wir?\n<\/h2>\t\t\t\t<\/div>\n\t\t\t\t<\/div>\n\t\t\t\t\t<\/div>\n\t\t\t\t<\/div>\n\t\t<div class=\"elementor-element elementor-element-2c5d688 e-flex e-con-boxed e-con e-parent\" data-id=\"2c5d688\" data-element_type=\"container\" data-e-type=\"container\">\n\t\t\t\t\t<div class=\"e-con-inner\">\n\t\t\t\t<div class=\"elementor-element elementor-element-e8a8751 elementor-widget elementor-widget-text-editor\" data-id=\"e8a8751\" data-element_type=\"widget\" data-e-type=\"widget\" data-widget_type=\"text-editor.default\">\n\t\t\t\t<div class=\"elementor-widget-container\">\n\t\t\t\t\t\t\t\t\t<p><!--block-->Unsere Unterst\u00fctzung umfasst in erster Linie, die <strong>Beratung bei der Erfassung der notwendigen Informationen<\/strong>, die in die digitalen Erfassungsformulare von VaDok\u00ae einzugeben sind, um sicherzustellen, dass Ihre steuerrelevanten Prozesse in der Verfahrensdokumentation den gesetzlichen Anforderungen entsprechen.<\/p><p>Das Dokumentationswerkzeug <span style=\"color: #ffffff;\"><a style=\"color: #ffffff;\" href=\"https:\/\/vadok.de\/\" target=\"_blank\" rel=\"noopener\"><b>VaDok\u00ae<\/b><\/a><\/span> bietet hier eine kosteng\u00fcnstige Softwarel\u00f6sung mit den notwendigen Funktionalit\u00e4ten und zugleich auch die <strong>Vorlagen und Ausf\u00fcllhilfen<\/strong>, bei deren Bearbeitung wir gerne helfen. Und mit <span style=\"color: #ffffff;\"><a style=\"color: #ffffff;\" href=\"https:\/\/vadok.de\/\" target=\"_blank\" rel=\"noopener\"><b>VaDok\u00ae<\/b><\/a><\/span> kann man wesentlich mehr als nur eine Verfahrensdokumentation aufzubauen.<\/p><p>Nach Aufruf des \u00fcbersandten Links bef\u00fcllen wir gemeinsam online das digitale Formular in VaDok\u00ae. Es muss nichts installiert oder im Vorfeld per E-Mail beantwortet werden.\u00a0<br \/>Wenn alles erfasst ist, dann ist auch die Verfahrensdokumentation fertig und der Betriebspr\u00fcfer kann kommen.<br \/>Wenn notwendig, nehmen wir uns auch f\u00fcr einen 2. oder 3. Termin die Zeit zur Unterst\u00fctzung.<\/p>\t\t\t\t\t\t\t\t<\/div>\n\t\t\t\t<\/div>\n\t\t\t\t\t<\/div>\n\t\t\t\t<\/div>\n\t\t<div class=\"elementor-element elementor-element-b655d93 e-con-full e-flex e-con e-parent\" data-id=\"b655d93\" data-element_type=\"container\" data-e-type=\"container\">\n\t\t\t\t<div class=\"elementor-element elementor-element-6689cf2 elementor-widget elementor-widget-heading\" data-id=\"6689cf2\" data-element_type=\"widget\" data-e-type=\"widget\" data-widget_type=\"heading.default\">\n\t\t\t\t<div class=\"elementor-widget-container\">\n\t\t\t\t\t<h2 class=\"elementor-heading-title elementor-size-default\"><br>Was kostet das?<br><\/h2>\t\t\t\t<\/div>\n\t\t\t\t<\/div>\n\t\t<div class=\"elementor-element elementor-element-f664ddd e-flex e-con-boxed e-con e-child\" data-id=\"f664ddd\" data-element_type=\"container\" data-e-type=\"container\">\n\t\t\t\t\t<div class=\"e-con-inner\">\n\t\t\t\t<div class=\"elementor-element elementor-element-f6032ca elementor-widget__width-inherit elementor-widget elementor-widget-text-editor\" data-id=\"f6032ca\" data-element_type=\"widget\" data-e-type=\"widget\" data-widget_type=\"text-editor.default\">\n\t\t\t\t<div class=\"elementor-widget-container\">\n\t\t\t\t\t\t\t\t\t<p>Mit unserer umfassenden <strong>Beratung und Unterst\u00fctzung<\/strong> erhalten Sie Zugang zur webbasierten Softwarel\u00f6sung <strong>VaDok\u00ae\u2011Verfahrensdokumentation<\/strong>. Die Nutzung erfolgt mit einer <strong>Mindestlaufzeit von 3 Jahren<\/strong>. Anschlie\u00dfend betr\u00e4gt die monatliche Geb\u00fchr <strong>15\u202f\u20ac (inkl. MwSt.)<\/strong> und ist <strong>jederzeit k\u00fcndbar<\/strong>.<\/p><p>F\u00fcr die ersten drei Jahre liegt der monatliche Gesamtpreis bei <strong>39,60\u202f\u20ac (inkl. MwSt.)<\/strong>. Zus\u00e4tzlich fallen <strong>Bewertungskosten von ca. einer Stunde<\/strong> bei Ihrem steuerlichen Berater an.<\/p>\t\t\t\t\t\t\t\t<\/div>\n\t\t\t\t<\/div>\n\t\t\t\t\t<\/div>\n\t\t\t\t<\/div>\n\t\t\t\t<div class=\"vamtam-has-theme-widget-styles elementor-element elementor-element-a4b4f58 elementor-align-center elementor-widget__width-inherit elementor-widget elementor-widget-button\" data-id=\"a4b4f58\" data-element_type=\"widget\" data-e-type=\"widget\" data-widget_type=\"button.default\">\n\t\t\t\t<div class=\"elementor-widget-container\">\n\t\t\t\t\t\t\t\t\t<div class=\"elementor-button-wrapper\">\n\t\t\t\t\t<a class=\"elementor-button elementor-button-link elementor-size-sm\" href=\"https:\/\/www.scutis.de\/index.php\/kontakt\/\" target=\"_blank\" rel=\"nofollow\">\n\t\t\t\t\t\t<span class=\"elementor-button-content-wrapper\">\n\t\t\t\t\t\t\t\t\t<span class=\"elementor-button-text\">Mehr erfahren<\/span>\n\t\t\t\t\t<\/span>\n\t\t\t\t\t<\/a>\n\t\t\t\t<\/div>\n\t\t\t\t\t\t\t\t<\/div>\n\t\t\t\t<\/div>\n\t\t\t\t<\/div>\n\t\t\t\t<\/div>\n\t\t","protected":false},"excerpt":{"rendered":"<p>Verfahrensdokumentation (GoBD) Unterst\u00fctzung beim Aufbau der Verfahrensdokumentation gem. GoBD Denken Sie daran, dass Steuerpr\u00fcfungen f\u00fcr vergangene Veranlagungsjahre durchgef\u00fchrt werden! Mehr erfahren Steuerkanzleien\u00a0 Wenn Sie eine Steuerkanzlei leiten und nur begrenzte Zeit f\u00fcr die Beratung Ihrer Mandanten zum Thema Verfahrensdokumentation haben, dann stehen wir als Ihr Partner Ihren Mandanten zur Seite! Wenn alle Informationen erfasst sind,&#8230;<\/p>\n","protected":false},"author":1,"featured_media":0,"parent":0,"menu_order":0,"comment_status":"closed","ping_status":"closed","template":"","meta":{"footnotes":""},"class_list":["post-11446","page","type-page","status-publish","hentry"],"_links":{"self":[{"href":"https:\/\/www.scutis.de\/index.php\/wp-json\/wp\/v2\/pages\/11446","targetHints":{"allow":["GET"]}}],"collection":[{"href":"https:\/\/www.scutis.de\/index.php\/wp-json\/wp\/v2\/pages"}],"about":[{"href":"https:\/\/www.scutis.de\/index.php\/wp-json\/wp\/v2\/types\/page"}],"author":[{"embeddable":true,"href":"https:\/\/www.scutis.de\/index.php\/wp-json\/wp\/v2\/users\/1"}],"replies":[{"embeddable":true,"href":"https:\/\/www.scutis.de\/index.php\/wp-json\/wp\/v2\/comments?post=11446"}],"version-history":[{"count":121,"href":"https:\/\/www.scutis.de\/index.php\/wp-json\/wp\/v2\/pages\/11446\/revisions"}],"predecessor-version":[{"id":14359,"href":"https:\/\/www.scutis.de\/index.php\/wp-json\/wp\/v2\/pages\/11446\/revisions\/14359"}],"wp:attachment":[{"href":"https:\/\/www.scutis.de\/index.php\/wp-json\/wp\/v2\/media?parent=11446"}],"curies":[{"name":"wp","href":"https:\/\/api.w.org\/{rel}","templated":true}]}}