{"id":11444,"date":"2026-02-20T18:19:50","date_gmt":"2026-02-20T18:19:50","guid":{"rendered":"https:\/\/www.scutis.de\/?page_id=11444"},"modified":"2026-02-25T17:31:58","modified_gmt":"2026-02-25T17:31:58","slug":"gem-meldstelle","status":"publish","type":"page","link":"https:\/\/www.scutis.de\/index.php\/gem-meldstelle\/","title":{"rendered":"gem. Meldstelle"},"content":{"rendered":"\t\t<div data-elementor-type=\"wp-page\" data-elementor-id=\"11444\" class=\"elementor elementor-11444\" data-elementor-post-type=\"page\">\n\t\t\t\t<div class=\"elementor-element elementor-element-19ef5cdf e-flex e-con-boxed e-con e-parent\" data-id=\"19ef5cdf\" data-element_type=\"container\" data-e-type=\"container\">\n\t\t\t\t\t<div class=\"e-con-inner\">\n\t\t<div class=\"elementor-element elementor-element-6e9c5793 e-flex e-con-boxed e-con e-child\" data-id=\"6e9c5793\" data-element_type=\"container\" data-e-type=\"container\" data-settings=\"{&quot;background_background&quot;:&quot;classic&quot;}\">\n\t\t\t\t\t<div class=\"e-con-inner\">\n\t\t\t\t<div class=\"elementor-element elementor-element-4710a567 elementor-widget__width-inherit elementor-widget elementor-widget-heading\" data-id=\"4710a567\" data-element_type=\"widget\" data-e-type=\"widget\" data-widget_type=\"heading.default\">\n\t\t\t\t<div class=\"elementor-widget-container\">\n\t\t\t\t\t<h2 class=\"elementor-heading-title elementor-size-default\">Hinweisgeberschutz (HinSchG)<\/h2>\t\t\t\t<\/div>\n\t\t\t\t<\/div>\n\t\t\t\t\t<\/div>\n\t\t\t\t<\/div>\n\t\t<div class=\"elementor-element elementor-element-5b3e751c e-flex e-con-boxed e-con e-child\" data-id=\"5b3e751c\" data-element_type=\"container\" data-e-type=\"container\" data-settings=\"{&quot;background_background&quot;:&quot;classic&quot;}\">\n\t\t\t\t\t<div class=\"e-con-inner\">\n\t\t\t\t<div class=\"elementor-element elementor-element-7ceee855 elementor-widget__width-inherit elementor-widget elementor-widget-text-editor\" data-id=\"7ceee855\" data-element_type=\"widget\" data-e-type=\"widget\" data-widget_type=\"text-editor.default\">\n\t\t\t\t<div class=\"elementor-widget-container\">\n\t\t\t\t\t\t\t\t\t<h3 style=\"text-align: center;\"><span style=\"color: #000000;\">Gemeinsame interne Meldestelle (GiMs)<\/span><\/h3><p><span style=\"color: #000000;\">Gem\u00e4\u00df dem Hinweisgeberschutzgesetz (HinSchG) sind Arbeitgeber mit in der Regel mindestens 50 Besch\u00e4ftigten verpflichtet, interne Meldestellen einzurichten und zu betreiben, an die sich insbesondere Besch\u00e4ftigte mit Informationen \u00fcber Verst\u00f6\u00dfe und Missst\u00e4nde wenden k\u00f6nnen. <\/span><br \/><span style=\"color: #000000;\">Private Besch\u00e4ftigungsgeber also Arbeitgeber mit bis zu 249 Besch\u00e4ftigten, die keine juristischen Personen des \u00f6ffentlichen Rechts sind und auch nicht im Eigentum oder unter der Kontrolle einer solchen juristischen Person stehen, k\u00f6nnen interne Meldestellen gemeinsam einrichten und betreiben.<\/span><\/p>\t\t\t\t\t\t\t\t<\/div>\n\t\t\t\t<\/div>\n\t\t\t\t\t<\/div>\n\t\t\t\t<\/div>\n\t\t<div class=\"elementor-element elementor-element-5f7d4a91 e-flex e-con-boxed e-con e-child\" data-id=\"5f7d4a91\" data-element_type=\"container\" data-e-type=\"container\">\n\t\t\t\t\t<div class=\"e-con-inner\">\n\t\t\t\t<div class=\"vamtam-has-theme-widget-styles elementor-element elementor-element-15ee072 elementor-button-info elementor-align-center elementor-widget__width-inherit elementor-widget elementor-widget-button\" data-id=\"15ee072\" data-element_type=\"widget\" data-e-type=\"widget\" data-widget_type=\"button.default\">\n\t\t\t\t<div class=\"elementor-widget-container\">\n\t\t\t\t\t\t\t\t\t<div class=\"elementor-button-wrapper\">\n\t\t\t\t\t<a class=\"elementor-button elementor-button-link elementor-size-sm\" href=\"https:\/\/www.scutis.de\/index.php\/vadok-whistleblow\/\">\n\t\t\t\t\t\t<span class=\"elementor-button-content-wrapper\">\n\t\t\t\t\t\t\t\t\t<span class=\"elementor-button-text\">Mehr erfahren<\/span>\n\t\t\t\t\t<\/span>\n\t\t\t\t\t<\/a>\n\t\t\t\t<\/div>\n\t\t\t\t\t\t\t\t<\/div>\n\t\t\t\t<\/div>\n\t\t\t\t\t<\/div>\n\t\t\t\t<\/div>\n\t\t\t\t\t<\/div>\n\t\t\t\t<\/div>\n\t\t\t\t<\/div>\n\t\t","protected":false},"excerpt":{"rendered":"<p>Hinweisgeberschutz (HinSchG) Gemeinsame interne Meldestelle (GiMs) Gem\u00e4\u00df dem Hinweisgeberschutzgesetz (HinSchG) sind Arbeitgeber mit in der Regel mindestens 50 Besch\u00e4ftigten verpflichtet, interne Meldestellen einzurichten und zu betreiben, an die sich insbesondere Besch\u00e4ftigte mit Informationen \u00fcber Verst\u00f6\u00dfe und Missst\u00e4nde wenden k\u00f6nnen. Private Besch\u00e4ftigungsgeber also Arbeitgeber mit bis zu 249 Besch\u00e4ftigten, die keine juristischen Personen des \u00f6ffentlichen Rechts&#8230;<\/p>\n","protected":false},"author":1,"featured_media":0,"parent":0,"menu_order":0,"comment_status":"closed","ping_status":"closed","template":"","meta":{"footnotes":""},"class_list":["post-11444","page","type-page","status-publish","hentry"],"_links":{"self":[{"href":"https:\/\/www.scutis.de\/index.php\/wp-json\/wp\/v2\/pages\/11444","targetHints":{"allow":["GET"]}}],"collection":[{"href":"https:\/\/www.scutis.de\/index.php\/wp-json\/wp\/v2\/pages"}],"about":[{"href":"https:\/\/www.scutis.de\/index.php\/wp-json\/wp\/v2\/types\/page"}],"author":[{"embeddable":true,"href":"https:\/\/www.scutis.de\/index.php\/wp-json\/wp\/v2\/users\/1"}],"replies":[{"embeddable":true,"href":"https:\/\/www.scutis.de\/index.php\/wp-json\/wp\/v2\/comments?post=11444"}],"version-history":[{"count":16,"href":"https:\/\/www.scutis.de\/index.php\/wp-json\/wp\/v2\/pages\/11444\/revisions"}],"predecessor-version":[{"id":13490,"href":"https:\/\/www.scutis.de\/index.php\/wp-json\/wp\/v2\/pages\/11444\/revisions\/13490"}],"wp:attachment":[{"href":"https:\/\/www.scutis.de\/index.php\/wp-json\/wp\/v2\/media?parent=11444"}],"curies":[{"name":"wp","href":"https:\/\/api.w.org\/{rel}","templated":true}]}}