{"id":11442,"date":"2026-02-20T18:19:33","date_gmt":"2026-02-20T18:19:33","guid":{"rendered":"https:\/\/www.scutis.de\/?page_id=11442"},"modified":"2026-02-25T17:30:17","modified_gmt":"2026-02-25T17:30:17","slug":"externer-msb","status":"publish","type":"page","link":"https:\/\/www.scutis.de\/index.php\/externer-msb\/","title":{"rendered":"externer MSB"},"content":{"rendered":"\t\t<div data-elementor-type=\"wp-page\" data-elementor-id=\"11442\" class=\"elementor elementor-11442\" data-elementor-post-type=\"page\">\n\t\t\t\t<div class=\"elementor-element elementor-element-4aeecf65 e-flex e-con-boxed e-con e-parent\" data-id=\"4aeecf65\" data-element_type=\"container\" data-e-type=\"container\">\n\t\t\t\t\t<div class=\"e-con-inner\">\n\t\t<div class=\"elementor-element elementor-element-3b76ef5e e-flex e-con-boxed e-con e-child\" data-id=\"3b76ef5e\" data-element_type=\"container\" data-e-type=\"container\" data-settings=\"{&quot;background_background&quot;:&quot;classic&quot;}\">\n\t\t\t\t\t<div class=\"e-con-inner\">\n\t\t\t\t<div class=\"elementor-element elementor-element-496ef920 elementor-widget__width-inherit elementor-widget elementor-widget-heading\" data-id=\"496ef920\" data-element_type=\"widget\" data-e-type=\"widget\" data-widget_type=\"heading.default\">\n\t\t\t\t<div class=\"elementor-widget-container\">\n\t\t\t\t\t<h2 class=\"elementor-heading-title elementor-size-default\">Informationssicherheit (InfoSec)<\/h2>\t\t\t\t<\/div>\n\t\t\t\t<\/div>\n\t\t\t\t\t<\/div>\n\t\t\t\t<\/div>\n\t\t<div class=\"elementor-element elementor-element-612b7745 e-flex e-con-boxed e-con e-child\" data-id=\"612b7745\" data-element_type=\"container\" data-e-type=\"container\" data-settings=\"{&quot;background_background&quot;:&quot;classic&quot;}\">\n\t\t\t\t\t<div class=\"e-con-inner\">\n\t\t\t\t<div class=\"elementor-element elementor-element-2dd96ceb elementor-widget__width-inherit elementor-widget elementor-widget-text-editor\" data-id=\"2dd96ceb\" data-element_type=\"widget\" data-e-type=\"widget\" data-widget_type=\"text-editor.default\">\n\t\t\t\t<div class=\"elementor-widget-container\">\n\t\t\t\t\t\t\t\t\t<h3 style=\"text-align: center;\"><span style=\"color: #000000;\">interne ausgelagerte Meldestelle mit eMSB<\/span><\/h3><p style=\"text-align: center;\"><span style=\"color: #000000;\">Wir bieten Ihnen unsere Ombudsmann-Services bzw. die Dienste eines externen Meldestellenbeauftragten an, der die ordnungsgem\u00e4\u00dfe Bearbeitung von eingehenden Hinweisen \u00fcberwacht, pr\u00fcft und koordiniert. Die externe Bestellung des Meldestellenbeauftragten schlie\u00dft m\u00f6gliche Interessenkonflikte aus und gew\u00e4hrleistet die Unabh\u00e4ngigkeit gem\u00e4\u00df \u00a715 Abs. 1 des Hinweisgeberschutzgesetzes (HinSchG).<\/span><\/p>\t\t\t\t\t\t\t\t<\/div>\n\t\t\t\t<\/div>\n\t\t\t\t\t<\/div>\n\t\t\t\t<\/div>\n\t\t<div class=\"elementor-element elementor-element-239c1df0 e-flex e-con-boxed e-con e-child\" data-id=\"239c1df0\" data-element_type=\"container\" data-e-type=\"container\">\n\t\t\t\t\t<div class=\"e-con-inner\">\n\t\t\t\t<div class=\"vamtam-has-theme-widget-styles elementor-element elementor-element-06f9cd6 elementor-button-info elementor-align-center elementor-widget__width-inherit elementor-widget elementor-widget-button\" data-id=\"06f9cd6\" data-element_type=\"widget\" data-e-type=\"widget\" data-widget_type=\"button.default\">\n\t\t\t\t<div class=\"elementor-widget-container\">\n\t\t\t\t\t\t\t\t\t<div class=\"elementor-button-wrapper\">\n\t\t\t\t\t<a class=\"elementor-button elementor-button-link elementor-size-sm\" href=\"https:\/\/www.scutis.de\/index.php\/hinweisgeberschutzgesetz-hinschg\/\">\n\t\t\t\t\t\t<span class=\"elementor-button-content-wrapper\">\n\t\t\t\t\t\t\t\t\t<span class=\"elementor-button-text\">Mehr erfahren<\/span>\n\t\t\t\t\t<\/span>\n\t\t\t\t\t<\/a>\n\t\t\t\t<\/div>\n\t\t\t\t\t\t\t\t<\/div>\n\t\t\t\t<\/div>\n\t\t\t\t\t<\/div>\n\t\t\t\t<\/div>\n\t\t\t\t\t<\/div>\n\t\t\t\t<\/div>\n\t\t\t\t<\/div>\n\t\t","protected":false},"excerpt":{"rendered":"<p>Informationssicherheit (InfoSec) interne ausgelagerte Meldestelle mit eMSB Wir bieten Ihnen unsere Ombudsmann-Services bzw. die Dienste eines externen Meldestellenbeauftragten an, der die ordnungsgem\u00e4\u00dfe Bearbeitung von eingehenden Hinweisen \u00fcberwacht, pr\u00fcft und koordiniert. Die externe Bestellung des Meldestellenbeauftragten schlie\u00dft m\u00f6gliche Interessenkonflikte aus und gew\u00e4hrleistet die Unabh\u00e4ngigkeit gem\u00e4\u00df \u00a715 Abs. 1 des Hinweisgeberschutzgesetzes (HinSchG). Mehr erfahren<\/p>\n","protected":false},"author":1,"featured_media":0,"parent":0,"menu_order":0,"comment_status":"closed","ping_status":"closed","template":"","meta":{"footnotes":""},"class_list":["post-11442","page","type-page","status-publish","hentry"],"_links":{"self":[{"href":"https:\/\/www.scutis.de\/index.php\/wp-json\/wp\/v2\/pages\/11442","targetHints":{"allow":["GET"]}}],"collection":[{"href":"https:\/\/www.scutis.de\/index.php\/wp-json\/wp\/v2\/pages"}],"about":[{"href":"https:\/\/www.scutis.de\/index.php\/wp-json\/wp\/v2\/types\/page"}],"author":[{"embeddable":true,"href":"https:\/\/www.scutis.de\/index.php\/wp-json\/wp\/v2\/users\/1"}],"replies":[{"embeddable":true,"href":"https:\/\/www.scutis.de\/index.php\/wp-json\/wp\/v2\/comments?post=11442"}],"version-history":[{"count":31,"href":"https:\/\/www.scutis.de\/index.php\/wp-json\/wp\/v2\/pages\/11442\/revisions"}],"predecessor-version":[{"id":13487,"href":"https:\/\/www.scutis.de\/index.php\/wp-json\/wp\/v2\/pages\/11442\/revisions\/13487"}],"wp:attachment":[{"href":"https:\/\/www.scutis.de\/index.php\/wp-json\/wp\/v2\/media?parent=11442"}],"curies":[{"name":"wp","href":"https:\/\/api.w.org\/{rel}","templated":true}]}}