{"id":11208,"date":"2026-02-19T18:58:38","date_gmt":"2026-02-19T18:58:38","guid":{"rendered":"https:\/\/www.scutis.de\/?page_id=11208"},"modified":"2026-02-26T12:29:26","modified_gmt":"2026-02-26T12:29:26","slug":"infos","status":"publish","type":"page","link":"https:\/\/www.scutis.de\/index.php\/infos\/","title":{"rendered":"Infos"},"content":{"rendered":"\t\t<div data-elementor-type=\"wp-page\" data-elementor-id=\"11208\" class=\"elementor elementor-11208\" data-elementor-post-type=\"page\">\n\t\t\t\t<div class=\"elementor-element elementor-element-37d84075 e-con-full e-flex e-con e-parent\" data-id=\"37d84075\" data-element_type=\"container\" data-e-type=\"container\" data-settings=\"{&quot;background_background&quot;:&quot;gradient&quot;}\">\n\t\t\t\t<div class=\"elementor-element elementor-element-7038d067 elementor-widget__width-auto elementor-widget elementor-widget-text-editor\" data-id=\"7038d067\" data-element_type=\"widget\" data-e-type=\"widget\" data-widget_type=\"text-editor.default\">\n\t\t\t\t<div class=\"elementor-widget-container\">\n\t\t\t\t\t\t\t\t\t<h1 style=\"text-align: center;\"><span style=\"color: #ffffff;\"><strong>Unsere Informationen<\/strong><\/span><\/h1><p style=\"text-align: center;\"><span style=\"color: #ffffff;\">Compliance\u2011Themen sind oft komplex und zeitintensiv. Damit Sie sich nicht durch un\u00fcbersichtliche Vorgaben k\u00e4mpfen m\u00fcssen, finden Sie hier kompakte und verst\u00e4ndliche Informationen zu allen wichtigen Bereichen. Wir wollen Ihnen eine <strong>klare Orientierung geben<\/strong>, zeigen, worauf es wirklich ankommt, und unterst\u00fctzen Sie dabei, Anforderungen sicher einzuordnen.<\/span><\/p><p>\u00a0<\/p><p style=\"text-align: center;\"><span style=\"color: #ffffff;\">W\u00e4hlen Sie einfach das Thema, das f\u00fcr Ihr Unternehmen relevant ist \u2013 pr\u00e4zise erkl\u00e4rt, jederzeit abrufbar und ohne Fachjargon. Wenn Sie dar\u00fcber hinaus eine Einsch\u00e4tzung oder konkrete Handlungsempfehlungen ben\u00f6tigen, k\u00f6nnen Sie jederzeit einen Beratungstermin vereinbaren.<\/span><\/p>\t\t\t\t\t\t\t\t<\/div>\n\t\t\t\t<\/div>\n\t\t\t\t<\/div>\n\t\t<div class=\"elementor-element elementor-element-7c48bef5 e-flex e-con-boxed e-con e-parent\" data-id=\"7c48bef5\" data-element_type=\"container\" data-e-type=\"container\">\n\t\t\t\t\t<div class=\"e-con-inner\">\n\t\t<div class=\"elementor-element elementor-element-45f8b738 e-con-full e-flex e-con e-child\" data-id=\"45f8b738\" data-element_type=\"container\" data-e-type=\"container\">\n\t\t\t\t<div class=\"elementor-element elementor-element-281ce8af elementor-widget elementor-widget-text-editor\" data-id=\"281ce8af\" data-element_type=\"widget\" data-e-type=\"widget\" data-widget_type=\"text-editor.default\">\n\t\t\t\t<div class=\"elementor-widget-container\">\n\t\t\t\t\t\t\t\t\t<p>Die Video\u00fcberwachung durch nicht\u00f6ffentliche Stellen, wie Privatpersonen, Gastst\u00e4tten bzw. Unternehmen oder Vereine, ist in Deutschland erlaubt, aber an bestimmte Bedingungen gekn\u00fcpft:<\/p><ul><li><!--block--><strong>Beschr\u00e4nkung auf das eigene Grundst\u00fcck<\/strong>: Die \u00dcberwachung darf nur das eigene Grundst\u00fcck erfassen. \u00d6ffentliche Bereiche, wie Gehwege oder Stra\u00dfen, sowie Nachbargrundst\u00fccke d\u00fcrfen nicht gefilmt werden.<\/li><li><!--block--><strong>Sichtbarkeit der Kameras<\/strong>: Die \u00dcberwachungskameras m\u00fcssen so angebracht sein, dass sie f\u00fcr jeden gut sichtbar sind. Eine versteckte \u00dcberwachung ist in der Regel nicht zul\u00e4ssig.<\/li><li><!--block--><strong>Zweck der \u00dcberwachung<\/strong>: Die Video\u00fcberwachung ist nur dann zul\u00e4ssig, wenn sie einem legitimen Zweck dient, zum Beispiel dem Schutz des Eigentums oder der Sicherheit. Es darf nicht zur \u00dcberwachung von Personen ohne berechtigten Grund genutzt werden.<\/li><li><!--block--><strong>Wahrung der Pers\u00f6nlichkeitsrechte<\/strong>: Die \u00dcberwachung darf die Rechte Unbeteiligter nicht verletzen. Es muss sichergestellt sein, dass die Privatsph\u00e4re anderer nicht beeintr\u00e4chtigt wird.<\/li><li><!--block-->Diese Regelungen sind wichtig, um ein Gleichgewicht zwischen Sicherheitsinteressen und dem Schutz der Pers\u00f6nlichkeitsrechte zu wahren.\u00a0<\/li><\/ul>\t\t\t\t\t\t\t\t<\/div>\n\t\t\t\t<\/div>\n\t\t\t\t<\/div>\n\t\t<div class=\"elementor-element elementor-element-2d099b2b e-flex e-con-boxed e-con e-child\" data-id=\"2d099b2b\" data-element_type=\"container\" data-e-type=\"container\">\n\t\t\t\t\t<div class=\"e-con-inner\">\n\t\t<div class=\"elementor-element elementor-element-15ae6060 e-flex e-con-boxed e-con e-child\" data-id=\"15ae6060\" data-element_type=\"container\" data-e-type=\"container\">\n\t\t\t\t\t<div class=\"e-con-inner\">\n\t\t\t\t<div class=\"elementor-element elementor-element-14a0c04e elementor-widget elementor-widget-image\" data-id=\"14a0c04e\" data-element_type=\"widget\" data-e-type=\"widget\" data-widget_type=\"image.default\">\n\t\t\t\t<div class=\"elementor-widget-container\">\n\t\t\t\t\t\t\t\t\t\t\t\t\t\t\t<img decoding=\"async\" width=\"1\" height=\"1\" src=\"https:\/\/www.scutis.de\/wp-content\/uploads\/2026\/02\/SCUTIS-WEB-14-1.avif\" class=\"attachment-large size-large wp-image-10648\" alt=\"\" \/>\t\t\t\t\t\t\t\t\t\t\t\t\t\t\t<\/div>\n\t\t\t\t<\/div>\n\t\t\t\t\t<\/div>\n\t\t\t\t<\/div>\n\t\t<div class=\"elementor-element elementor-element-4f5c2261 e-con-full e-flex e-con e-child\" data-id=\"4f5c2261\" data-element_type=\"container\" data-e-type=\"container\">\n\t\t\t\t<\/div>\n\t\t\t\t\t<\/div>\n\t\t\t\t<\/div>\n\t\t\t\t\t<\/div>\n\t\t\t\t<\/div>\n\t\t<div class=\"elementor-element elementor-element-3c20c74 e-flex e-con-boxed e-con e-parent\" data-id=\"3c20c74\" data-element_type=\"container\" data-e-type=\"container\">\n\t\t\t\t\t<div class=\"e-con-inner\">\n\t\t<div class=\"elementor-element elementor-element-1d49311 e-con-full e-flex e-con e-child\" data-id=\"1d49311\" data-element_type=\"container\" data-e-type=\"container\">\n\t\t\t\t<div class=\"elementor-element elementor-element-ed241c6 elementor-widget elementor-widget-text-editor\" data-id=\"ed241c6\" data-element_type=\"widget\" data-e-type=\"widget\" data-widget_type=\"text-editor.default\">\n\t\t\t\t<div class=\"elementor-widget-container\">\n\t\t\t\t\t\t\t\t\t<p>Die Verfahrensdokumentation ist f\u00fcr Unternehmen verpflichtend, wenn sie digitale Buchf\u00fchrungssysteme einsetzen. Sie dient dazu, die Abl\u00e4ufe rund um Belegwesen, Buchf\u00fchrung und Datenaufbewahrung nachvollziehbar und pr\u00fcfbar zu machen. Dabei gelten klare Anforderungen:<\/p><ul><li><strong>Dokumentation der Prozesse:<\/strong> <br \/>Es m\u00fcssen alle Schritte beschrieben werden, die bei der Erfassung, Verarbeitung, Speicherung und Aufbewahrung von steuerlich relevanten Daten stattfinden.<\/li><li><strong>Nachvollziehbarkeit und Transparenz:<\/strong> <br \/>Die Finanzverwaltung muss jederzeit erkennen k\u00f6nnen, wie Daten entstehen, ver\u00e4ndert und archiviert werden. Unklare oder fehlende Beschreibungen k\u00f6nnen zu Beanstandungen f\u00fchren.<\/li><li><strong>Rechtskonforme Aufbewahrung:<\/strong> <br \/>Digitale Unterlagen m\u00fcssen vollst\u00e4ndig, unver\u00e4nderbar und fristgerecht aufbewahrt werden. Die Verfahrensdokumentation zeigt, wie dies im Unternehmen sichergestellt wird.<\/li><li><strong>Schutz vor Risiken:<\/strong> <br \/>Eine fehlende oder unzureichende Verfahrensdokumentation kann im Rahmen einer Betriebspr\u00fcfung zu Hinzusch\u00e4tzungen oder anderen steuerlichen Konsequenzen f\u00fchren.<\/li><\/ul>\t\t\t\t\t\t\t\t<\/div>\n\t\t\t\t<\/div>\n\t\t\t\t<\/div>\n\t\t<div class=\"elementor-element elementor-element-bfde506 e-flex e-con-boxed e-con e-child\" data-id=\"bfde506\" data-element_type=\"container\" data-e-type=\"container\">\n\t\t\t\t\t<div class=\"e-con-inner\">\n\t\t<div class=\"elementor-element elementor-element-099f8a9 e-flex e-con-boxed e-con e-child\" data-id=\"099f8a9\" data-element_type=\"container\" data-e-type=\"container\">\n\t\t\t\t\t<div class=\"e-con-inner\">\n\t\t\t\t<div class=\"elementor-element elementor-element-15cb9778 elementor-widget elementor-widget-image\" data-id=\"15cb9778\" data-element_type=\"widget\" data-e-type=\"widget\" data-widget_type=\"image.default\">\n\t\t\t\t<div class=\"elementor-widget-container\">\n\t\t\t\t\t\t\t\t\t\t\t\t\t\t\t<img fetchpriority=\"high\" decoding=\"async\" width=\"800\" height=\"266\" src=\"https:\/\/www.scutis.de\/wp-content\/uploads\/2026\/02\/SCUTIS-WEB-57.avif\" class=\"attachment-large size-large wp-image-11553\" alt=\"\" \/>\t\t\t\t\t\t\t\t\t\t\t\t\t\t\t<\/div>\n\t\t\t\t<\/div>\n\t\t\t\t\t<\/div>\n\t\t\t\t<\/div>\n\t\t<div class=\"elementor-element elementor-element-3f250e1 e-con-full e-flex e-con e-child\" data-id=\"3f250e1\" data-element_type=\"container\" data-e-type=\"container\">\n\t\t\t\t<\/div>\n\t\t\t\t\t<\/div>\n\t\t\t\t<\/div>\n\t\t\t\t\t<\/div>\n\t\t\t\t<\/div>\n\t\t<div class=\"elementor-element elementor-element-43c4d8e6 e-con-full e-flex e-con e-parent\" data-id=\"43c4d8e6\" data-element_type=\"container\" data-e-type=\"container\">\n\t\t<div class=\"elementor-element elementor-element-261f8ef8 e-con-full e-flex e-con e-child\" data-id=\"261f8ef8\" data-element_type=\"container\" data-e-type=\"container\">\n\t\t<div class=\"elementor-element elementor-element-1ebac68e e-flex e-con-boxed e-con e-child\" data-id=\"1ebac68e\" data-element_type=\"container\" data-e-type=\"container\">\n\t\t\t\t\t<div class=\"e-con-inner\">\n\t\t\t\t\t<\/div>\n\t\t\t\t<\/div>\n\t\t<div class=\"elementor-element elementor-element-210d28dc e-con-full e-flex e-con e-child\" data-id=\"210d28dc\" data-element_type=\"container\" data-e-type=\"container\">\n\t\t\t\t<div class=\"vamtam-has-theme-widget-styles elementor-element elementor-element-5af3835c elementor-align-center elementor-widget elementor-widget-button\" data-id=\"5af3835c\" data-element_type=\"widget\" data-e-type=\"widget\" data-widget_type=\"button.default\">\n\t\t\t\t<div class=\"elementor-widget-container\">\n\t\t\t\t\t\t\t\t\t<div class=\"elementor-button-wrapper\">\n\t\t\t\t\t<a class=\"elementor-button elementor-button-link elementor-size-sm\" href=\"#\">\n\t\t\t\t\t\t<span class=\"elementor-button-content-wrapper\">\n\t\t\t\t\t\t\t\t\t<span class=\"elementor-button-text\">Termin buchen<\/span>\n\t\t\t\t\t<\/span>\n\t\t\t\t\t<\/a>\n\t\t\t\t<\/div>\n\t\t\t\t\t\t\t\t<\/div>\n\t\t\t\t<\/div>\n\t\t\t\t<\/div>\n\t\t\t\t<\/div>\n\t\t\t\t<\/div>\n\t\t\t\t<\/div>\n\t\t","protected":false},"excerpt":{"rendered":"<p>Unsere Informationen Compliance\u2011Themen sind oft komplex und zeitintensiv. Damit Sie sich nicht durch un\u00fcbersichtliche Vorgaben k\u00e4mpfen m\u00fcssen, finden Sie hier kompakte und verst\u00e4ndliche Informationen zu allen wichtigen Bereichen. Wir wollen Ihnen eine klare Orientierung geben, zeigen, worauf es wirklich ankommt, und unterst\u00fctzen Sie dabei, Anforderungen sicher einzuordnen. \u00a0 W\u00e4hlen Sie einfach das Thema, das f\u00fcr&#8230;<\/p>\n","protected":false},"author":1,"featured_media":0,"parent":0,"menu_order":0,"comment_status":"closed","ping_status":"closed","template":"","meta":{"footnotes":""},"class_list":["post-11208","page","type-page","status-publish","hentry"],"_links":{"self":[{"href":"https:\/\/www.scutis.de\/index.php\/wp-json\/wp\/v2\/pages\/11208","targetHints":{"allow":["GET"]}}],"collection":[{"href":"https:\/\/www.scutis.de\/index.php\/wp-json\/wp\/v2\/pages"}],"about":[{"href":"https:\/\/www.scutis.de\/index.php\/wp-json\/wp\/v2\/types\/page"}],"author":[{"embeddable":true,"href":"https:\/\/www.scutis.de\/index.php\/wp-json\/wp\/v2\/users\/1"}],"replies":[{"embeddable":true,"href":"https:\/\/www.scutis.de\/index.php\/wp-json\/wp\/v2\/comments?post=11208"}],"version-history":[{"count":118,"href":"https:\/\/www.scutis.de\/index.php\/wp-json\/wp\/v2\/pages\/11208\/revisions"}],"predecessor-version":[{"id":13732,"href":"https:\/\/www.scutis.de\/index.php\/wp-json\/wp\/v2\/pages\/11208\/revisions\/13732"}],"wp:attachment":[{"href":"https:\/\/www.scutis.de\/index.php\/wp-json\/wp\/v2\/media?parent=11208"}],"curies":[{"name":"wp","href":"https:\/\/api.w.org\/{rel}","templated":true}]}}