{"id":11204,"date":"2026-02-19T18:58:06","date_gmt":"2026-02-19T18:58:06","guid":{"rendered":"https:\/\/www.scutis.de\/?page_id=11204"},"modified":"2026-02-26T12:26:02","modified_gmt":"2026-02-26T12:26:02","slug":"expertise-2","status":"publish","type":"page","link":"https:\/\/www.scutis.de\/index.php\/expertise-2\/","title":{"rendered":"Expertise"},"content":{"rendered":"\t\t<div data-elementor-type=\"wp-page\" data-elementor-id=\"11204\" class=\"elementor elementor-11204\" data-elementor-post-type=\"page\">\n\t\t\t\t<div class=\"elementor-element elementor-element-669acb4b e-con-full e-flex e-con e-parent\" data-id=\"669acb4b\" data-element_type=\"container\" data-e-type=\"container\" data-settings=\"{&quot;background_background&quot;:&quot;gradient&quot;}\">\n\t\t\t\t<div class=\"elementor-element elementor-element-235942e7 elementor-widget__width-auto elementor-widget elementor-widget-text-editor\" data-id=\"235942e7\" data-element_type=\"widget\" data-e-type=\"widget\" data-widget_type=\"text-editor.default\">\n\t\t\t\t<div class=\"elementor-widget-container\">\n\t\t\t\t\t\t\t\t\t<h1 class=\"text-align-center\"><!--block--><span style=\"color: #ffffff;\">Unsere Expertise<\/span><\/h1><p class=\"text-align-center\"><span style=\"color: #ffffff;\"><!--block-->Unsere Compliance-Experten beraten und unterst\u00fctzen Unternehmen dabei im Compliance Management die einschl\u00e4gigen Normen und Vorschriften durch ein transparentes Compliance Information Management einzuhalten.\u00a0<\/span><\/p>\t\t\t\t\t\t\t\t<\/div>\n\t\t\t\t<\/div>\n\t\t\t\t<\/div>\n\t\t<div class=\"elementor-element elementor-element-f21f48f e-flex e-con-boxed e-con e-parent\" data-id=\"f21f48f\" data-element_type=\"container\" data-e-type=\"container\">\n\t\t\t\t\t<div class=\"e-con-inner\">\n\t\t\t\t<div class=\"elementor-element elementor-element-4989b07 elementor-widget elementor-widget-heading\" data-id=\"4989b07\" data-element_type=\"widget\" data-e-type=\"widget\" data-widget_type=\"heading.default\">\n\t\t\t\t<div class=\"elementor-widget-container\">\n\t\t\t\t\t<h2 class=\"elementor-heading-title elementor-size-default\">Inhalt und Ablauf einer zukunftsorientierten Compliance Beratung<\/h2>\t\t\t\t<\/div>\n\t\t\t\t<\/div>\n\t\t\t\t\t<\/div>\n\t\t\t\t<\/div>\n\t\t<div class=\"elementor-element elementor-element-145f516c e-flex e-con-boxed e-con e-parent\" data-id=\"145f516c\" data-element_type=\"container\" data-e-type=\"container\">\n\t\t\t\t\t<div class=\"e-con-inner\">\n\t\t<div class=\"elementor-element elementor-element-3508d147 e-con-full e-flex e-con e-child\" data-id=\"3508d147\" data-element_type=\"container\" data-e-type=\"container\">\n\t\t\t\t<div class=\"elementor-element elementor-element-3f3e0420 elementor-widget elementor-widget-text-editor\" data-id=\"3f3e0420\" data-element_type=\"widget\" data-e-type=\"widget\" data-widget_type=\"text-editor.default\">\n\t\t\t\t<div class=\"elementor-widget-container\">\n\t\t\t\t\t\t\t\t\t<h3><!--block-->Erstanalyse und Bestandsaufnahme im Unternehmen<\/h3>\n<p><!--block-->Die Erstanalyse beinhaltet die Begehung, Erfassung, Analyse und Bewertung von allen Compliance relevanten Prozessen und Objekten in Ihrem Unternehmen mit abschlie\u00dfender Berichterstattung durch einen Analysebericht.<\/p>\t\t\t\t\t\t\t\t<\/div>\n\t\t\t\t<\/div>\n\t\t\t\t<\/div>\n\t\t<div class=\"elementor-element elementor-element-581d49ca e-con-full e-flex e-con e-child\" data-id=\"581d49ca\" data-element_type=\"container\" data-e-type=\"container\">\n\t\t<div class=\"elementor-element elementor-element-51788d22 e-con-full e-flex e-con e-child\" data-id=\"51788d22\" data-element_type=\"container\" data-e-type=\"container\">\n\t\t\t\t<div class=\"elementor-element elementor-element-6faa8206 elementor-widget elementor-widget-image\" data-id=\"6faa8206\" data-element_type=\"widget\" data-e-type=\"widget\" data-widget_type=\"image.default\">\n\t\t\t\t<div class=\"elementor-widget-container\">\n\t\t\t\t\t\t\t\t\t\t\t\t\t\t\t<img decoding=\"async\" width=\"1\" height=\"1\" src=\"https:\/\/www.scutis.de\/wp-content\/uploads\/2026\/02\/SCUTIS-WEB-15-2.avif\" class=\"attachment-large size-large wp-image-11824\" alt=\"\" \/>\t\t\t\t\t\t\t\t\t\t\t\t\t\t\t<\/div>\n\t\t\t\t<\/div>\n\t\t\t\t<\/div>\n\t\t\t\t<\/div>\n\t\t\t\t\t<\/div>\n\t\t\t\t<\/div>\n\t\t<div class=\"elementor-element elementor-element-6fc3bc2a e-flex e-con-boxed e-con e-parent\" data-id=\"6fc3bc2a\" data-element_type=\"container\" data-e-type=\"container\">\n\t\t\t\t\t<div class=\"e-con-inner\">\n\t\t<div class=\"elementor-element elementor-element-3539fef5 e-con-full e-flex e-con e-child\" data-id=\"3539fef5\" data-element_type=\"container\" data-e-type=\"container\">\n\t\t\t\t<div class=\"elementor-element elementor-element-5cb7ce22 elementor-widget elementor-widget-text-editor\" data-id=\"5cb7ce22\" data-element_type=\"widget\" data-e-type=\"widget\" data-widget_type=\"text-editor.default\">\n\t\t\t\t<div class=\"elementor-widget-container\">\n\t\t\t\t\t\t\t\t\t<h3><!--block-->Aufbau des Compliance Konzeptes mit Methode<\/h3><p><!--block-->Nach erfolgter Beauftragung beraten wir auf Grundlage der Ergebnisse aus dem Sachstand der IST-Analyse, beim Aufbau eines gesetzeskonformen Compliance Konzeptes und unterst\u00fctzen nachhaltig im laufenden Prozess. Somit begleiten wir Sie \u00fcber den gesamten Prozess, angefangen von der Umfeld- und Szenarioanalyse bis zum Strukturaufbau des Compliance Management Informationssystems.<\/p>\t\t\t\t\t\t\t\t<\/div>\n\t\t\t\t<\/div>\n\t\t\t\t<\/div>\n\t\t<div class=\"elementor-element elementor-element-448332af e-con-full e-flex e-con e-child\" data-id=\"448332af\" data-element_type=\"container\" data-e-type=\"container\">\n\t\t<div class=\"elementor-element elementor-element-604ba7df e-con-full e-flex e-con e-child\" data-id=\"604ba7df\" data-element_type=\"container\" data-e-type=\"container\">\n\t\t\t\t<div class=\"elementor-element elementor-element-68d21c1d elementor-widget elementor-widget-image\" data-id=\"68d21c1d\" data-element_type=\"widget\" data-e-type=\"widget\" data-widget_type=\"image.default\">\n\t\t\t\t<div class=\"elementor-widget-container\">\n\t\t\t\t\t\t\t\t\t\t\t\t\t\t\t<img decoding=\"async\" width=\"1\" height=\"1\" src=\"https:\/\/www.scutis.de\/wp-content\/uploads\/2026\/02\/SCUTIS-WEB-23-2.avif\" class=\"attachment-large size-large wp-image-11827\" alt=\"\" \/>\t\t\t\t\t\t\t\t\t\t\t\t\t\t\t<\/div>\n\t\t\t\t<\/div>\n\t\t\t\t<\/div>\n\t\t\t\t<\/div>\n\t\t\t\t\t<\/div>\n\t\t\t\t<\/div>\n\t\t<div class=\"elementor-element elementor-element-1d9a7f8e e-flex e-con-boxed e-con e-parent\" data-id=\"1d9a7f8e\" data-element_type=\"container\" data-e-type=\"container\">\n\t\t\t\t\t<div class=\"e-con-inner\">\n\t\t<div class=\"elementor-element elementor-element-444c2c16 e-con-full e-flex e-con e-child\" data-id=\"444c2c16\" data-element_type=\"container\" data-e-type=\"container\">\n\t\t\t\t<div class=\"elementor-element elementor-element-630a4a95 elementor-widget elementor-widget-text-editor\" data-id=\"630a4a95\" data-element_type=\"widget\" data-e-type=\"widget\" data-widget_type=\"text-editor.default\">\n\t\t\t\t<div class=\"elementor-widget-container\">\n\t\t\t\t\t\t\t\t\t<h3><!--block-->Umsetzung des Compliance Konzeptes mit L\u00f6sungen<\/h3><p><!--block-->In der Projektumsetzung f\u00fcr ihr Compliance Management und den neuen gesetzlichen Anforderungen stehen wir Ihrem Unternehmen als ext. Compliance- oder Datenschutzbeauftragter stets in allen Angelegenheiten rund um das Thema Compliance und Governance pers\u00f6nlich zur Seite. Wir helfen Ihnen mit unseren GRC-Informationsl\u00f6sungen f\u00fcr die Compliance ein transparentes und regelkonformes Informationsmanagement f\u00fcr ihr Unternehmen aufzubauen. Somit schaffen Sie Sicherheit und k\u00f6nnen sich mehr auf ihre wesentlichen Aufgaben und im Unternehmen konzentrieren.<\/p>\t\t\t\t\t\t\t\t<\/div>\n\t\t\t\t<\/div>\n\t\t\t\t<\/div>\n\t\t<div class=\"elementor-element elementor-element-346ca4ea e-con-full e-flex e-con e-child\" data-id=\"346ca4ea\" data-element_type=\"container\" data-e-type=\"container\">\n\t\t<div class=\"elementor-element elementor-element-24351bb1 e-con-full e-flex e-con e-child\" data-id=\"24351bb1\" data-element_type=\"container\" data-e-type=\"container\">\n\t\t\t\t<div class=\"elementor-element elementor-element-5e182755 elementor-widget elementor-widget-image\" data-id=\"5e182755\" data-element_type=\"widget\" data-e-type=\"widget\" data-widget_type=\"image.default\">\n\t\t\t\t<div class=\"elementor-widget-container\">\n\t\t\t\t\t\t\t\t\t\t\t\t\t\t\t<img decoding=\"async\" width=\"1\" height=\"1\" src=\"https:\/\/www.scutis.de\/wp-content\/uploads\/2026\/02\/SCUTIS-WEB-14-2.avif\" class=\"attachment-large size-large wp-image-11834\" alt=\"\" \/>\t\t\t\t\t\t\t\t\t\t\t\t\t\t\t<\/div>\n\t\t\t\t<\/div>\n\t\t\t\t<\/div>\n\t\t\t\t<\/div>\n\t\t\t\t\t<\/div>\n\t\t\t\t<\/div>\n\t\t<div class=\"elementor-element elementor-element-67bda506 e-flex e-con-boxed e-con e-parent\" data-id=\"67bda506\" data-element_type=\"container\" data-e-type=\"container\">\n\t\t\t\t\t<div class=\"e-con-inner\">\n\t\t<div class=\"elementor-element elementor-element-6c193c4 e-con-full e-flex e-con e-child\" data-id=\"6c193c4\" data-element_type=\"container\" data-e-type=\"container\">\n\t\t\t\t<div class=\"elementor-element elementor-element-f692430 elementor-widget elementor-widget-text-editor\" data-id=\"f692430\" data-element_type=\"widget\" data-e-type=\"widget\" data-widget_type=\"text-editor.default\">\n\t\t\t\t<div class=\"elementor-widget-container\">\n\t\t\t\t\t\t\t\t\t<h3><!--block-->Laufende Betreuung im Compliance Prozess<\/h3><p><!--block-->Wir stehen Ihrem Unternehmen als externe Berater kontinuierlich zur Seite, sowohl bei der laufenden Betreuung des Compliance Managements als auch bei der Bew\u00e4ltigung neuer gesetzlicher Anforderungen. Unsere Expertise im Bereich Compliance und Datenschutz erm\u00f6glicht es uns, Sie in s\u00e4mtlichen Aspekten zu unterst\u00fctzen. Wir helfen Ihnen bei der Fallbearbeitung, der Dokumentation, bieten Prozessberatung an und gestalten Konzepte zur effektiven Umsetzung von Compliance-Ma\u00dfnahmen und Datenschutzbestimmungen.\u00a0<\/p>\t\t\t\t\t\t\t\t<\/div>\n\t\t\t\t<\/div>\n\t\t\t\t<\/div>\n\t\t<div class=\"elementor-element elementor-element-5ca80a96 e-con-full e-flex e-con e-child\" data-id=\"5ca80a96\" data-element_type=\"container\" data-e-type=\"container\">\n\t\t<div class=\"elementor-element elementor-element-5cde745 e-con-full e-flex e-con e-child\" data-id=\"5cde745\" data-element_type=\"container\" data-e-type=\"container\">\n\t\t\t\t<div class=\"elementor-element elementor-element-64546af0 elementor-widget elementor-widget-image\" data-id=\"64546af0\" data-element_type=\"widget\" data-e-type=\"widget\" data-widget_type=\"image.default\">\n\t\t\t\t<div class=\"elementor-widget-container\">\n\t\t\t\t\t\t\t\t\t\t\t\t\t\t\t<img loading=\"lazy\" decoding=\"async\" width=\"1\" height=\"1\" src=\"https:\/\/www.scutis.de\/wp-content\/uploads\/2026\/02\/SCUTIS-WEB-33-3.avif\" class=\"attachment-large size-large wp-image-11831\" alt=\"\" \/>\t\t\t\t\t\t\t\t\t\t\t\t\t\t\t<\/div>\n\t\t\t\t<\/div>\n\t\t\t\t<\/div>\n\t\t\t\t<\/div>\n\t\t\t\t\t<\/div>\n\t\t\t\t<\/div>\n\t\t<div class=\"elementor-element elementor-element-6c23ed60 e-flex e-con-boxed e-con e-parent\" data-id=\"6c23ed60\" data-element_type=\"container\" data-e-type=\"container\">\n\t\t\t\t\t<div class=\"e-con-inner\">\n\t\t<div class=\"elementor-element elementor-element-3d84e4c8 e-con-full e-flex e-con e-child\" data-id=\"3d84e4c8\" data-element_type=\"container\" data-e-type=\"container\">\n\t\t\t\t<div class=\"elementor-element elementor-element-340807e9 elementor-widget elementor-widget-text-editor\" data-id=\"340807e9\" data-element_type=\"widget\" data-e-type=\"widget\" data-widget_type=\"text-editor.default\">\n\t\t\t\t<div class=\"elementor-widget-container\">\n\t\t\t\t\t\t\t\t\t<h3><!--block-->Tools zur Dokumenten- &amp; Prozessverwaltung<\/h3><p><!--block-->Bei der Auswahl und dem Einsatz von Compliance- L\u00f6sungen, Mustervorlagen und Prozessdokumentationen z.B. f\u00fcr die Bereiche DSGVO, GoBD, ISO, IKS, LSKG, HinSchG stehen wir Ihnen beratend und unterst\u00fctzend zur Seite. Wir helfen Ihnen bei der Umsetzung Ihrer Ideen und beim Aufbau ihrer compliance- und datenschutzrelevanten Prozesse und Dokumentationen.<\/p>\t\t\t\t\t\t\t\t<\/div>\n\t\t\t\t<\/div>\n\t\t\t\t<\/div>\n\t\t<div class=\"elementor-element elementor-element-4e7934b9 e-con-full e-flex e-con e-child\" data-id=\"4e7934b9\" data-element_type=\"container\" data-e-type=\"container\">\n\t\t<div class=\"elementor-element elementor-element-2b7efd6c e-con-full e-flex e-con e-child\" data-id=\"2b7efd6c\" data-element_type=\"container\" data-e-type=\"container\">\n\t\t\t\t<div class=\"elementor-element elementor-element-20ef4f01 elementor-widget elementor-widget-image\" data-id=\"20ef4f01\" data-element_type=\"widget\" data-e-type=\"widget\" data-widget_type=\"image.default\">\n\t\t\t\t<div class=\"elementor-widget-container\">\n\t\t\t\t\t\t\t\t\t\t\t\t\t\t\t<img loading=\"lazy\" decoding=\"async\" width=\"1\" height=\"1\" src=\"https:\/\/www.scutis.de\/wp-content\/uploads\/2026\/02\/SCUTIS-WEB-38-2.avif\" class=\"attachment-large size-large wp-image-11833\" alt=\"\" \/>\t\t\t\t\t\t\t\t\t\t\t\t\t\t\t<\/div>\n\t\t\t\t<\/div>\n\t\t\t\t<\/div>\n\t\t\t\t<\/div>\n\t\t\t\t\t<\/div>\n\t\t\t\t<\/div>\n\t\t<div class=\"elementor-element elementor-element-2734340e e-flex e-con-boxed e-con e-parent\" data-id=\"2734340e\" data-element_type=\"container\" data-e-type=\"container\">\n\t\t\t\t\t<div class=\"e-con-inner\">\n\t\t<div class=\"elementor-element elementor-element-5affa76f e-con-full e-flex e-con e-child\" data-id=\"5affa76f\" data-element_type=\"container\" data-e-type=\"container\">\n\t\t\t\t<div class=\"elementor-element elementor-element-5375b429 elementor-widget elementor-widget-text-editor\" data-id=\"5375b429\" data-element_type=\"widget\" data-e-type=\"widget\" data-widget_type=\"text-editor.default\">\n\t\t\t\t<div class=\"elementor-widget-container\">\n\t\t\t\t\t\t\t\t\t<h3><!--block-->Compliance und Governance Schulungen<\/h3><p><!--block-->Die Einhaltung anspruchsvoller gesetzlicher Compliance Anforderungen nach GRC und DSGVO ist nur m\u00f6glich, wenn regelm\u00e4\u00dfige Compliance- und Datenschutzaudits durchgef\u00fchrt werden, Prozesse dokumentiert sind und die Mitarbeiter regelm\u00e4\u00dfig geschult werden. Deshalb bieten wir erg\u00e4nzend zur Beratung auch Schulungen und Seminare zum Thema Compliance, GoBD und Datenschutz an, damit alle Mitarbeiter die f\u00fcr Sie relevanten gesetzlichen Anforderungen kennen und ihre Aufgaben regelkonform ausf\u00fchren.\u00a0<\/p>\t\t\t\t\t\t\t\t<\/div>\n\t\t\t\t<\/div>\n\t\t\t\t<\/div>\n\t\t<div class=\"elementor-element elementor-element-7d56c79d e-con-full e-flex e-con e-child\" data-id=\"7d56c79d\" data-element_type=\"container\" data-e-type=\"container\">\n\t\t<div class=\"elementor-element elementor-element-79976778 e-con-full e-flex e-con e-child\" data-id=\"79976778\" data-element_type=\"container\" data-e-type=\"container\">\n\t\t\t\t<div class=\"elementor-element elementor-element-28de0ccb elementor-widget elementor-widget-image\" data-id=\"28de0ccb\" data-element_type=\"widget\" data-e-type=\"widget\" data-widget_type=\"image.default\">\n\t\t\t\t<div class=\"elementor-widget-container\">\n\t\t\t\t\t\t\t\t\t\t\t\t\t\t\t<img loading=\"lazy\" decoding=\"async\" width=\"1\" height=\"1\" src=\"https:\/\/www.scutis.de\/wp-content\/uploads\/2026\/02\/SCUTIS-WEB-29-2.avif\" class=\"attachment-large size-large wp-image-11835\" alt=\"\" \/>\t\t\t\t\t\t\t\t\t\t\t\t\t\t\t<\/div>\n\t\t\t\t<\/div>\n\t\t\t\t<\/div>\n\t\t\t\t<\/div>\n\t\t\t\t\t<\/div>\n\t\t\t\t<\/div>\n\t\t<div class=\"elementor-element elementor-element-1d568dd9 e-flex e-con-boxed e-con e-parent\" data-id=\"1d568dd9\" data-element_type=\"container\" data-e-type=\"container\">\n\t\t\t\t\t<div class=\"e-con-inner\">\n\t\t<div class=\"elementor-element elementor-element-6438d175 e-con-full e-flex e-con e-child\" data-id=\"6438d175\" data-element_type=\"container\" data-e-type=\"container\">\n\t\t\t\t<div class=\"elementor-element elementor-element-668586db elementor-widget elementor-widget-text-editor\" data-id=\"668586db\" data-element_type=\"widget\" data-e-type=\"widget\" data-widget_type=\"text-editor.default\">\n\t\t\t\t<div class=\"elementor-widget-container\">\n\t\t\t\t\t\t\t\t\t<h3><!--block-->Datenschutzdokumentationssystem<\/h3><p><!--block-->Wir setzen die L\u00f6sung <a href=\"https:\/\/vadok.de\/dsgvo-datenschutz\/\" target=\"_blank\" rel=\"noopener\">VaDok\u00ae<\/a> ein und erstellen f\u00fcr und mit unseren Kunden einfach und schnell strukturierte Dokumentationen f\u00fcr Compliance, Governance und Datenschutz. Dabei helfen die flexiblen Fachtemplates, Formulare, Checklisten und Mustervorlagen. Au\u00dferdem werden Fachmodule und Vorlagen f\u00fcr die Lieferantensorgfaltspflichten, Hinweisgeberschutz und Rechtskataster f\u00fcr kleine und mittelst\u00e4ndige Unternehmen angeboten. Wir unterst\u00fctzen kontinuierlich die Erweiterung des Angebots zur Unterst\u00fctzung der gesetzlichen Dokumentationsverpflichtungen.<\/p>\t\t\t\t\t\t\t\t<\/div>\n\t\t\t\t<\/div>\n\t\t\t\t<\/div>\n\t\t<div class=\"elementor-element elementor-element-4f3bd3d1 e-con-full e-flex e-con e-child\" data-id=\"4f3bd3d1\" data-element_type=\"container\" data-e-type=\"container\">\n\t\t<div class=\"elementor-element elementor-element-2b90bf8f e-con-full e-flex e-con e-child\" data-id=\"2b90bf8f\" data-element_type=\"container\" data-e-type=\"container\">\n\t\t\t\t<div class=\"elementor-element elementor-element-8fa7762 elementor-widget elementor-widget-image\" data-id=\"8fa7762\" data-element_type=\"widget\" data-e-type=\"widget\" data-widget_type=\"image.default\">\n\t\t\t\t<div class=\"elementor-widget-container\">\n\t\t\t\t\t\t\t\t\t\t\t\t\t\t\t<img loading=\"lazy\" decoding=\"async\" width=\"1\" height=\"1\" src=\"https:\/\/www.scutis.de\/wp-content\/uploads\/2026\/02\/SCUTIS-WEB-8-2.avif\" class=\"attachment-large size-large wp-image-11826\" alt=\"\" \/>\t\t\t\t\t\t\t\t\t\t\t\t\t\t\t<\/div>\n\t\t\t\t<\/div>\n\t\t\t\t<\/div>\n\t\t\t\t<\/div>\n\t\t\t\t\t<\/div>\n\t\t\t\t<\/div>\n\t\t<div class=\"elementor-element elementor-element-1f5e68e6 e-flex e-con-boxed e-con e-parent\" data-id=\"1f5e68e6\" data-element_type=\"container\" data-e-type=\"container\">\n\t\t\t\t\t<div class=\"e-con-inner\">\n\t\t<div class=\"elementor-element elementor-element-68728177 e-con-full e-flex e-con e-child\" data-id=\"68728177\" data-element_type=\"container\" data-e-type=\"container\">\n\t\t\t\t<div class=\"elementor-element elementor-element-7bd9a8d0 elementor-widget elementor-widget-text-editor\" data-id=\"7bd9a8d0\" data-element_type=\"widget\" data-e-type=\"widget\" data-widget_type=\"text-editor.default\">\n\t\t\t\t<div class=\"elementor-widget-container\">\n\t\t\t\t\t\t\t\t\t<h3>Hinweisgeberschutzsystem<\/h3><p>Unser Dienstleistungspaket aus VaDok\u00ae Whistleblow und unserem Ombudsmann-Service entlastet Sie von s\u00e4mtlichen Pflichten im Hinweisgeberschutz: <br \/>Wir etablieren Ihre Berichtsstelle, erstellen die notwendigen Dokumentationen, \u00fcberpr\u00fcfen alle eingehenden Hinweise und kontaktieren Sie nur wenn rechtlich notwendig. So reduzieren Sie Personal und Kosten und k\u00f6nnen sich voll auf Ihr Hauptgesch\u00e4ft konzentrieren \u2013 w\u00e4hrend unser Team aus Rechts- und IT-Fachleuten sicherstellt, dass Sie den Anforderungen des HinSchG gerecht werden.<\/p>\t\t\t\t\t\t\t\t<\/div>\n\t\t\t\t<\/div>\n\t\t\t\t<\/div>\n\t\t<div class=\"elementor-element elementor-element-5de8aafe e-con-full e-flex e-con e-child\" data-id=\"5de8aafe\" data-element_type=\"container\" data-e-type=\"container\">\n\t\t<div class=\"elementor-element elementor-element-341d5dd1 e-con-full e-flex e-con e-child\" data-id=\"341d5dd1\" data-element_type=\"container\" data-e-type=\"container\">\n\t\t\t\t<div class=\"elementor-element elementor-element-4fcc4f18 elementor-widget elementor-widget-image\" data-id=\"4fcc4f18\" data-element_type=\"widget\" data-e-type=\"widget\" data-widget_type=\"image.default\">\n\t\t\t\t<div class=\"elementor-widget-container\">\n\t\t\t\t\t\t\t\t\t\t\t\t\t\t\t<img loading=\"lazy\" decoding=\"async\" width=\"1\" height=\"1\" src=\"https:\/\/www.scutis.de\/wp-content\/uploads\/2026\/02\/SCUTIS-WEB-31-2.avif\" class=\"attachment-large size-large wp-image-11829\" alt=\"\" \/>\t\t\t\t\t\t\t\t\t\t\t\t\t\t\t<\/div>\n\t\t\t\t<\/div>\n\t\t\t\t<\/div>\n\t\t\t\t<\/div>\n\t\t\t\t\t<\/div>\n\t\t\t\t<\/div>\n\t\t<div class=\"elementor-element elementor-element-49f1f3e0 e-flex e-con-boxed e-con e-parent\" data-id=\"49f1f3e0\" data-element_type=\"container\" data-e-type=\"container\">\n\t\t\t\t\t<div class=\"e-con-inner\">\n\t\t<div class=\"elementor-element elementor-element-246cc75f e-con-full e-flex e-con e-child\" data-id=\"246cc75f\" data-element_type=\"container\" data-e-type=\"container\">\n\t\t\t\t<div class=\"elementor-element elementor-element-7512b89c elementor-widget elementor-widget-text-editor\" data-id=\"7512b89c\" data-element_type=\"widget\" data-e-type=\"widget\" data-widget_type=\"text-editor.default\">\n\t\t\t\t<div class=\"elementor-widget-container\">\n\t\t\t\t\t\t\t\t\t<h3><!--block-->Verfahrensdokumentation gem. GoBD<\/h3><p><!--block-->Unsere Unterst\u00fctzung umfasst in erster Linie, die Beratung bei der Erfassung der notwendigen Informationen, die in die digitalen Erfassungsformulare von <a href=\"https:\/\/vadok.de\/\" target=\"_blank\" rel=\"noopener\">VaDok\u00ae<\/a> einzugeben sind, um sicherzustellen, dass Ihre Dokumentation der steuerrelevanten Prozesse den gesetzlichen Anforderungen entsprechen. <br \/>Das Dokumentationswerkzeug <a href=\"https:\/\/vadok.de\/\" target=\"_blank\" rel=\"noopener\">VaDok\u00ae<\/a> bietet hier eine kosteng\u00fcnstige Softwarel\u00f6sung mit den notwendigen Funktionalit\u00e4ten und zugleich auch die Vorlagen und Ausf\u00fcllhilfen, bei deren Bearbeitung wir gerne helfen.\u00a0<\/p>\t\t\t\t\t\t\t\t<\/div>\n\t\t\t\t<\/div>\n\t\t\t\t<\/div>\n\t\t<div class=\"elementor-element elementor-element-56c84120 e-con-full e-flex e-con e-child\" data-id=\"56c84120\" data-element_type=\"container\" data-e-type=\"container\">\n\t\t<div class=\"elementor-element elementor-element-48f4cddc e-con-full e-flex e-con e-child\" data-id=\"48f4cddc\" data-element_type=\"container\" data-e-type=\"container\">\n\t\t\t\t<div class=\"elementor-element elementor-element-bf625ef elementor-widget elementor-widget-image\" data-id=\"bf625ef\" data-element_type=\"widget\" data-e-type=\"widget\" data-widget_type=\"image.default\">\n\t\t\t\t<div class=\"elementor-widget-container\">\n\t\t\t\t\t\t\t\t\t\t\t\t\t\t\t<img loading=\"lazy\" decoding=\"async\" width=\"1\" height=\"1\" src=\"https:\/\/www.scutis.de\/wp-content\/uploads\/2026\/02\/SCUTIS-WEB-8-2.avif\" class=\"attachment-large size-large wp-image-11826\" alt=\"\" \/>\t\t\t\t\t\t\t\t\t\t\t\t\t\t\t<\/div>\n\t\t\t\t<\/div>\n\t\t\t\t<\/div>\n\t\t\t\t<\/div>\n\t\t\t\t\t<\/div>\n\t\t\t\t<\/div>\n\t\t<div class=\"elementor-element elementor-element-ebd7cfd e-grid e-con-boxed e-con e-parent\" data-id=\"ebd7cfd\" data-element_type=\"container\" data-e-type=\"container\" data-settings=\"{&quot;background_background&quot;:&quot;classic&quot;}\">\n\t\t\t\t\t<div class=\"e-con-inner\">\n\t\t\t\t<div class=\"elementor-element elementor-element-35f1937d elementor-widget elementor-widget-text-editor\" data-id=\"35f1937d\" data-element_type=\"widget\" data-e-type=\"widget\" data-widget_type=\"text-editor.default\">\n\t\t\t\t<div class=\"elementor-widget-container\">\n\t\t\t\t\t\t\t\t\t<h4 class=\"text-align-center\" style=\"text-align: center;\"><!--block--><span style=\"color: #000000;\">Wir freuen uns auf gute Zusammenarbeit<\/span><\/h4><h6 class=\"text-align-center\"><span style=\"color: #000000;\"><!--block-->Melden Sie sich bei uns und wir finden gemeinsam heraus, wie wir Sie gezielt nach ihren Bed\u00fcrfnissen unterst\u00fctzen k\u00f6nnen.<\/span><\/h6>\t\t\t\t\t\t\t\t<\/div>\n\t\t\t\t<\/div>\n\t\t\t\t<div class=\"vamtam-has-theme-widget-styles elementor-element elementor-element-1304f78d elementor-align-center elementor-widget elementor-widget-button\" data-id=\"1304f78d\" data-element_type=\"widget\" data-e-type=\"widget\" data-widget_type=\"button.default\">\n\t\t\t\t<div class=\"elementor-widget-container\">\n\t\t\t\t\t\t\t\t\t<div class=\"elementor-button-wrapper\">\n\t\t\t\t\t<a class=\"elementor-button elementor-button-link elementor-size-sm\" href=\"https:\/\/www.scutis.de\/index.php\/kontakt\/\" target=\"_blank\">\n\t\t\t\t\t\t<span class=\"elementor-button-content-wrapper\">\n\t\t\t\t\t\t\t\t\t<span class=\"elementor-button-text\">Kontakt zu einem Beratungsgespr\u00e4ch<\/span>\n\t\t\t\t\t<\/span>\n\t\t\t\t\t<\/a>\n\t\t\t\t<\/div>\n\t\t\t\t\t\t\t\t<\/div>\n\t\t\t\t<\/div>\n\t\t\t\t\t<\/div>\n\t\t\t\t<\/div>\n\t\t\t\t<\/div>\n\t\t","protected":false},"excerpt":{"rendered":"<p>Unsere Expertise Unsere Compliance-Experten beraten und unterst\u00fctzen Unternehmen dabei im Compliance Management die einschl\u00e4gigen Normen und Vorschriften durch ein transparentes Compliance Information Management einzuhalten.\u00a0 Inhalt und Ablauf einer zukunftsorientierten Compliance Beratung Erstanalyse und Bestandsaufnahme im Unternehmen Die Erstanalyse beinhaltet die Begehung, Erfassung, Analyse und Bewertung von allen Compliance relevanten Prozessen und Objekten in Ihrem Unternehmen&#8230;<\/p>\n","protected":false},"author":1,"featured_media":0,"parent":0,"menu_order":0,"comment_status":"closed","ping_status":"closed","template":"","meta":{"footnotes":""},"class_list":["post-11204","page","type-page","status-publish","hentry"],"_links":{"self":[{"href":"https:\/\/www.scutis.de\/index.php\/wp-json\/wp\/v2\/pages\/11204","targetHints":{"allow":["GET"]}}],"collection":[{"href":"https:\/\/www.scutis.de\/index.php\/wp-json\/wp\/v2\/pages"}],"about":[{"href":"https:\/\/www.scutis.de\/index.php\/wp-json\/wp\/v2\/types\/page"}],"author":[{"embeddable":true,"href":"https:\/\/www.scutis.de\/index.php\/wp-json\/wp\/v2\/users\/1"}],"replies":[{"embeddable":true,"href":"https:\/\/www.scutis.de\/index.php\/wp-json\/wp\/v2\/comments?post=11204"}],"version-history":[{"count":76,"href":"https:\/\/www.scutis.de\/index.php\/wp-json\/wp\/v2\/pages\/11204\/revisions"}],"predecessor-version":[{"id":13717,"href":"https:\/\/www.scutis.de\/index.php\/wp-json\/wp\/v2\/pages\/11204\/revisions\/13717"}],"wp:attachment":[{"href":"https:\/\/www.scutis.de\/index.php\/wp-json\/wp\/v2\/media?parent=11204"}],"curies":[{"name":"wp","href":"https:\/\/api.w.org\/{rel}","templated":true}]}}