{"id":11200,"date":"2026-02-19T18:57:32","date_gmt":"2026-02-19T18:57:32","guid":{"rendered":"https:\/\/www.scutis.de\/?page_id=11200"},"modified":"2026-02-26T12:25:32","modified_gmt":"2026-02-26T12:25:32","slug":"loesungen","status":"publish","type":"page","link":"https:\/\/www.scutis.de\/index.php\/loesungen\/","title":{"rendered":"L\u00f6sungen"},"content":{"rendered":"\t\t<div data-elementor-type=\"wp-page\" data-elementor-id=\"11200\" class=\"elementor elementor-11200\" data-elementor-post-type=\"page\">\n\t\t\t\t<div class=\"elementor-element elementor-element-4e627f9a e-con-full e-flex e-con e-parent\" data-id=\"4e627f9a\" data-element_type=\"container\" data-e-type=\"container\" data-settings=\"{&quot;background_background&quot;:&quot;gradient&quot;}\">\n\t\t\t\t<div class=\"elementor-element elementor-element-f704ed elementor-widget__width-auto elementor-widget elementor-widget-text-editor\" data-id=\"f704ed\" data-element_type=\"widget\" data-e-type=\"widget\" data-widget_type=\"text-editor.default\">\n\t\t\t\t<div class=\"elementor-widget-container\">\n\t\t\t\t\t\t\t\t\t<h1 class=\"font-claude-response-body break-words whitespace-normal leading-[1.7]\"><span style=\"color: #ffffff;\">Unsere L\u00f6sungen<\/span><\/h1><p class=\"font-claude-response-body break-words whitespace-normal leading-[1.7]\">Compliance-Anforderungen wachsen \u2013 und mit ihnen der Bedarf an verl\u00e4sslichen, durchdachten L\u00f6sungen. Ob Hinweisgebersystem, Datenschutz-Management oder Verfahrensdokumentation gem. GoBD. Wir bieten Beratung zusammen mit praxiserprobten Softwarel\u00f6sungen, die Ihr Unternehmen rechtssicher und effizient aufstellen. Informieren Sie sich hier \u00fcber unser L\u00f6sungsportfolio und buchen Sie ein unverbindliches Beratungsgespr\u00e4ch \u2013 mit nur einem Klick, wann immer es Ihnen passt.<\/p>\t\t\t\t\t\t\t\t<\/div>\n\t\t\t\t<\/div>\n\t\t\t\t<\/div>\n\t\t<div class=\"elementor-element elementor-element-4a90994a e-flex e-con-boxed e-con e-parent\" data-id=\"4a90994a\" data-element_type=\"container\" data-e-type=\"container\">\n\t\t\t\t\t<div class=\"e-con-inner\">\n\t\t<div class=\"elementor-element elementor-element-1f5e6e39 e-con-full e-flex e-con e-child\" data-id=\"1f5e6e39\" data-element_type=\"container\" data-e-type=\"container\">\n\t\t\t\t<div class=\"elementor-element elementor-element-36d05892 elementor-widget elementor-widget-text-editor\" data-id=\"36d05892\" data-element_type=\"widget\" data-e-type=\"widget\" data-widget_type=\"text-editor.default\">\n\t\t\t\t<div class=\"elementor-widget-container\">\n\t\t\t\t\t\t\t\t\t<h2><!--block-->Hinweisgeberschutzgesetz&nbsp; (HinSchG)<\/h2>\n<p><!--block-->Ein Hinweisgeberschutz beinhaltet eine Hinweisgeberschutz-Policy (Verfahren, Abl\u00e4ufe und Richtlinien) und die entsprechenden dokumentierten Prozesse. Diese sind wichtige Bausteine, um sicherzustellen, dass vertrauliche Bedenken oder Meldungen \u00fcber m\u00f6gliche Fehlverhalten extern wie intern im Unternehmen gemeldet werden k\u00f6nnen. Und das alles ohne Angst vor Repressalien zu haben.&nbsp;<\/p><p>Wir unterst\u00fctzen Sie im Aufbau des Hinweisgeberschutzes, der Dokumentation und stellen auch f\u00fcr Sie auf Wunsch den Ombudsmann f\u00fcr ihr Unternehmen.<\/p>\n<p>F\u00fcr die Umsetzung der Vorgaben bieten wir Ihnen VaDok\u00ae Whistleblow.<\/p>\t\t\t\t\t\t\t\t<\/div>\n\t\t\t\t<\/div>\n\t\t\t\t<\/div>\n\t\t<div class=\"elementor-element elementor-element-57065d6c e-con-full e-flex e-con e-child\" data-id=\"57065d6c\" data-element_type=\"container\" data-e-type=\"container\">\n\t\t<div class=\"elementor-element elementor-element-56e05628 e-con-full e-flex e-con e-child\" data-id=\"56e05628\" data-element_type=\"container\" data-e-type=\"container\">\n\t\t\t\t<div class=\"elementor-element elementor-element-17135c79 elementor-widget elementor-widget-image\" data-id=\"17135c79\" data-element_type=\"widget\" data-e-type=\"widget\" data-widget_type=\"image.default\">\n\t\t\t\t<div class=\"elementor-widget-container\">\n\t\t\t\t\t\t\t\t\t\t\t\t\t\t\t<img decoding=\"async\" width=\"1\" height=\"1\" src=\"https:\/\/www.scutis.de\/wp-content\/uploads\/2026\/02\/SCUTIS-WEB-31.avif\" class=\"attachment-large size-large wp-image-10681\" alt=\"\" \/>\t\t\t\t\t\t\t\t\t\t\t\t\t\t\t<\/div>\n\t\t\t\t<\/div>\n\t\t\t\t<\/div>\n\t\t<div class=\"elementor-element elementor-element-45b6e794 e-con-full e-flex e-con e-child\" data-id=\"45b6e794\" data-element_type=\"container\" data-e-type=\"container\">\n\t\t\t\t<div class=\"vamtam-has-theme-widget-styles elementor-element elementor-element-5ed0c21d elementor-align-center elementor-widget elementor-widget-button\" data-id=\"5ed0c21d\" data-element_type=\"widget\" data-e-type=\"widget\" data-widget_type=\"button.default\">\n\t\t\t\t<div class=\"elementor-widget-container\">\n\t\t\t\t\t\t\t\t\t<div class=\"elementor-button-wrapper\">\n\t\t\t\t\t<a class=\"elementor-button elementor-button-link elementor-size-sm\" href=\"https:\/\/www.scutis.de\/index.php\/vadok-whistleblow\/\">\n\t\t\t\t\t\t<span class=\"elementor-button-content-wrapper\">\n\t\t\t\t\t\t\t\t\t<span class=\"elementor-button-text\">Mehr erfahren<\/span>\n\t\t\t\t\t<\/span>\n\t\t\t\t\t<\/a>\n\t\t\t\t<\/div>\n\t\t\t\t\t\t\t\t<\/div>\n\t\t\t\t<\/div>\n\t\t\t\t<\/div>\n\t\t\t\t<\/div>\n\t\t\t\t\t<\/div>\n\t\t\t\t<\/div>\n\t\t\t\t<\/div>\n\t\t","protected":false},"excerpt":{"rendered":"<p>Unsere L\u00f6sungen Compliance-Anforderungen wachsen \u2013 und mit ihnen der Bedarf an verl\u00e4sslichen, durchdachten L\u00f6sungen. Ob Hinweisgebersystem, Datenschutz-Management oder Verfahrensdokumentation gem. GoBD. Wir bieten Beratung zusammen mit praxiserprobten Softwarel\u00f6sungen, die Ihr Unternehmen rechtssicher und effizient aufstellen. Informieren Sie sich hier \u00fcber unser L\u00f6sungsportfolio und buchen Sie ein unverbindliches Beratungsgespr\u00e4ch \u2013 mit nur einem Klick, wann immer&#8230;<\/p>\n","protected":false},"author":1,"featured_media":0,"parent":0,"menu_order":0,"comment_status":"closed","ping_status":"closed","template":"","meta":{"footnotes":""},"class_list":["post-11200","page","type-page","status-publish","hentry"],"_links":{"self":[{"href":"https:\/\/www.scutis.de\/index.php\/wp-json\/wp\/v2\/pages\/11200","targetHints":{"allow":["GET"]}}],"collection":[{"href":"https:\/\/www.scutis.de\/index.php\/wp-json\/wp\/v2\/pages"}],"about":[{"href":"https:\/\/www.scutis.de\/index.php\/wp-json\/wp\/v2\/types\/page"}],"author":[{"embeddable":true,"href":"https:\/\/www.scutis.de\/index.php\/wp-json\/wp\/v2\/users\/1"}],"replies":[{"embeddable":true,"href":"https:\/\/www.scutis.de\/index.php\/wp-json\/wp\/v2\/comments?post=11200"}],"version-history":[{"count":40,"href":"https:\/\/www.scutis.de\/index.php\/wp-json\/wp\/v2\/pages\/11200\/revisions"}],"predecessor-version":[{"id":13714,"href":"https:\/\/www.scutis.de\/index.php\/wp-json\/wp\/v2\/pages\/11200\/revisions\/13714"}],"wp:attachment":[{"href":"https:\/\/www.scutis.de\/index.php\/wp-json\/wp\/v2\/media?parent=11200"}],"curies":[{"name":"wp","href":"https:\/\/api.w.org\/{rel}","templated":true}]}}