{"id":11198,"date":"2026-02-19T18:57:18","date_gmt":"2026-02-19T18:57:18","guid":{"rendered":"https:\/\/www.scutis.de\/?page_id=11198"},"modified":"2026-02-28T14:57:52","modified_gmt":"2026-02-28T14:57:52","slug":"leistungen","status":"publish","type":"page","link":"https:\/\/www.scutis.de\/index.php\/leistungen\/","title":{"rendered":"Leistungen"},"content":{"rendered":"\t\t<div data-elementor-type=\"wp-page\" data-elementor-id=\"11198\" class=\"elementor elementor-11198\" data-elementor-post-type=\"page\">\n\t\t\t\t<div class=\"elementor-element elementor-element-a75b0e7 e-con-full e-flex e-con e-parent\" data-id=\"a75b0e7\" data-element_type=\"container\" data-e-type=\"container\">\n\t\t<div class=\"elementor-element elementor-element-2cd78cf e-con-full e-flex e-con e-child\" data-id=\"2cd78cf\" data-element_type=\"container\" data-e-type=\"container\" data-settings=\"{&quot;background_background&quot;:&quot;gradient&quot;}\">\n\t\t\t\t<div class=\"elementor-element elementor-element-ff87067 elementor-widget__width-auto elementor-widget elementor-widget-text-editor\" data-id=\"ff87067\" data-element_type=\"widget\" data-e-type=\"widget\" data-widget_type=\"text-editor.default\">\n\t\t\t\t<div class=\"elementor-widget-container\">\n\t\t\t\t\t\t\t\t\t<h1 class=\"text-align-center\" style=\"text-align: center;\"><span style=\"color: #ffffff;\">Unsere Leistungen<\/span><\/h1><p class=\"text-align-center\" style=\"text-align: center;\"><!--block-->&#8222;Wir sind erfahren, verl\u00e4sslich sowie jederzeit auf gute Ergebnisse fokussiert und wissen es zu sch\u00e4tzen, mit gro\u00dfartigen Kunden zusammenzuarbeiten.&#8220;<\/p>\t\t\t\t\t\t\t\t<\/div>\n\t\t\t\t<\/div>\n\t\t\t\t<\/div>\n\t\t<div class=\"elementor-element elementor-element-47f474a e-flex e-con-boxed e-con e-child\" data-id=\"47f474a\" data-element_type=\"container\" data-e-type=\"container\">\n\t\t\t\t\t<div class=\"e-con-inner\">\n\t\t\t\t<div class=\"elementor-element elementor-element-757bd1a elementor-widget elementor-widget-text-editor\" data-id=\"757bd1a\" data-element_type=\"widget\" data-e-type=\"widget\" data-widget_type=\"text-editor.default\">\n\t\t\t\t<div class=\"elementor-widget-container\">\n\t\t\t\t\t\t\t\t\t<h2><!--block-->Dienstleistungen und Services<\/h2>\t\t\t\t\t\t\t\t<\/div>\n\t\t\t\t<\/div>\n\t\t\t\t\t<\/div>\n\t\t\t\t<\/div>\n\t\t\t\t<\/div>\n\t\t<div class=\"elementor-element elementor-element-f793c08 e-grid e-con-boxed e-con e-parent\" data-id=\"f793c08\" data-element_type=\"container\" data-e-type=\"container\">\n\t\t\t\t\t<div class=\"e-con-inner\">\n\t\t\t\t<div class=\"elementor-element elementor-element-01f41d9 elementor-widget elementor-widget-text-editor\" data-id=\"01f41d9\" data-element_type=\"widget\" data-e-type=\"widget\" data-widget_type=\"text-editor.default\">\n\t\t\t\t<div class=\"elementor-widget-container\">\n\t\t\t\t\t\t\t\t\t<h3><!--block-->Unser Dienstleistungsportfolio<\/h3><p><!--block-->Wir bieten keine Standardl\u00f6sungen f\u00fcr Compliance und Governance. Denn wir wissen: Jeder Kunde ist anders. Deshalb entwickeln wir in enger Absprache mit unseren Kunden individuelle Konzepte in Kombination mit flexiblen L\u00f6sungen. Schauen Sie sich auf unserer Website um und informieren Sie sich \u00fcber unser Angebot. Wenn Sie Fragen haben, nehmen Sie einfach Kontakt zu uns auf.<\/p>\t\t\t\t\t\t\t\t<\/div>\n\t\t\t\t<\/div>\n\t\t\t\t<div class=\"elementor-element elementor-element-9959713 elementor-widget elementor-widget-image\" data-id=\"9959713\" data-element_type=\"widget\" data-e-type=\"widget\" data-widget_type=\"image.default\">\n\t\t\t\t<div class=\"elementor-widget-container\">\n\t\t\t\t\t\t\t\t\t\t\t\t\t\t\t<img fetchpriority=\"high\" decoding=\"async\" width=\"800\" height=\"266\" src=\"https:\/\/www.scutis.de\/wp-content\/uploads\/2026\/02\/SCUTIS-WEB-35-1.avif\" class=\"attachment-large size-large wp-image-10690\" alt=\"\" \/>\t\t\t\t\t\t\t\t\t\t\t\t\t\t\t<\/div>\n\t\t\t\t<\/div>\n\t\t\t\t<div class=\"elementor-element elementor-element-4a9d09c elementor-widget elementor-widget-text-editor\" data-id=\"4a9d09c\" data-element_type=\"widget\" data-e-type=\"widget\" data-widget_type=\"text-editor.default\">\n\t\t\t\t<div class=\"elementor-widget-container\">\n\t\t\t\t\t\t\t\t\t<h3><!--block-->Unsere Beratungsleistung<\/h3><p><!--block-->Wir glauben an das, was wir tun. Und m\u00f6chten Sie bei dem unterst\u00fctzen, was Sie im Compliance Umfeld ben\u00f6tigen. Wir passen unser Angebot individuell an Ihre Unternehmens- oder Projektanforderungen und an Ihre Ziele an. Wir sind spezialisiert darauf, innovative und kreative L\u00f6sungen zu finden und Ihnen die Art der Zusammenarbeit anzubieten, die eine reibungslose Umsetzung erm\u00f6glicht. Sollten Sie auf der Suche nach neuen Wegen in Verbindung mit kreativen und individuellen M\u00f6glichkeiten sein, um Ihr Compliance Projekt umzusetzen, wird unser Team Sie mit einzigartigen L\u00f6sungen \u00fcberraschen.<\/p>\t\t\t\t\t\t\t\t<\/div>\n\t\t\t\t<\/div>\n\t\t\t\t<div class=\"elementor-element elementor-element-19caa04 elementor-widget elementor-widget-image\" data-id=\"19caa04\" data-element_type=\"widget\" data-e-type=\"widget\" data-widget_type=\"image.default\">\n\t\t\t\t<div class=\"elementor-widget-container\">\n\t\t\t\t\t\t\t\t\t\t\t\t\t\t\t<img decoding=\"async\" width=\"1\" height=\"1\" src=\"https:\/\/www.scutis.de\/wp-content\/uploads\/2026\/02\/SCUTIS-WEB-23.avif\" class=\"attachment-large size-large wp-image-10665\" alt=\"\" \/>\t\t\t\t\t\t\t\t\t\t\t\t\t\t\t<\/div>\n\t\t\t\t<\/div>\n\t\t\t\t<div class=\"elementor-element elementor-element-c4d0920 elementor-widget elementor-widget-text-editor\" data-id=\"c4d0920\" data-element_type=\"widget\" data-e-type=\"widget\" data-widget_type=\"text-editor.default\">\n\t\t\t\t<div class=\"elementor-widget-container\">\n\t\t\t\t\t\t\t\t\t<h3><!--block-->Unser L\u00f6sungsportfolio<\/h3><p><!--block-->Beratungskonzepte und Compliance Informationssysteme gehen bei uns Hand in Hand und sind so flexibel gestaltet, dass Sie sich jederzeit an die neuen gesetzlichen Gegebenheiten und Normen anpassen k\u00f6nnen. Methodik und Flexibilit\u00e4t sind bei uns Standard beim Projekteinsatz f\u00fcr Compliance Information Management als auch in der Unterst\u00fctzung z.B. beim <a href=\"\/redirect-to-page\/f0ccd0c5-89e4-4ccd-b41e-113d414c981c\"><strong>Datenschutz gem. DSGVO<\/strong><\/a><strong>, <\/strong>bei der <a href=\"\/redirect-to-page\/bdd3a479-73a5-44a9-ae85-2fe613950761\"><strong>Verfahrensdokumentation gem. GoBD<\/strong><\/a> oder auch beim <a href=\"\/redirect-to-page\/16b159a2-52e2-4409-9c3a-b56f8330383a\"><strong>Hinweisgeberschutzsystem gem. HinSchG<\/strong><\/a>.<\/p>\t\t\t\t\t\t\t\t<\/div>\n\t\t\t\t<\/div>\n\t\t\t\t<div class=\"elementor-element elementor-element-7276e89 elementor-widget elementor-widget-image\" data-id=\"7276e89\" data-element_type=\"widget\" data-e-type=\"widget\" data-widget_type=\"image.default\">\n\t\t\t\t<div class=\"elementor-widget-container\">\n\t\t\t\t\t\t\t\t\t\t\t\t\t\t\t<img decoding=\"async\" width=\"1\" height=\"1\" src=\"https:\/\/www.scutis.de\/wp-content\/uploads\/2026\/02\/SCUTIS-WEB-32.avif\" class=\"attachment-large size-large wp-image-10683\" alt=\"\" \/>\t\t\t\t\t\t\t\t\t\t\t\t\t\t\t<\/div>\n\t\t\t\t<\/div>\n\t\t\t\t\t<\/div>\n\t\t\t\t<\/div>\n\t\t<div class=\"elementor-element elementor-element-47e5c8ab e-grid e-con-boxed e-con e-parent\" data-id=\"47e5c8ab\" data-element_type=\"container\" data-e-type=\"container\" data-settings=\"{&quot;background_background&quot;:&quot;classic&quot;}\">\n\t\t\t\t\t<div class=\"e-con-inner\">\n\t\t\t\t<div class=\"elementor-element elementor-element-de91821 elementor-widget elementor-widget-text-editor\" data-id=\"de91821\" data-element_type=\"widget\" data-e-type=\"widget\" data-widget_type=\"text-editor.default\">\n\t\t\t\t<div class=\"elementor-widget-container\">\n\t\t\t\t\t\t\t\t\t<h3 class=\"text-align-center\" style=\"text-align: center;\"><!--block--><span style=\"color: #000000;\">Wir freuen uns auf gute Zusammenarbeit<\/span><\/h3><h5 class=\"text-align-center\"><!--block--><span style=\"color: #000000;\">Sie k\u00f6nnen mit uns Kontakt aufnehmen oder ein pers\u00f6nliches kostenloses Beratungsgespr\u00e4ch bei uns buchen.<\/span><\/h5>\t\t\t\t\t\t\t\t<\/div>\n\t\t\t\t<\/div>\n\t\t\t\t<div class=\"vamtam-has-theme-widget-styles elementor-element elementor-element-268a127c elementor-align-center elementor-widget elementor-widget-button\" data-id=\"268a127c\" data-element_type=\"widget\" data-e-type=\"widget\" data-widget_type=\"button.default\">\n\t\t\t\t<div class=\"elementor-widget-container\">\n\t\t\t\t\t\t\t\t\t<div class=\"elementor-button-wrapper\">\n\t\t\t\t\t<a class=\"elementor-button elementor-button-link elementor-size-sm\" href=\"https:\/\/www.scutis.de\/index.php\/kontakt\/\" target=\"_blank\" rel=\"nofollow\">\n\t\t\t\t\t\t<span class=\"elementor-button-content-wrapper\">\n\t\t\t\t\t\t\t\t\t<span class=\"elementor-button-text\">Kontaktieren Sie uns<\/span>\n\t\t\t\t\t<\/span>\n\t\t\t\t\t<\/a>\n\t\t\t\t<\/div>\n\t\t\t\t\t\t\t\t<\/div>\n\t\t\t\t<\/div>\n\t\t\t\t\t<\/div>\n\t\t\t\t<\/div>\n\t\t\t\t<\/div>\n\t\t","protected":false},"excerpt":{"rendered":"<p>Unsere Leistungen &#8222;Wir sind erfahren, verl\u00e4sslich sowie jederzeit auf gute Ergebnisse fokussiert und wissen es zu sch\u00e4tzen, mit gro\u00dfartigen Kunden zusammenzuarbeiten.&#8220; Dienstleistungen und Services Unser Dienstleistungsportfolio Wir bieten keine Standardl\u00f6sungen f\u00fcr Compliance und Governance. Denn wir wissen: Jeder Kunde ist anders. Deshalb entwickeln wir in enger Absprache mit unseren Kunden individuelle Konzepte in Kombination mit&#8230;<\/p>\n","protected":false},"author":1,"featured_media":0,"parent":0,"menu_order":0,"comment_status":"closed","ping_status":"closed","template":"","meta":{"footnotes":""},"class_list":["post-11198","page","type-page","status-publish","hentry"],"_links":{"self":[{"href":"https:\/\/www.scutis.de\/index.php\/wp-json\/wp\/v2\/pages\/11198","targetHints":{"allow":["GET"]}}],"collection":[{"href":"https:\/\/www.scutis.de\/index.php\/wp-json\/wp\/v2\/pages"}],"about":[{"href":"https:\/\/www.scutis.de\/index.php\/wp-json\/wp\/v2\/types\/page"}],"author":[{"embeddable":true,"href":"https:\/\/www.scutis.de\/index.php\/wp-json\/wp\/v2\/users\/1"}],"replies":[{"embeddable":true,"href":"https:\/\/www.scutis.de\/index.php\/wp-json\/wp\/v2\/comments?post=11198"}],"version-history":[{"count":163,"href":"https:\/\/www.scutis.de\/index.php\/wp-json\/wp\/v2\/pages\/11198\/revisions"}],"predecessor-version":[{"id":14263,"href":"https:\/\/www.scutis.de\/index.php\/wp-json\/wp\/v2\/pages\/11198\/revisions\/14263"}],"wp:attachment":[{"href":"https:\/\/www.scutis.de\/index.php\/wp-json\/wp\/v2\/media?parent=11198"}],"curies":[{"name":"wp","href":"https:\/\/api.w.org\/{rel}","templated":true}]}}