{"id":11147,"date":"2026-02-19T14:19:37","date_gmt":"2026-02-19T14:19:37","guid":{"rendered":"https:\/\/www.scutis.de\/?page_id=11147"},"modified":"2026-02-24T18:34:08","modified_gmt":"2026-02-24T18:34:08","slug":"impressum","status":"publish","type":"page","link":"https:\/\/www.scutis.de\/index.php\/impressum\/","title":{"rendered":"Impressum"},"content":{"rendered":"\t\t<div data-elementor-type=\"wp-page\" data-elementor-id=\"11147\" class=\"elementor elementor-11147\" data-elementor-post-type=\"page\">\n\t\t\t\t<div class=\"elementor-element elementor-element-6de4834f e-flex e-con-boxed e-con e-parent\" data-id=\"6de4834f\" data-element_type=\"container\" data-e-type=\"container\">\n\t\t\t\t\t<div class=\"e-con-inner\">\n\t\t\t\t<div class=\"elementor-element elementor-element-6852ee6 elementor-widget elementor-widget-text-editor\" data-id=\"6852ee6\" data-element_type=\"widget\" data-e-type=\"widget\" data-widget_type=\"text-editor.default\">\n\t\t\t\t<div class=\"elementor-widget-container\">\n\t\t\t\t\t\t\t\t\t\n<!DOCTYPE html><html><head><meta http-equiv=\"Content-Type\" content=\"text\/html; charset=UTF-8\"><title>Impressum<\/title><style>\n.doc-loader>button {\n    display: none;\n}\n.content-preview {\n    display: inherit !important;\n}\n.check {\n    outline: 0;\n    display: inline-block;\n    background-color: #ffffff;\n    border: 2px solid #000;\n    width: 20px;\n    height: 20px;\n    line-height: 1;\n    text-align: center;\n    color: #000; \n}\n<\/style><\/head><body><div  class=\"pdf previewpage printpage p-0\"><!--documentation_header.html-->\n<div class=\"pbi_avoid\"><h1>Impressum<\/h1><p><\/p><\/div><div id=\"vadok_docu_toc\"><\/div><div id=\"vadok_docu_content\">\n<!--documentation.html-->\n\n<!--process_header.html-->\n<div class=\"pb_after_avoid\"><h4 class=\"\" data-header >Firma<\/h4>\n<!--process.html-->\n<div class=\"pb_before_avoid\">\n\n<div class=\"pb_before_avoid\" style=\"display: none\">\n\n<\/div>\n<div class=\"pb_before_avoid\" style=\"display: block\">\n<div data-inline-code-theme=\"red\" data-code-block-theme=\"default\"><p data-lines=\"3\" data-type=\"p\" data-sign=\"75ab170d33ef1118afa7f562b7bf253f3\" class=\"cherry-highlight-line\"><strong>SCUTIS GmbH<\/strong><br>Kronstadter Stra\u00dfe 4<br>81677 M\u00fcnchen<\/p><ul class=\"cherry-list__default\" data-sign=\"c1edccc0dda1ea95cbe9ab96e20a2743\" data-lines=\"4\"><li class=\"cherry-list-item\"><p>Amtsgericht Traunstein: HRB 33219<\/p><\/li><li class=\"cherry-list-item\"><p>E-Mail: info@scutis.de<\/p><\/li><li class=\"cherry-list-item\"><p>Telefon: +49 8031 61 53 122<\/p><\/li><li class=\"cherry-list-item\"><p>UStID: DE318309800<\/p><\/li><\/ul><h5 data-lines=\"2\" data-sign=\"5b83710678faf093b034a1674da220dc\" id=\"geschftsfhrer-und\"><a href=\"#geschftsfhrer-und\" class=\"anchor\"><\/a>Gesch\u00e4ftsf\u00fchrer und<\/h5><p data-lines=\"1\" data-type=\"p\" data-sign=\"ecf245c9b26bfb92ef71ff1da38ab9131\">inhaltlich verantwortlich im Sinne des \u00a7 18 Abs. 2 MStV \/ \u00a7 5 DDG<\/p><p data-lines=\"2\" data-type=\"p\" data-sign=\"57266abd65dc56f10c9a7a773c7379c32\">Hans-Peter Wolf &#8211; Adresse siehe oben<\/p><h5 data-lines=\"2\" data-sign=\"f1834b4898b8bf501120f14d7ac16475\" id=\"bildnachweis\"><a href=\"#bildnachweis\" class=\"anchor\"><\/a>Bildnachweis<\/h5><p data-lines=\"2\" data-type=\"p\" data-sign=\"e3afef25c7daca5e808c308e345920c82\">Wir verwenden die Bilder aus dem stock.adobe.com<\/p><h5 data-lines=\"2\" data-sign=\"34481d9800420f02c20495fc302733fd\" id=\"widerspruch-gegen-werbe-e-mails\"><a href=\"#widerspruch-gegen-werbe-e-mails\" class=\"anchor\"><\/a>Widerspruch gegen Werbe-E-Mails<\/h5><p data-lines=\"2\" data-type=\"p\" data-sign=\"88917ab448244201c282171c96d4232f2\">Der Nutzung von im Rahmen der Impressumspflicht ver\u00f6ffentlichten Kontaktdaten zur \u00dcbersendung von nicht ausdr\u00fccklich angeforderter Werbung und Informationsmaterialien wird hiermit widersprochen. Die Betreiber der Seiten behalten sich ausdr\u00fccklich rechtliche Schritte im Falle der unverlangten Zusendung von Werbeinformationen, etwa durch Spam-E-Mails, vor.<\/p><h5 data-lines=\"2\" data-sign=\"0afebe9a821ddee25057b2aa42244230\" id=\"haftung-fr-links\"><a href=\"#haftung-fr-links\" class=\"anchor\"><\/a>Haftung f\u00fcr Links<\/h5><p data-lines=\"2\" data-type=\"p\" data-sign=\"047065b40f8cf7920e9526504549c5512\">Unser Angebot enth\u00e4lt Links zu externen Webseiten Dritter, auf deren Inhalte wir keinen Einfluss haben. Deshalb k\u00f6nnen wir f\u00fcr diese fremden Inhalte auch keine Gew\u00e4hr \u00fcbernehmen. Verantwortlich f\u00fcr die Inhalte der verlinkten Seiten ist stets der jeweilige Anbieter oder Betreiber der Seiten.  Zum Zeitpunkt der Verlinkung wurden die verlinkten Seiten auf m\u00f6gliche Rechtsverst\u00f6\u00dfe \u00fcberpr\u00fcft. Zum Zeitpunkt der Verlinkung waren rechtswidrige Inhalte nicht erkennbar. Eine st\u00e4ndige inhaltliche Kontrolle der verlinkten Seiten ist jedoch ohne konkrete Anhaltspunkte einer Rechtsverletzung nicht zumutbar. Wir werden derartige Links bei Bekanntwerden von Rechtsverletzungen umgehend entfernen.<\/p><h5 data-lines=\"2\" data-sign=\"3a0049301bf0007f9b30c646656daec9\" id=\"haftung-fr-inhalte\"><a href=\"#haftung-fr-inhalte\" class=\"anchor\"><\/a>Haftung f\u00fcr Inhalte<\/h5><p data-lines=\"3\" data-type=\"p\" data-sign=\"2a166b914d53821a75f3eb9e9906e3363\">Als Diensteanbieter sind wir gem\u00e4\u00df \u00a7 7 DDG f\u00fcr eigene Inhalte auf diesen Seiten nach den allgemeinen Gesetzen verantwortlich. Nach \u00a7\u00a7 8\u201310 DDG sind wir jedoch nicht verpflichtet, \u00fcbermittelte oder gespeicherte fremde Informationen zu \u00fcberwachen oder nach Umst\u00e4nden zu forschen, die auf eine rechtswidrige T\u00e4tigkeit hinweisen.<br>Verpflichtungen zur Entfernung oder Sperrung der Nutzung von Informationen nach den allgemeinen Gesetzen bleiben hiervon unber\u00fchrt. Eine Haftung ist jedoch erst ab dem Zeitpunkt der Kenntnis einer konkreten Rechtsverletzung m\u00f6glich. Bei Bekanntwerden entsprechender Rechtsverletzungen entfernen wir diese Inhalte umgehend.<\/p><h5 data-lines=\"2\" data-sign=\"9c59dad4ffe0c1206be4cf644e49a198\" id=\"markenrechte\"><a href=\"#markenrechte\" class=\"anchor\"><\/a>Markenrechte<\/h5><p data-lines=\"2\" data-type=\"p\" data-sign=\"d510fde287de6ae9c16eb5be0e8268d52\">Alle auf dieser Website genannten Produktnamen, Produktbezeichnungen und Logos sind eingetragene Warenzeichen und Eigentum der jeweiligen Rechteinhaber.<\/p><h5 data-lines=\"2\" data-sign=\"e790264aadf8e6593e320f92de3406de\" id=\"urheberrecht\"><a href=\"#urheberrecht\" class=\"anchor\"><\/a>Urheberrecht<\/h5><p data-lines=\"3\" data-type=\"p\" data-sign=\"e6cb31a175a3df891b1edb6984a2ad713\">Die durch uns erstellten Inhalte und Werke auf diesen Seite unterliegen dem deutschen Urheberrecht. Die Vervielfa\u0308ltigung, Bearbeitung, Verbreitung und jede Art der Verwertung au\u00dferhalb der Grenzen des Urheberrechtes bedu\u0308rfen der schriftlichen Zustimmung des Autors bzw. Erstellers. Downloads und Kopien dieser Seite sind nur fu\u0308r den privaten, nicht kommerziellen Gebrauch gestattet.<br>Soweit die Inhalte auf dieser Seite nicht von uns erstellt wurden, werden die Urheberrechte Dritter beachtet. Insbesondere werden Inhalte Dritter als solche gekennzeichnet. Sollten ein Besucher unserer Seite trotzdem auf eine Urheberrechtsverletzung aufmerksam werden, bitten wir um einen entsprechenden Hinweis. Wir werden derartige Inhalte bei Bekanntwerden von Rechtsverletzungen umgehend entfernen.<\/p><h5 data-lines=\"2\" data-sign=\"a4aff6466299d363932b8101e3bc2d34\" id=\"streitbeilegung\"><a href=\"#streitbeilegung\" class=\"anchor\"><\/a>Streitbeilegung<\/h5><p data-lines=\"2\" data-type=\"p\" data-sign=\"d4908ff08018b6175d788bd715d8dc0a2\">Zur Teilnahme an einem Streitbeilegungsverfahren vor einer Verbraucherschlichtungsstelle sind wir nicht verpflichtet und nicht bereit.<\/p><\/div>\n<\/div>\n<\/div>\n<!--process_footer.html-->\n<\/div>\n<!--documentation_footer.html-->\n\n<\/div>\n\t\t\t\t\t\t\t\t<\/div>\n\t\t\t\t<\/div>\n\t\t\t\t\t<\/div>\n\t\t\t\t<\/div>\n\t\t\t\t<\/div>\n\t\t","protected":false},"excerpt":{"rendered":"","protected":false},"author":1,"featured_media":0,"parent":0,"menu_order":0,"comment_status":"closed","ping_status":"closed","template":"","meta":{"footnotes":""},"class_list":["post-11147","page","type-page","status-publish","hentry"],"_links":{"self":[{"href":"https:\/\/www.scutis.de\/index.php\/wp-json\/wp\/v2\/pages\/11147","targetHints":{"allow":["GET"]}}],"collection":[{"href":"https:\/\/www.scutis.de\/index.php\/wp-json\/wp\/v2\/pages"}],"about":[{"href":"https:\/\/www.scutis.de\/index.php\/wp-json\/wp\/v2\/types\/page"}],"author":[{"embeddable":true,"href":"https:\/\/www.scutis.de\/index.php\/wp-json\/wp\/v2\/users\/1"}],"replies":[{"embeddable":true,"href":"https:\/\/www.scutis.de\/index.php\/wp-json\/wp\/v2\/comments?post=11147"}],"version-history":[{"count":4,"href":"https:\/\/www.scutis.de\/index.php\/wp-json\/wp\/v2\/pages\/11147\/revisions"}],"predecessor-version":[{"id":12696,"href":"https:\/\/www.scutis.de\/index.php\/wp-json\/wp\/v2\/pages\/11147\/revisions\/12696"}],"wp:attachment":[{"href":"https:\/\/www.scutis.de\/index.php\/wp-json\/wp\/v2\/media?parent=11147"}],"curies":[{"name":"wp","href":"https:\/\/api.w.org\/{rel}","templated":true}]}}